{"id":5043,"date":"2020-02-12T19:19:18","date_gmt":"2020-02-12T16:19:18","guid":{"rendered":"https:\/\/skyfibertech.com\/?page_id=5043"},"modified":"2026-01-08T12:54:26","modified_gmt":"2026-01-08T09:54:26","slug":"kablo-ufleme-makineleri","status":"publish","type":"page","link":"https:\/\/skyfibertech.com\/tr\/kablo-ufleme-makineleri\/","title":{"rendered":"Kablo \u00dcfleme Makinalar\u0131"},"content":{"rendered":"<div class=\"wpb-content-wrapper\"><p>[vc_row css=&#8221;.vc_custom_1540962548235{margin-bottom: 30px !important;}&#8221;][vc_column offset=&#8221;vc_col-lg-9 vc_col-md-9&#8243;][stm_services posts_per_page=&#8221;12&#8243; posts_per_row=&#8221;3&#8243; category=&#8221;fiber-blowing-machines&#8221; service_cat=&#8221;&#8221; service_more=&#8221;yes&#8221;][vc_separator][vc_column_text]<\/p>\n<h2 style=\"text-align: center;\">Fiber optik <strong>kablo \u00fcfleme makinesi<\/strong> se\u00e7erken dikkat edilmesi gereken noktalar.<\/h2>\n<p><a href=\"https:\/\/skyfibertech.com\/tr\/nasil-kullanilir-fiber-optik-kablo-ufleme-makineleri\/\">Telekom\u00fcnikasyon<\/a> sekt\u00f6r\u00fc, geli\u015fen teknoloji ve zorlu \u00e7al\u0131\u015fma ko\u015fullar\u0131 ile birlikte yeniliklerle b\u00fcy\u00fcmektedir. Bu ba\u011flamda <em>fiber kablo \u00fcfleme makinalar\u0131nda<\/em> tecr\u00fcbemiz \u00e7ok \u00f6nemlidir. Her zorluk yenilikle birlikte gelir. Fiber kablolar\u0131 HDPE borular\u0131n i\u00e7ine rahatl\u0131kla \u00fcfleyebilirsiniz.<\/p>\n<p>Her <a href=\"https:\/\/www.skyfibertech.com\/\"><strong>kablo \u00fcfleme makinesi<\/strong><\/a> i\u00e7in, kablolar\u0131n\u0131z ince ise, kal\u0131n kablo \u00e7aplar\u0131 i\u00e7in d\u00fc\u015f\u00fck torklu bir makine vard\u0131r, makine g\u00fcc\u00fcn\u00fcz o kadar y\u00fcksek olur. Daha detayl\u0131 bilgi ile inceleyelim.<\/p>\n<h3>Fiber Optik Kablo Makinalar\u0131 Genel \u00d6zellikleri<\/h3>\n<p><img decoding=\"async\" class=\"alignnone wp-image-61151 size-full lazyload\" data-src=\"https:\/\/skyfibertech.com\/wp-content\/uploads\/2022\/09\/Fiber-Optic-Cable-Machines-Feautures-.jpg\" alt=\"Fiber Optik Kablo Makinalar\u0131 \u00d6zellikleri\" width=\"1980\" height=\"1400\" data-srcset=\"https:\/\/skyfibertech.com\/wp-content\/uploads\/2022\/09\/Fiber-Optic-Cable-Machines-Feautures-.jpg 1980w, https:\/\/skyfibertech.com\/wp-content\/uploads\/2022\/09\/Fiber-Optic-Cable-Machines-Feautures--300x212.jpg 300w, https:\/\/skyfibertech.com\/wp-content\/uploads\/2022\/09\/Fiber-Optic-Cable-Machines-Feautures--1024x724.jpg 1024w, https:\/\/skyfibertech.com\/wp-content\/uploads\/2022\/09\/Fiber-Optic-Cable-Machines-Feautures--768x543.jpg 768w, https:\/\/skyfibertech.com\/wp-content\/uploads\/2022\/09\/Fiber-Optic-Cable-Machines-Feautures--1536x1086.jpg 1536w, https:\/\/skyfibertech.com\/wp-content\/uploads\/2022\/09\/Fiber-Optic-Cable-Machines-Feautures--900x636.jpg 900w\" data-sizes=\"auto\" src=\"data:image\/svg+xml;base64,PHN2ZyB3aWR0aD0iMSIgaGVpZ2h0PSIxIiB4bWxucz0iaHR0cDovL3d3dy53My5vcmcvMjAwMC9zdmciPjwvc3ZnPg==\" style=\"--smush-placeholder-width: 1980px; --smush-placeholder-aspect-ratio: 1980\/1400;\" data-original-sizes=\"(max-width: 1980px) 100vw, 1980px\" \/><\/p>\n<h3>\u00dcfleme fiber kablo \u00e7aplar\u0131<\/h3>\n<ul>\n<li><span style=\"text-decoration: underline;\"><strong>DrillSKY,<\/strong><\/span> fiber kablolar\u0131 1 mm&#8217;den 6 mm&#8217;ye kadar \u00fcfler. DrillSKY, <strong>delme makinesi<\/strong> ile g\u00fc\u00e7 al\u0131r ve tekerleklere verir. Makinalar HDPE borular\u0131n i\u00e7ine 1500 metreye kadar \u00fcfleyebilmektedir. Kablo \u00e7ap\u0131n\u0131z ne kadar kal\u0131nsa \u00fcfleme mesafeniz o kadar k\u0131sa olacakt\u0131r. HDPE boru i\u00e7erisindeki s\u00fcrt\u00fcnmenin de \u00e7ok \u00f6nemli oldu\u011funu belirtmeliyiz. Daha iyi \u00fcflemek i\u00e7in daha fazlas\u0131n\u0131 vermelisin.<\/li>\n<li><strong><u>MicroSKY,<\/u><\/strong> 1 mm&#8217;den 6 mm&#8217;ye kadar kablolar\u0131 patlat\u0131r. Hava kompres\u00f6r\u00fc <strong>elektrik motoru<\/strong> ile \u00e7al\u0131\u015fmaktad\u0131r. MicroSKY t\u00fcm \u00f6zellikleri bar\u0131nd\u0131r\u0131r. 1mm&#8217;den b\u00fcy\u00fck ve daha b\u00fcy\u00fck \u00e7ap i\u00e7eren fiber kablolar i\u00e7in tavsiye edilir.<\/li>\n<li><strong><u>DynoSKY,<\/u><\/strong> 1 mm&#8217;den 3 mm&#8217;ye kadar kablolar\u0131 \u00fcfler. Hava kompres\u00f6r\u00fc <strong>hava motoru<\/strong> ile \u00e7al\u0131\u015fma. MicroSKY t\u00fcm \u00f6zellikleri bar\u0131nd\u0131r\u0131r. 1mm&#8217;den b\u00fcy\u00fck ve daha b\u00fcy\u00fck \u00e7ap i\u00e7eren fiber kablolar i\u00e7in tavsiye edilir.<\/li>\n<li>2,5 mm&#8217;den 16 mm&#8217;ye kadar darbeli <strong><u>MiniSKY<\/u><\/strong> fiber optik kablolar. <strong>1 adet hava motoru<\/strong> vard\u0131r. Mekanik di\u015fli sisteminden gelen g\u00fc\u00e7, birbirine ba\u011fl\u0131 \u00fcst ve alt kay\u0131\u015f sistemini e\u015f zamanl\u0131 hareket ettirir. Bu, daha b\u00fcy\u00fck \u00e7aplar i\u00e7in daha y\u00fcksek g\u00fc\u00e7 sa\u011flar. T\u00fcm makinelerde oldu\u011fu gibi MINISKY i\u00e7in de y\u00fcksek bas\u0131n\u00e7 gereklidir. Fiber kablo 4000 metreye kadar \u00fcflenir. Tavsiye edilen minimum bas\u0131n\u00e7 15 bar 1mt^3\/dak hava beslemesidir.<\/li>\n<li>6mm&#8217;den 24mm&#8217;ye kadar <span style=\"text-decoration: underline;\"><strong>SKYJET<\/strong><\/span> fiber optik kablolar\u0131 \u00fcflenir. 2 adet haval\u0131 motor ile y\u00fcksek g\u00fc\u00e7 elde edilmektedir. \u0130ki kay\u0131\u015fl\u0131 sistem iki ayr\u0131 hava motoru ile tahrik edilmektedir. Hava motoru kompres\u00f6rden gelen hava ile \u00e7al\u0131\u015f\u0131r. \u0130nce kablolar i\u00e7in idealdir. Minimum 12 bar 10 metrek\u00fcp\/dakika hava verilir. Tek \u00e7ekimde 6000 metreye kadar kablo \u00fcfler.<\/li>\n<li><span style=\"text-decoration: underline;\"><strong>HydroSKY<\/strong><\/span> 6 mm&#8217;den 24 mm&#8217;ye kadar <em>fiber kablolar\u0131<\/em> \u00fcfler. 2 adet hidrolik motor ile \u00e7al\u0131\u015fmaktad\u0131r. <strong>Hidrolik motorlar<\/strong> g\u00fcc\u00fcn\u00fc hidrolik g\u00fc\u00e7 \u00fcnitesinden al\u0131r ( <a href=\"http:\/\/www.honda-engines-eu.com\/engine-model-details?e=17\">Honda Gx270 ile<\/a> ). Maksimum g\u00fc\u00e7le, en b\u00fcy\u00fck fiber optik kablolar\u0131 kolayca delip ge\u00e7ebilirsiniz. HydroSKY&#8217;nin kendi hidrolik g\u00fc\u00e7 \u00fcnitesi vard\u0131r. Ayr\u0131ca ayr\u0131 olarak da sat\u0131n alabilirsiniz (sadece g\u00fc\u00e7 \u00fcnitesi veya \u00fcfleme makinesi \u00fcnitesi). Tek at\u0131\u015fta 6000 metreye kadar patlayabilir. \u00d6nerilen minimum bas\u0131n\u00e7 12 bar 10 metrek\u00fcp\/dakika.<\/li>\n<\/ul>\n<p>Zamandan ve emekten tasarruf edin. Sizi Kocaeli&#8217;deki fabrikam\u0131za davet ediyoruz.<\/p>\n<figure id=\"attachment_5105\" aria-describedby=\"caption-attachment-5105\" style=\"width: 600px\" class=\"wp-caption aligncenter\"><img decoding=\"async\" class=\"wp-image-5099 lazyload\" data-src=\"https:\/\/skyfibertech.com\/wp-content\/uploads\/2020\/02\/Hydrosky-by-Allame-Makina.jpg\" alt=\"Allame Makina'dan Hydrosky\" width=\"600\" height=\"400\" data-srcset=\"https:\/\/skyfibertech.com\/wp-content\/uploads\/2020\/02\/Hydrosky-by-Allame-Makina.jpg 1000w, https:\/\/skyfibertech.com\/wp-content\/uploads\/2020\/02\/Hydrosky-by-Allame-Makina-300x200.jpg 300w, https:\/\/skyfibertech.com\/wp-content\/uploads\/2020\/02\/Hydrosky-by-Allame-Makina-768x512.jpg 768w\" data-sizes=\"auto\" src=\"data:image\/svg+xml;base64,PHN2ZyB3aWR0aD0iMSIgaGVpZ2h0PSIxIiB4bWxucz0iaHR0cDovL3d3dy53My5vcmcvMjAwMC9zdmciPjwvc3ZnPg==\" style=\"--smush-placeholder-width: 600px; --smush-placeholder-aspect-ratio: 600\/400;\" data-original-sizes=\"(max-width: 600px) 100vw, 600px\" \/><figcaption id=\"caption-attachment-5105\" class=\"wp-caption-text\">Allame Makina&#8217;dan Hydrosky<\/figcaption><\/figure>\n<p><img decoding=\"async\" class=\"alignnone wp-image-61158 size-full lazyload\" data-src=\"https:\/\/skyfibertech.com\/wp-content\/uploads\/2022\/09\/allame-cable-blowing-machines-.jpg\" alt=\"allame kablo \u00fcfleme makineleri\" width=\"1100\" height=\"1100\" data-srcset=\"https:\/\/skyfibertech.com\/wp-content\/uploads\/2022\/09\/allame-cable-blowing-machines-.jpg 1100w, https:\/\/skyfibertech.com\/wp-content\/uploads\/2022\/09\/allame-cable-blowing-machines--300x300.jpg 300w, https:\/\/skyfibertech.com\/wp-content\/uploads\/2022\/09\/allame-cable-blowing-machines--1024x1024.jpg 1024w, https:\/\/skyfibertech.com\/wp-content\/uploads\/2022\/09\/allame-cable-blowing-machines--150x150.jpg 150w, https:\/\/skyfibertech.com\/wp-content\/uploads\/2022\/09\/allame-cable-blowing-machines--768x768.jpg 768w, https:\/\/skyfibertech.com\/wp-content\/uploads\/2022\/09\/allame-cable-blowing-machines--50x50.jpg 50w, https:\/\/skyfibertech.com\/wp-content\/uploads\/2022\/09\/allame-cable-blowing-machines--320x320.jpg 320w, https:\/\/skyfibertech.com\/wp-content\/uploads\/2022\/09\/allame-cable-blowing-machines--900x900.jpg 900w\" data-sizes=\"auto\" src=\"data:image\/svg+xml;base64,PHN2ZyB3aWR0aD0iMSIgaGVpZ2h0PSIxIiB4bWxucz0iaHR0cDovL3d3dy53My5vcmcvMjAwMC9zdmciPjwvc3ZnPg==\" style=\"--smush-placeholder-width: 1100px; --smush-placeholder-aspect-ratio: 1100\/1100;\" data-original-sizes=\"(max-width: 1100px) 100vw, 1100px\" \/>[\/vc_column_text][\/vc_column][vc_column width=&#8221;1\/4&#8243; offset=&#8221;vc_hidden-sm vc_hidden-xs&#8221;][stm_sidebar sidebar=&#8221;13159&#8243;][\/vc_column][\/vc_row][vc_row full_width=&#8221;stretch_row&#8221; css=&#8221;.vc_custom_1459505959648{margin-bottom: -60px !important;}&#8221; el_class=&#8221;third_bg_color&#8221;][vc_column][vc_cta h2=&#8221;If you need more info!&#8221; h2_font_container=&#8221;tag:h2|font_size:24px|text_align:left|color:%23ffffff|line_height:24px&#8221; h2_use_theme_fonts=&#8221;yes&#8221; shape=&#8221;square&#8221; style=&#8221;flat&#8221; color=&#8221;white&#8221; add_button=&#8221;right&#8221; btn_title=&#8221;get a quote!&#8221; btn_style=&#8221;flat&#8221; btn_color=&#8221;theme_style_2&#8243; btn_size=&#8221;lg&#8221; btn_align=&#8221;right&#8221; particles=&#8221;yes&#8221; use_custom_fonts_h2=&#8221;true&#8221; btn_link=&#8221;url:https%3A%2F%2Fskyfibertech.com%2Fcontact-us%2F|title:Contact%20Us||rel:nofollow&#8221; el_class=&#8221;third_bg_color&#8221; css=&#8221;.vc_custom_1620477623081{margin-bottom: 0px !important;}&#8221;]<span style=\"color: #ffffff;\">Makinalar\u0131m\u0131z hakk\u0131nda daha fazla bilgi almak i\u00e7in h\u0131zl\u0131 ileti\u015fim formumuzu kullanabilirsiniz. Mevcut kataloglar, foto\u011fraflar, videolar ve daha fazlas\u0131\u2026<\/span>[\/vc_cta][\/vc_column][\/vc_row]<\/p>\n<\/div>","protected":false},"excerpt":{"rendered":"<p>[vc_row css=&#8221;.vc_custom_1540962548235{margin-bottom: 30px !important;}&#8221;][vc_column offset=&#8221;vc_col-lg-9 vc_col-md-9&#8243;][stm_services posts_per_page=&#8221;12&#8243; posts_per_row=&#8221;3&#8243; category=&#8221;fiber-blowing-machines&#8221; service_cat=&#8221;&#8221; service_more=&#8221;yes&#8221;][vc_separator][vc_column_text] Fiber optik kablo \u00fcfleme makinesi se\u00e7erken dikkat edilmesi gereken noktalar. Telekom\u00fcnikasyon sekt\u00f6r\u00fc, geli\u015fen teknoloji ve zorlu \u00e7al\u0131\u015fma ko\u015fullar\u0131 ile birlikte yeniliklerle b\u00fcy\u00fcmektedir. Bu ba\u011flamda fiber kablo \u00fcfleme makinalar\u0131nda tecr\u00fcbemiz \u00e7ok \u00f6nemlidir. Her zorluk yenilikle birlikte gelir. Fiber kablolar\u0131 HDPE borular\u0131n i\u00e7ine rahatl\u0131kla \u00fcfleyebilirsiniz. Her<\/p>\n","protected":false},"author":1,"featured_media":5044,"parent":0,"menu_order":0,"comment_status":"closed","ping_status":"closed","template":"","meta":{"_joinchat":[],"footnotes":""},"class_list":["post-5043","page","type-page","status-publish","has-post-thumbnail","hentry"],"yoast_head":"<!-- This site is optimized with the Yoast SEO Premium plugin v26.6 (Yoast SEO v27.5) - https:\/\/yoast.com\/product\/yoast-seo-premium-wordpress\/ -->\n<title>Kablo \u00dcfleme Makinalar\u0131 - Kablo P\u00fcsk\u00fcrtme Makineleri, Fiber y\u00fczd\u00fcrme makinesi!<\/title>\n<meta name=\"description\" content=\"Fiber y\u00fczd\u00fcrme makineleri sekt\u00f6r\u00fc, fiber optik kablo \u00fcfleme makinesi se\u00e7erken dikkat edilmesi gereken noktalarla b\u00fcy\u00fcyor.\" \/>\n<meta name=\"robots\" content=\"index, follow, max-snippet:-1, max-image-preview:large, max-video-preview:-1\" \/>\n<link rel=\"canonical\" href=\"https:\/\/skyfibertech.com\/tr\/kablo-ufleme-makineleri\/\" \/>\n<meta property=\"og:locale\" content=\"tr_TR\" \/>\n<meta property=\"og:type\" content=\"article\" \/>\n<meta property=\"og:title\" content=\"Kablo \u00dcfleme Makinalar\u0131\" \/>\n<meta property=\"og:description\" content=\"Fiber y\u00fczd\u00fcrme makineleri sekt\u00f6r\u00fc, fiber optik kablo \u00fcfleme makinesi se\u00e7erken dikkat edilmesi gereken noktalarla b\u00fcy\u00fcyor.\" \/>\n<meta property=\"og:url\" content=\"https:\/\/skyfibertech.com\/tr\/kablo-ufleme-makineleri\/\" \/>\n<meta property=\"og:site_name\" content=\"Fiber Cable Blowing Machines Manufacturer!\" \/>\n<meta property=\"article:publisher\" content=\"https:\/\/www.facebook.com\/skyfibertech\/\" \/>\n<meta property=\"article:modified_time\" content=\"2026-01-08T09:54:26+00:00\" \/>\n<meta property=\"og:image\" content=\"https:\/\/skyfibertech.com\/wp-content\/uploads\/2020\/01\/MiniSKY-scaled.jpg\" \/>\n\t<meta property=\"og:image:width\" content=\"2560\" \/>\n\t<meta property=\"og:image:height\" content=\"1737\" \/>\n\t<meta property=\"og:image:type\" content=\"image\/jpeg\" \/>\n<meta name=\"twitter:label1\" content=\"Tahmini okuma s\u00fcresi\" \/>\n\t<meta name=\"twitter:data1\" content=\"3 dakika\" \/>\n<script type=\"application\/ld+json\" class=\"yoast-schema-graph\">{\"@context\":\"https:\\\/\\\/schema.org\",\"@graph\":[{\"@type\":\"WebPage\",\"@id\":\"https:\\\/\\\/skyfibertech.com\\\/tr\\\/kablo-ufleme-makineleri\\\/\",\"url\":\"https:\\\/\\\/skyfibertech.com\\\/tr\\\/kablo-ufleme-makineleri\\\/\",\"name\":\"Kablo \u00dcfleme Makinalar\u0131 - Kablo P\u00fcsk\u00fcrtme Makineleri, Fiber y\u00fczd\u00fcrme makinesi!\",\"isPartOf\":{\"@id\":\"https:\\\/\\\/skyfibertech.com\\\/tr\\\/#website\"},\"primaryImageOfPage\":{\"@id\":\"https:\\\/\\\/skyfibertech.com\\\/tr\\\/kablo-ufleme-makineleri\\\/#primaryimage\"},\"image\":{\"@id\":\"https:\\\/\\\/skyfibertech.com\\\/tr\\\/kablo-ufleme-makineleri\\\/#primaryimage\"},\"thumbnailUrl\":\"https:\\\/\\\/skyfibertech.com\\\/wp-content\\\/uploads\\\/2020\\\/01\\\/MiniSKY-scaled.jpg\",\"datePublished\":\"2020-02-12T16:19:18+00:00\",\"dateModified\":\"2026-01-08T09:54:26+00:00\",\"description\":\"Fiber y\u00fczd\u00fcrme makineleri sekt\u00f6r\u00fc, fiber optik kablo \u00fcfleme makinesi se\u00e7erken dikkat edilmesi gereken noktalarla b\u00fcy\u00fcyor.\",\"breadcrumb\":{\"@id\":\"https:\\\/\\\/skyfibertech.com\\\/tr\\\/kablo-ufleme-makineleri\\\/#breadcrumb\"},\"inLanguage\":\"tr\",\"potentialAction\":[{\"@type\":\"ReadAction\",\"target\":[\"https:\\\/\\\/skyfibertech.com\\\/tr\\\/kablo-ufleme-makineleri\\\/\"]}]},{\"@type\":\"ImageObject\",\"inLanguage\":\"tr\",\"@id\":\"https:\\\/\\\/skyfibertech.com\\\/tr\\\/kablo-ufleme-makineleri\\\/#primaryimage\",\"url\":\"https:\\\/\\\/skyfibertech.com\\\/wp-content\\\/uploads\\\/2020\\\/01\\\/MiniSKY-scaled.jpg\",\"contentUrl\":\"https:\\\/\\\/skyfibertech.com\\\/wp-content\\\/uploads\\\/2020\\\/01\\\/MiniSKY-scaled.jpg\",\"width\":2560,\"height\":1737,\"caption\":\"Microduct \u00fcfleme makinas\u0131 MiniSKY!\"},{\"@type\":\"BreadcrumbList\",\"@id\":\"https:\\\/\\\/skyfibertech.com\\\/tr\\\/kablo-ufleme-makineleri\\\/#breadcrumb\",\"itemListElement\":[{\"@type\":\"ListItem\",\"position\":1,\"name\":\"Home\",\"item\":\"https:\\\/\\\/skyfibertech.com\\\/tr\\\/\"},{\"@type\":\"ListItem\",\"position\":2,\"name\":\"Kablo \u00dcfleme Makinalar\u0131\"}]},{\"@type\":\"WebSite\",\"@id\":\"https:\\\/\\\/skyfibertech.com\\\/tr\\\/#website\",\"url\":\"https:\\\/\\\/skyfibertech.com\\\/tr\\\/\",\"name\":\"Fiber Cable Blowing Machine Manufacturer Turkiye!\",\"description\":\"Cable Blowing Machines for telecomunication industry!\",\"publisher\":{\"@id\":\"https:\\\/\\\/skyfibertech.com\\\/tr\\\/#organization\"},\"alternateName\":\"Skyfibertech Allame Makina!\",\"potentialAction\":[{\"@type\":\"SearchAction\",\"target\":{\"@type\":\"EntryPoint\",\"urlTemplate\":\"https:\\\/\\\/skyfibertech.com\\\/tr\\\/?s={search_term_string}\"},\"query-input\":{\"@type\":\"PropertyValueSpecification\",\"valueRequired\":true,\"valueName\":\"search_term_string\"}}],\"inLanguage\":\"tr\"},{\"@type\":\"Organization\",\"@id\":\"https:\\\/\\\/skyfibertech.com\\\/tr\\\/#organization\",\"name\":\"Allame Skyfibertech Fiber Blowing Machine\",\"alternateName\":\"Cable Blowing Machine Manufacturer\",\"url\":\"https:\\\/\\\/skyfibertech.com\\\/tr\\\/\",\"logo\":{\"@type\":\"ImageObject\",\"inLanguage\":\"tr\",\"@id\":\"https:\\\/\\\/skyfibertech.com\\\/tr\\\/#\\\/schema\\\/logo\\\/image\\\/\",\"url\":\"https:\\\/\\\/skyfibertech.com\\\/wp-content\\\/uploads\\\/2019\\\/06\\\/Skyfibertech-logo-359px.png\",\"contentUrl\":\"https:\\\/\\\/skyfibertech.com\\\/wp-content\\\/uploads\\\/2019\\\/06\\\/Skyfibertech-logo-359px.png\",\"width\":359,\"height\":60,\"caption\":\"Allame Skyfibertech Fiber Blowing Machine\"},\"image\":{\"@id\":\"https:\\\/\\\/skyfibertech.com\\\/tr\\\/#\\\/schema\\\/logo\\\/image\\\/\"},\"sameAs\":[\"https:\\\/\\\/www.facebook.com\\\/skyfibertech\\\/\",\"https:\\\/\\\/x.com\\\/SkyFiberTech1\",\"https:\\\/\\\/www.instagram.com\\\/allamemakina\",\"https:\\\/\\\/www.linkedin.com\\\/company\\\/cable-blowing-machines\\\/\",\"https:\\\/\\\/www.youtube.com\\\/@skyfibertech\\\/videos\"],\"publishingPrinciples\":\"https:\\\/\\\/skyfibertech.com\\\/privacy-policy\\\/\",\"ownershipFundingInfo\":\"https:\\\/\\\/skyfibertech.com\\\/who-we-are\\\/\",\"actionableFeedbackPolicy\":\"https:\\\/\\\/skyfibertech.com\\\/contact-us\\\/\"}]}<\/script>\n<!-- \/ Yoast SEO Premium plugin. -->","yoast_head_json":{"title":"Kablo \u00dcfleme Makinalar\u0131 - Kablo P\u00fcsk\u00fcrtme Makineleri, Fiber y\u00fczd\u00fcrme makinesi!","description":"Fiber y\u00fczd\u00fcrme makineleri sekt\u00f6r\u00fc, fiber optik kablo \u00fcfleme makinesi se\u00e7erken dikkat edilmesi gereken noktalarla b\u00fcy\u00fcyor.","robots":{"index":"index","follow":"follow","max-snippet":"max-snippet:-1","max-image-preview":"max-image-preview:large","max-video-preview":"max-video-preview:-1"},"canonical":"https:\/\/skyfibertech.com\/tr\/kablo-ufleme-makineleri\/","og_locale":"tr_TR","og_type":"article","og_title":"Kablo \u00dcfleme Makinalar\u0131","og_description":"Fiber y\u00fczd\u00fcrme makineleri sekt\u00f6r\u00fc, fiber optik kablo \u00fcfleme makinesi se\u00e7erken dikkat edilmesi gereken noktalarla b\u00fcy\u00fcyor.","og_url":"https:\/\/skyfibertech.com\/tr\/kablo-ufleme-makineleri\/","og_site_name":"Fiber Cable Blowing Machines Manufacturer!","article_publisher":"https:\/\/www.facebook.com\/skyfibertech\/","article_modified_time":"2026-01-08T09:54:26+00:00","og_image":[{"width":2560,"height":1737,"url":"https:\/\/skyfibertech.com\/wp-content\/uploads\/2020\/01\/MiniSKY-scaled.jpg","type":"image\/jpeg"}],"twitter_misc":{"Tahmini okuma s\u00fcresi":"3 dakika"},"schema":{"@context":"https:\/\/schema.org","@graph":[{"@type":"WebPage","@id":"https:\/\/skyfibertech.com\/tr\/kablo-ufleme-makineleri\/","url":"https:\/\/skyfibertech.com\/tr\/kablo-ufleme-makineleri\/","name":"Kablo \u00dcfleme Makinalar\u0131 - Kablo P\u00fcsk\u00fcrtme Makineleri, Fiber y\u00fczd\u00fcrme makinesi!","isPartOf":{"@id":"https:\/\/skyfibertech.com\/tr\/#website"},"primaryImageOfPage":{"@id":"https:\/\/skyfibertech.com\/tr\/kablo-ufleme-makineleri\/#primaryimage"},"image":{"@id":"https:\/\/skyfibertech.com\/tr\/kablo-ufleme-makineleri\/#primaryimage"},"thumbnailUrl":"https:\/\/skyfibertech.com\/wp-content\/uploads\/2020\/01\/MiniSKY-scaled.jpg","datePublished":"2020-02-12T16:19:18+00:00","dateModified":"2026-01-08T09:54:26+00:00","description":"Fiber y\u00fczd\u00fcrme makineleri sekt\u00f6r\u00fc, fiber optik kablo \u00fcfleme makinesi se\u00e7erken dikkat edilmesi gereken noktalarla b\u00fcy\u00fcyor.","breadcrumb":{"@id":"https:\/\/skyfibertech.com\/tr\/kablo-ufleme-makineleri\/#breadcrumb"},"inLanguage":"tr","potentialAction":[{"@type":"ReadAction","target":["https:\/\/skyfibertech.com\/tr\/kablo-ufleme-makineleri\/"]}]},{"@type":"ImageObject","inLanguage":"tr","@id":"https:\/\/skyfibertech.com\/tr\/kablo-ufleme-makineleri\/#primaryimage","url":"https:\/\/skyfibertech.com\/wp-content\/uploads\/2020\/01\/MiniSKY-scaled.jpg","contentUrl":"https:\/\/skyfibertech.com\/wp-content\/uploads\/2020\/01\/MiniSKY-scaled.jpg","width":2560,"height":1737,"caption":"Microduct \u00fcfleme makinas\u0131 MiniSKY!"},{"@type":"BreadcrumbList","@id":"https:\/\/skyfibertech.com\/tr\/kablo-ufleme-makineleri\/#breadcrumb","itemListElement":[{"@type":"ListItem","position":1,"name":"Home","item":"https:\/\/skyfibertech.com\/tr\/"},{"@type":"ListItem","position":2,"name":"Kablo \u00dcfleme Makinalar\u0131"}]},{"@type":"WebSite","@id":"https:\/\/skyfibertech.com\/tr\/#website","url":"https:\/\/skyfibertech.com\/tr\/","name":"Fiber Cable Blowing Machine Manufacturer Turkiye!","description":"Cable Blowing Machines for telecomunication industry!","publisher":{"@id":"https:\/\/skyfibertech.com\/tr\/#organization"},"alternateName":"Skyfibertech Allame Makina!","potentialAction":[{"@type":"SearchAction","target":{"@type":"EntryPoint","urlTemplate":"https:\/\/skyfibertech.com\/tr\/?s={search_term_string}"},"query-input":{"@type":"PropertyValueSpecification","valueRequired":true,"valueName":"search_term_string"}}],"inLanguage":"tr"},{"@type":"Organization","@id":"https:\/\/skyfibertech.com\/tr\/#organization","name":"Allame Skyfibertech Fiber Blowing Machine","alternateName":"Cable Blowing Machine Manufacturer","url":"https:\/\/skyfibertech.com\/tr\/","logo":{"@type":"ImageObject","inLanguage":"tr","@id":"https:\/\/skyfibertech.com\/tr\/#\/schema\/logo\/image\/","url":"https:\/\/skyfibertech.com\/wp-content\/uploads\/2019\/06\/Skyfibertech-logo-359px.png","contentUrl":"https:\/\/skyfibertech.com\/wp-content\/uploads\/2019\/06\/Skyfibertech-logo-359px.png","width":359,"height":60,"caption":"Allame Skyfibertech Fiber Blowing Machine"},"image":{"@id":"https:\/\/skyfibertech.com\/tr\/#\/schema\/logo\/image\/"},"sameAs":["https:\/\/www.facebook.com\/skyfibertech\/","https:\/\/x.com\/SkyFiberTech1","https:\/\/www.instagram.com\/allamemakina","https:\/\/www.linkedin.com\/company\/cable-blowing-machines\/","https:\/\/www.youtube.com\/@skyfibertech\/videos"],"publishingPrinciples":"https:\/\/skyfibertech.com\/privacy-policy\/","ownershipFundingInfo":"https:\/\/skyfibertech.com\/who-we-are\/","actionableFeedbackPolicy":"https:\/\/skyfibertech.com\/contact-us\/"}]}},"_links":{"self":[{"href":"https:\/\/skyfibertech.com\/tr\/wp-json\/wp\/v2\/pages\/5043","targetHints":{"allow":["GET"]}}],"collection":[{"href":"https:\/\/skyfibertech.com\/tr\/wp-json\/wp\/v2\/pages"}],"about":[{"href":"https:\/\/skyfibertech.com\/tr\/wp-json\/wp\/v2\/types\/page"}],"author":[{"embeddable":true,"href":"https:\/\/skyfibertech.com\/tr\/wp-json\/wp\/v2\/users\/1"}],"replies":[{"embeddable":true,"href":"https:\/\/skyfibertech.com\/tr\/wp-json\/wp\/v2\/comments?post=5043"}],"version-history":[{"count":1,"href":"https:\/\/skyfibertech.com\/tr\/wp-json\/wp\/v2\/pages\/5043\/revisions"}],"predecessor-version":[{"id":215333,"href":"https:\/\/skyfibertech.com\/tr\/wp-json\/wp\/v2\/pages\/5043\/revisions\/215333"}],"wp:featuredmedia":[{"embeddable":true,"href":"https:\/\/skyfibertech.com\/tr\/wp-json\/wp\/v2\/media\/5044"}],"wp:attachment":[{"href":"https:\/\/skyfibertech.com\/tr\/wp-json\/wp\/v2\/media?parent=5043"}],"curies":[{"name":"wp","href":"https:\/\/api.w.org\/{rel}","templated":true}]}}