{"id":106013,"date":"2023-07-01T17:18:45","date_gmt":"2023-07-01T14:18:45","guid":{"rendered":"https:\/\/skyfibertech.com\/yatay-delme-makinesi\/"},"modified":"2023-07-01T17:18:46","modified_gmt":"2023-07-01T14:18:46","slug":"yatay-delme-makinesi","status":"publish","type":"page","link":"https:\/\/skyfibertech.com\/tr\/yatay-delme-makinesi\/","title":{"rendered":"Yatay Delme Makinesi"},"content":{"rendered":"<div class=\"wpb-content-wrapper\"><p>[vc_row][vc_column width=&#8221;3\/4&#8243;][vc_single_image image=&#8221;21466&#8243; img_size=&#8221;full&#8221;][vc_custom_heading text=&#8221;Yatay Delme Makinesi Teknik \u00d6zellikleri&#8221; font_container=&#8221;tag:h3|text_align:left&#8221; use_theme_fonts=&#8221;yes&#8221;][vc_column_text]<\/p>\n<div class=\"page\" title=\"Sayfa 11\">\n<table>\n<colgroup>\n<col>\n<col><\/colgroup>\n<tbody>\n<tr>\n<td>\n<div class=\"page\" title=\"Sayfa 11\">\n<div class=\"section\">\n<div class=\"layoutArea\">\n<div class=\"column\">\n<p><strong>PERFORMANS VER\u0130S\u0130<\/strong><\/p>\n<\/div>\n<\/div>\n<\/div>\n<\/div>\n<\/td>\n<td>\n<div class=\"layoutArea\">\n<div class=\"column\">\n<p><strong>METR\u0130K<\/strong><\/p>\n<\/div>\n<\/div>\n<\/td>\n<\/tr>\n<tr>\n<td>\n<div class=\"layoutArea\">\n<div class=\"column\">\n<p>\u0130tme ve geri \u00e7ekme kuvveti<\/p>\n<\/div>\n<\/div>\n<\/td>\n<td>\n<div class=\"layoutArea\">\n<div class=\"column\">\n<p>55 kN<\/p>\n<\/div>\n<\/div>\n<\/td>\n<\/tr>\n<tr>\n<td>\n<div class=\"layoutArea\">\n<div class=\"column\">\n<p>Kurulum h\u0131z\u0131 (y\u00fcks\u00fcz)<\/p>\n<\/div>\n<\/div>\n<\/td>\n<td>\n<div class=\"layoutArea\">\n<div class=\"column\">\n<p>5 m\/dak<\/p>\n<\/div>\n<\/div>\n<\/td>\n<\/tr>\n<tr>\n<td>\n<div class=\"layoutArea\">\n<div class=\"column\">\n<p>Maks. tork<\/p>\n<\/div>\n<\/div>\n<\/td>\n<td>\n<div class=\"layoutArea\">\n<div class=\"column\">\n<p>1.500 Nm<\/p>\n<\/div>\n<\/div>\n<\/td>\n<\/tr>\n<tr>\n<td>\n<div class=\"layoutArea\">\n<div class=\"column\">\n<p>Maks. i\u015f mili h\u0131z\u0131<\/p>\n<\/div>\n<\/div>\n<\/td>\n<td>\n<div class=\"layoutArea\">\n<div class=\"column\">\n<p>130 devir<\/p>\n<\/div>\n<\/div>\n<\/td>\n<\/tr>\n<tr>\n<td>\n<div class=\"layoutArea\">\n<div class=\"column\">\n<p>Bulama\u00e7 pompas\u0131 (dahil de\u011fildir) Kar\u0131\u015f\u0131m %30<\/p>\n<\/div>\n<\/div>\n<\/td>\n<td>\n<div class=\"layoutArea\">\n<div class=\"column\">\n<p>40 lt\/dk<\/p>\n<\/div>\n<\/div>\n<\/td>\n<\/tr>\n<tr>\n<td>\n<div class=\"layoutArea\">\n<div class=\"column\">\n<p>Delik \u00e7ubu\u011fu<\/p>\n<\/div>\n<\/div>\n<\/td>\n<td>\n<div class=\"layoutArea\">\n<div class=\"column\">\n<p>\u00d8 50 mm<\/p>\n<\/div>\n<\/div>\n<\/td>\n<\/tr>\n<tr>\n<td>\n<div class=\"layoutArea\">\n<div class=\"column\">\n<p>Etkili \u00e7ubuk uzunlu\u011fu<\/p>\n<\/div>\n<\/div>\n<\/td>\n<td>\n<div class=\"layoutArea\">\n<div class=\"column\">\n<p>500 mm<\/p>\n<\/div>\n<\/div>\n<\/td>\n<\/tr>\n<tr>\n<td>\n<div class=\"layoutArea\">\n<div class=\"column\">\n<p>\u00c7ubuk a\u011f\u0131rl\u0131\u011f\u0131<\/p>\n<\/div>\n<\/div>\n<\/td>\n<td>\n<div class=\"layoutArea\">\n<div class=\"column\">\n<p>5,1 kilo<\/p>\n<\/div>\n<\/div>\n<\/td>\n<\/tr>\n<tr>\n<td>\n<div class=\"layoutArea\">\n<div class=\"column\">\n<p>Pilot deli\u011fi<\/p>\n<\/div>\n<\/div>\n<\/td>\n<td>\n<div class=\"layoutArea\">\n<div class=\"column\">\n<p>\u00d8 60 mm<\/p>\n<\/div>\n<\/div>\n<\/td>\n<\/tr>\n<tr>\n<td>\n<div class=\"layoutArea\">\n<div class=\"column\">\n<p>dak. sondaj yar\u0131\u00e7ap\u0131<\/p>\n<\/div>\n<\/div>\n<\/td>\n<td>\n<div class=\"layoutArea\">\n<div class=\"column\">\n<p>36 m<\/p>\n<\/div>\n<\/div>\n<\/td>\n<\/tr>\n<tr>\n<td>\n<div class=\"layoutArea\">\n<div class=\"column\">\n<p>Uzunluk (ta\u015f\u0131ma konumu)<\/p>\n<\/div>\n<\/div>\n<\/td>\n<td>\n<div class=\"layoutArea\">\n<div class=\"column\">\n<p>1450 mm<\/p>\n<\/div>\n<\/div>\n<\/td>\n<\/tr>\n<tr>\n<td>\n<div class=\"layoutArea\">\n<div class=\"column\">\n<p>Geni\u015flik (ta\u015f\u0131ma konumu)<\/p>\n<\/div>\n<\/div>\n<\/td>\n<td>\n<div class=\"layoutArea\">\n<div class=\"column\">\n<p>650 mm<\/p>\n<\/div>\n<\/div>\n<\/td>\n<\/tr>\n<tr>\n<td>\n<div class=\"layoutArea\">\n<div class=\"column\">\n<p>Y\u00fckseklik (ta\u015f\u0131ma konumu)<\/p>\n<\/div>\n<\/div>\n<\/td>\n<td>\n<div class=\"layoutArea\">\n<div class=\"column\">\n<p>750 mm<\/p>\n<\/div>\n<\/div>\n<\/td>\n<\/tr>\n<tr>\n<td>\n<div class=\"layoutArea\">\n<div class=\"column\">\n<p>Uzunluk (\u00e7al\u0131\u015fma konumu)<\/p>\n<\/div>\n<\/div>\n<\/td>\n<td>\n<div class=\"layoutArea\">\n<div class=\"column\">\n<p>1450 mm<\/p>\n<\/div>\n<\/div>\n<\/td>\n<\/tr>\n<tr>\n<td>\n<div class=\"layoutArea\">\n<div class=\"column\">\n<p>Geni\u015flik (\u00e7al\u0131\u015fma konumu)<\/p>\n<\/div>\n<\/div>\n<\/td>\n<td>\n<div class=\"layoutArea\">\n<div class=\"column\">\n<p>900 mm<\/p>\n<\/div>\n<\/div>\n<\/td>\n<\/tr>\n<tr>\n<td>\n<div class=\"layoutArea\">\n<div class=\"column\">\n<p>Y\u00fckseklik (\u00e7al\u0131\u015fma konumu)<\/p>\n<\/div>\n<\/div>\n<\/td>\n<td>\n<div class=\"layoutArea\">\n<div class=\"column\">\n<p>1450 mm<\/p>\n<\/div>\n<\/div>\n<\/td>\n<\/tr>\n<tr>\n<td>\n<div class=\"layoutArea\">\n<div class=\"column\">\n<p>Maks. a\u011f\u0131rl\u0131k<\/p>\n<\/div>\n<\/div>\n<\/td>\n<td>\n<div class=\"layoutArea\">\n<div class=\"column\">\n<p>390 kilo<\/p>\n<\/div>\n<\/div>\n<\/td>\n<\/tr>\n<tr>\n<td>\n<div class=\"layoutArea\">\n<div class=\"column\">\n<p>Y\u00fckseltme \u00d8, zemine ba\u011fl\u0131 olarak<\/p>\n<\/div>\n<\/div>\n<\/td>\n<td>\n<div class=\"layoutArea\">\n<div class=\"column\">\n<p>\u2264 240 mm<\/p>\n<\/div>\n<\/div>\n<\/td>\n<\/tr>\n<tr>\n<td>\n<div class=\"layoutArea\">\n<div class=\"column\">\n<p>D\u0131\u015f boru \u00d8, zemine ba\u011fl\u0131 olarak<\/p>\n<\/div>\n<\/div>\n<\/td>\n<td>\n<div class=\"layoutArea\">\n<div class=\"column\">\n<p>\u2264 200 mm<\/p>\n<\/div>\n<\/div>\n<\/td>\n<\/tr>\n<tr>\n<td>\n<div class=\"layoutArea\">\n<div class=\"column\">\n<p>Delik uzunlu\u011fu, zemine ba\u011fl\u0131 olarak<\/p>\n<\/div>\n<\/div>\n<\/td>\n<td>\n<div class=\"layoutArea\">\n<div class=\"column\">\n<p>\u2264 50 m<\/p>\n<\/div>\n<\/div>\n<\/td>\n<\/tr>\n<tr>\n<td>\n<div class=\"layoutArea\">\n<div class=\"column\">\n<p>olmadan gerekli hidrolik s\u0131v\u0131 hacmi<\/p>\n<\/div>\n<\/div>\n<\/td>\n<td>\n<div class=\"layoutArea\">\n<div class=\"column\">\n<p>50 lt\/dk<\/p>\n<\/div>\n<\/div>\n<\/td>\n<\/tr>\n<tr>\n<td>\n<div class=\"layoutArea\">\n<div class=\"column\">\n<p>ile gerekli hidrolik s\u0131v\u0131 hacmi<\/p>\n<\/div>\n<\/div>\n<\/td>\n<td>\n<div class=\"layoutArea\">\n<div class=\"column\">\n<p>60 lt\/dk<\/p>\n<\/div>\n<\/div>\n<\/td>\n<\/tr>\n<tr>\n<td>\n<div class=\"layoutArea\">\n<div class=\"column\">\n<p>Gerekli maks. hidrolik s\u0131v\u0131 bas\u0131nc\u0131<\/p>\n<\/div>\n<\/div>\n<\/td>\n<td>\n<div class=\"layoutArea\">\n<div class=\"column\">\n<p>250 bar<\/p>\n<\/div>\n<\/div>\n<\/td>\n<\/tr>\n<\/tbody>\n<\/table>\n<\/div>\n<p>[\/vc_column_text][vc_row_inner css=&#8221;.vc_custom_1640604550586{margin-top: 55px !important;padding-bottom: 55px !important;}&#8221;][vc_column_inner][vc_custom_heading icon_size=&#8221;13px&#8221; text=&#8221;Foto\u011fraf Galerisi&#8221; font_container=&#8221;tag:h3|text_align:left&#8221; use_theme_fonts=&#8221;yes&#8221;][vc_gallery images=&#8221;21471,21475,21479,21483,21487&#8243;][\/vc_column_inner][\/vc_row_inner][\/vc_column][vc_column width=&#8221;1\/4&#8243;][stm_sidebar sidebar=&#8221;577&#8243;][\/vc_column][\/vc_row][vc_row full_width=&#8221;stretch_row&#8221; el_class=&#8221;third_bg_color&#8221; css=&#8221;.vc_custom_1613819148181{margin-bottom: -60px !important;}&#8221;][vc_column][vc_cta h2=&#8221;If you need more info!&#8221; h2_font_container=&#8221;font_size:24px|color:%23ffffff|line_height:24px&#8221; h2_use_theme_fonts=&#8221;yes&#8221; shape=&#8221;square&#8221; style=&#8221;flat&#8221; color=&#8221;white&#8221; add_button=&#8221;right&#8221; btn_title=&#8221;Click here to contact us!&#8221; btn_style=&#8221;flat&#8221; btn_color=&#8221;theme_style_2&#8243; btn_size=&#8221;lg&#8221; btn_align=&#8221;right&#8221; btn_i_align=&#8221;right&#8221; btn_i_icon_fontawesome=&#8221;fas fa-headset&#8221; use_custom_fonts_h2=&#8221;true&#8221; btn_add_icon=&#8221;true&#8221; btn_link=&#8221;url:https%3A%2F%2Fskyfibertech.com%2Fcontact-us%2F&#8221; el_class=&#8221;third_bg_color&#8221; css=&#8221;.vc_custom_1613818730619{margin-bottom: 0px !important;}&#8221;]<span style=\"color: #ffffff;\">Makinalar\u0131m\u0131z hakk\u0131nda daha fazla bilgi almak i\u00e7in h\u0131zl\u0131 ileti\u015fim formumuzu kullanabilirsiniz. Mevcut kataloglar, foto\u011fraflar, videolar ve daha fazlas\u0131\u2026<\/span>[\/vc_cta][\/vc_column][\/vc_row]<\/p>\n<\/div>","protected":false},"excerpt":{"rendered":"<p>[vc_row][vc_column width=&#8221;3\/4&#8243;][vc_single_image image=&#8221;21466&#8243; img_size=&#8221;full&#8221;][vc_custom_heading text=&#8221;Yatay Delme Makinesi Teknik \u00d6zellikleri&#8221; font_container=&#8221;tag:h3|text_align:left&#8221; use_theme_fonts=&#8221;yes&#8221;][vc_column_text] PERFORMANS VER\u0130S\u0130 METR\u0130K \u0130tme ve geri \u00e7ekme kuvveti 55 kN Kurulum h\u0131z\u0131 (y\u00fcks\u00fcz) 5 m\/dak Maks. tork 1.500 Nm Maks. i\u015f mili h\u0131z\u0131 130 devir Bulama\u00e7 pompas\u0131 (dahil de\u011fildir) Kar\u0131\u015f\u0131m %30 40 lt\/dk Delik \u00e7ubu\u011fu \u00d8 50 mm Etkili \u00e7ubuk uzunlu\u011fu 500 mm \u00c7ubuk<\/p>\n","protected":false},"author":1,"featured_media":0,"parent":0,"menu_order":0,"comment_status":"closed","ping_status":"closed","template":"","meta":{"_joinchat":[],"footnotes":""},"class_list":["post-106013","page","type-page","status-publish","hentry"],"yoast_head":"<!-- This site is optimized with the Yoast SEO Premium plugin v26.6 (Yoast SEO v27.5) - https:\/\/yoast.com\/product\/yoast-seo-premium-wordpress\/ -->\n<title>Yatay Delme Makinesi<\/title>\n<meta name=\"robots\" content=\"index, follow, max-snippet:-1, max-image-preview:large, max-video-preview:-1\" \/>\n<link rel=\"canonical\" href=\"https:\/\/skyfibertech.com\/tr\/yatay-delme-makinesi\/\" \/>\n<meta property=\"og:locale\" content=\"tr_TR\" \/>\n<meta property=\"og:type\" content=\"article\" \/>\n<meta property=\"og:title\" content=\"Yatay Delme Makinesi\" \/>\n<meta property=\"og:description\" content=\"[vc_row][vc_column width=&#8221;3\/4&#8243;][vc_single_image image=&#8221;21466&#8243; img_size=&#8221;full&#8221;][vc_custom_heading text=&#8221;Yatay Delme Makinesi Teknik \u00d6zellikleri&#8221; font_container=&#8221;tag:h3|text_align:left&#8221; use_theme_fonts=&#8221;yes&#8221;][vc_column_text] PERFORMANS VER\u0130S\u0130 METR\u0130K \u0130tme ve geri \u00e7ekme kuvveti 55 kN Kurulum h\u0131z\u0131 (y\u00fcks\u00fcz) 5 m\/dak Maks. tork 1.500 Nm Maks. i\u015f mili h\u0131z\u0131 130 devir Bulama\u00e7 pompas\u0131 (dahil de\u011fildir) Kar\u0131\u015f\u0131m %30 40 lt\/dk Delik \u00e7ubu\u011fu \u00d8 50 mm Etkili \u00e7ubuk uzunlu\u011fu 500 mm \u00c7ubuk\" \/>\n<meta property=\"og:url\" content=\"https:\/\/skyfibertech.com\/tr\/yatay-delme-makinesi\/\" \/>\n<meta property=\"og:site_name\" content=\"Fiber Cable Blowing Machines Manufacturer!\" \/>\n<meta property=\"article:publisher\" content=\"https:\/\/www.facebook.com\/skyfibertech\/\" \/>\n<meta property=\"article:modified_time\" content=\"2023-07-01T14:18:46+00:00\" \/>\n<meta property=\"og:image\" content=\"https:\/\/skyfibertech.com\/wp-content\/uploads\/2021\/08\/fibre-optic-blowing-machines.jpg\" \/>\n\t<meta property=\"og:image:width\" content=\"1000\" \/>\n\t<meta property=\"og:image:height\" content=\"667\" \/>\n\t<meta property=\"og:image:type\" content=\"image\/jpeg\" \/>\n<meta name=\"twitter:label1\" content=\"Tahmini okuma s\u00fcresi\" \/>\n\t<meta name=\"twitter:data1\" content=\"2 dakika\" \/>\n<script type=\"application\/ld+json\" class=\"yoast-schema-graph\">{\"@context\":\"https:\\\/\\\/schema.org\",\"@graph\":[{\"@type\":\"WebPage\",\"@id\":\"https:\\\/\\\/skyfibertech.com\\\/tr\\\/yatay-delme-makinesi\\\/\",\"url\":\"https:\\\/\\\/skyfibertech.com\\\/tr\\\/yatay-delme-makinesi\\\/\",\"name\":\"Yatay Delme Makinesi\",\"isPartOf\":{\"@id\":\"https:\\\/\\\/skyfibertech.com\\\/tr\\\/#website\"},\"datePublished\":\"2023-07-01T14:18:45+00:00\",\"dateModified\":\"2023-07-01T14:18:46+00:00\",\"breadcrumb\":{\"@id\":\"https:\\\/\\\/skyfibertech.com\\\/tr\\\/yatay-delme-makinesi\\\/#breadcrumb\"},\"inLanguage\":\"tr\",\"potentialAction\":[{\"@type\":\"ReadAction\",\"target\":[\"https:\\\/\\\/skyfibertech.com\\\/tr\\\/yatay-delme-makinesi\\\/\"]}]},{\"@type\":\"BreadcrumbList\",\"@id\":\"https:\\\/\\\/skyfibertech.com\\\/tr\\\/yatay-delme-makinesi\\\/#breadcrumb\",\"itemListElement\":[{\"@type\":\"ListItem\",\"position\":1,\"name\":\"Home\",\"item\":\"https:\\\/\\\/skyfibertech.com\\\/tr\\\/\"},{\"@type\":\"ListItem\",\"position\":2,\"name\":\"Yatay Delme Makinesi\"}]},{\"@type\":\"WebSite\",\"@id\":\"https:\\\/\\\/skyfibertech.com\\\/tr\\\/#website\",\"url\":\"https:\\\/\\\/skyfibertech.com\\\/tr\\\/\",\"name\":\"Fiber Cable Blowing Machine Manufacturer Turkiye!\",\"description\":\"Cable Blowing Machines for telecomunication industry!\",\"publisher\":{\"@id\":\"https:\\\/\\\/skyfibertech.com\\\/tr\\\/#organization\"},\"alternateName\":\"Skyfibertech Allame Makina!\",\"potentialAction\":[{\"@type\":\"SearchAction\",\"target\":{\"@type\":\"EntryPoint\",\"urlTemplate\":\"https:\\\/\\\/skyfibertech.com\\\/tr\\\/?s={search_term_string}\"},\"query-input\":{\"@type\":\"PropertyValueSpecification\",\"valueRequired\":true,\"valueName\":\"search_term_string\"}}],\"inLanguage\":\"tr\"},{\"@type\":\"Organization\",\"@id\":\"https:\\\/\\\/skyfibertech.com\\\/tr\\\/#organization\",\"name\":\"Allame Skyfibertech Fiber Blowing Machine\",\"alternateName\":\"Cable Blowing Machine Manufacturer\",\"url\":\"https:\\\/\\\/skyfibertech.com\\\/tr\\\/\",\"logo\":{\"@type\":\"ImageObject\",\"inLanguage\":\"tr\",\"@id\":\"https:\\\/\\\/skyfibertech.com\\\/tr\\\/#\\\/schema\\\/logo\\\/image\\\/\",\"url\":\"https:\\\/\\\/skyfibertech.com\\\/wp-content\\\/uploads\\\/2019\\\/06\\\/Skyfibertech-logo-359px.png\",\"contentUrl\":\"https:\\\/\\\/skyfibertech.com\\\/wp-content\\\/uploads\\\/2019\\\/06\\\/Skyfibertech-logo-359px.png\",\"width\":359,\"height\":60,\"caption\":\"Allame Skyfibertech Fiber Blowing Machine\"},\"image\":{\"@id\":\"https:\\\/\\\/skyfibertech.com\\\/tr\\\/#\\\/schema\\\/logo\\\/image\\\/\"},\"sameAs\":[\"https:\\\/\\\/www.facebook.com\\\/skyfibertech\\\/\",\"https:\\\/\\\/x.com\\\/SkyFiberTech1\",\"https:\\\/\\\/www.instagram.com\\\/allamemakina\",\"https:\\\/\\\/www.linkedin.com\\\/company\\\/cable-blowing-machines\\\/\",\"https:\\\/\\\/www.youtube.com\\\/@skyfibertech\\\/videos\"],\"publishingPrinciples\":\"https:\\\/\\\/skyfibertech.com\\\/privacy-policy\\\/\",\"ownershipFundingInfo\":\"https:\\\/\\\/skyfibertech.com\\\/who-we-are\\\/\",\"actionableFeedbackPolicy\":\"https:\\\/\\\/skyfibertech.com\\\/contact-us\\\/\"}]}<\/script>\n<!-- \/ Yoast SEO Premium plugin. -->","yoast_head_json":{"title":"Yatay Delme Makinesi","robots":{"index":"index","follow":"follow","max-snippet":"max-snippet:-1","max-image-preview":"max-image-preview:large","max-video-preview":"max-video-preview:-1"},"canonical":"https:\/\/skyfibertech.com\/tr\/yatay-delme-makinesi\/","og_locale":"tr_TR","og_type":"article","og_title":"Yatay Delme Makinesi","og_description":"[vc_row][vc_column width=&#8221;3\/4&#8243;][vc_single_image image=&#8221;21466&#8243; img_size=&#8221;full&#8221;][vc_custom_heading text=&#8221;Yatay Delme Makinesi Teknik \u00d6zellikleri&#8221; font_container=&#8221;tag:h3|text_align:left&#8221; use_theme_fonts=&#8221;yes&#8221;][vc_column_text] PERFORMANS VER\u0130S\u0130 METR\u0130K \u0130tme ve geri \u00e7ekme kuvveti 55 kN Kurulum h\u0131z\u0131 (y\u00fcks\u00fcz) 5 m\/dak Maks. tork 1.500 Nm Maks. i\u015f mili h\u0131z\u0131 130 devir Bulama\u00e7 pompas\u0131 (dahil de\u011fildir) Kar\u0131\u015f\u0131m %30 40 lt\/dk Delik \u00e7ubu\u011fu \u00d8 50 mm Etkili \u00e7ubuk uzunlu\u011fu 500 mm \u00c7ubuk","og_url":"https:\/\/skyfibertech.com\/tr\/yatay-delme-makinesi\/","og_site_name":"Fiber Cable Blowing Machines Manufacturer!","article_publisher":"https:\/\/www.facebook.com\/skyfibertech\/","article_modified_time":"2023-07-01T14:18:46+00:00","og_image":[{"width":1000,"height":667,"url":"https:\/\/skyfibertech.com\/wp-content\/uploads\/2021\/08\/fibre-optic-blowing-machines.jpg","type":"image\/jpeg"}],"twitter_misc":{"Tahmini okuma s\u00fcresi":"2 dakika"},"schema":{"@context":"https:\/\/schema.org","@graph":[{"@type":"WebPage","@id":"https:\/\/skyfibertech.com\/tr\/yatay-delme-makinesi\/","url":"https:\/\/skyfibertech.com\/tr\/yatay-delme-makinesi\/","name":"Yatay Delme Makinesi","isPartOf":{"@id":"https:\/\/skyfibertech.com\/tr\/#website"},"datePublished":"2023-07-01T14:18:45+00:00","dateModified":"2023-07-01T14:18:46+00:00","breadcrumb":{"@id":"https:\/\/skyfibertech.com\/tr\/yatay-delme-makinesi\/#breadcrumb"},"inLanguage":"tr","potentialAction":[{"@type":"ReadAction","target":["https:\/\/skyfibertech.com\/tr\/yatay-delme-makinesi\/"]}]},{"@type":"BreadcrumbList","@id":"https:\/\/skyfibertech.com\/tr\/yatay-delme-makinesi\/#breadcrumb","itemListElement":[{"@type":"ListItem","position":1,"name":"Home","item":"https:\/\/skyfibertech.com\/tr\/"},{"@type":"ListItem","position":2,"name":"Yatay Delme Makinesi"}]},{"@type":"WebSite","@id":"https:\/\/skyfibertech.com\/tr\/#website","url":"https:\/\/skyfibertech.com\/tr\/","name":"Fiber Cable Blowing Machine Manufacturer Turkiye!","description":"Cable Blowing Machines for telecomunication industry!","publisher":{"@id":"https:\/\/skyfibertech.com\/tr\/#organization"},"alternateName":"Skyfibertech Allame Makina!","potentialAction":[{"@type":"SearchAction","target":{"@type":"EntryPoint","urlTemplate":"https:\/\/skyfibertech.com\/tr\/?s={search_term_string}"},"query-input":{"@type":"PropertyValueSpecification","valueRequired":true,"valueName":"search_term_string"}}],"inLanguage":"tr"},{"@type":"Organization","@id":"https:\/\/skyfibertech.com\/tr\/#organization","name":"Allame Skyfibertech Fiber Blowing Machine","alternateName":"Cable Blowing Machine Manufacturer","url":"https:\/\/skyfibertech.com\/tr\/","logo":{"@type":"ImageObject","inLanguage":"tr","@id":"https:\/\/skyfibertech.com\/tr\/#\/schema\/logo\/image\/","url":"https:\/\/skyfibertech.com\/wp-content\/uploads\/2019\/06\/Skyfibertech-logo-359px.png","contentUrl":"https:\/\/skyfibertech.com\/wp-content\/uploads\/2019\/06\/Skyfibertech-logo-359px.png","width":359,"height":60,"caption":"Allame Skyfibertech Fiber Blowing Machine"},"image":{"@id":"https:\/\/skyfibertech.com\/tr\/#\/schema\/logo\/image\/"},"sameAs":["https:\/\/www.facebook.com\/skyfibertech\/","https:\/\/x.com\/SkyFiberTech1","https:\/\/www.instagram.com\/allamemakina","https:\/\/www.linkedin.com\/company\/cable-blowing-machines\/","https:\/\/www.youtube.com\/@skyfibertech\/videos"],"publishingPrinciples":"https:\/\/skyfibertech.com\/privacy-policy\/","ownershipFundingInfo":"https:\/\/skyfibertech.com\/who-we-are\/","actionableFeedbackPolicy":"https:\/\/skyfibertech.com\/contact-us\/"}]}},"_links":{"self":[{"href":"https:\/\/skyfibertech.com\/tr\/wp-json\/wp\/v2\/pages\/106013","targetHints":{"allow":["GET"]}}],"collection":[{"href":"https:\/\/skyfibertech.com\/tr\/wp-json\/wp\/v2\/pages"}],"about":[{"href":"https:\/\/skyfibertech.com\/tr\/wp-json\/wp\/v2\/types\/page"}],"author":[{"embeddable":true,"href":"https:\/\/skyfibertech.com\/tr\/wp-json\/wp\/v2\/users\/1"}],"replies":[{"embeddable":true,"href":"https:\/\/skyfibertech.com\/tr\/wp-json\/wp\/v2\/comments?post=106013"}],"version-history":[{"count":0,"href":"https:\/\/skyfibertech.com\/tr\/wp-json\/wp\/v2\/pages\/106013\/revisions"}],"wp:attachment":[{"href":"https:\/\/skyfibertech.com\/tr\/wp-json\/wp\/v2\/media?parent=106013"}],"curies":[{"name":"wp","href":"https:\/\/api.w.org\/{rel}","templated":true}]}}