{"id":105938,"date":"2023-07-01T17:15:08","date_gmt":"2023-07-01T14:15:08","guid":{"rendered":"https:\/\/skyfibertech.com\/biz-kimiz\/"},"modified":"2023-07-01T17:15:09","modified_gmt":"2023-07-01T14:15:09","slug":"biz-kimiz","status":"publish","type":"page","link":"https:\/\/skyfibertech.com\/tr\/biz-kimiz\/","title":{"rendered":"Biz Kimiz?"},"content":{"rendered":"<div class=\"wpb-content-wrapper\"><p>[vc_row css=&#8221;.vc_custom_1459506276575{margin-bottom: 100px !important;}&#8221;][vc_column offset=&#8221;vc_col-lg-9 vc_col-md-9&#8243;][vc_single_image image=&#8221;9843&#8243; img_size=&#8221;full&#8221;][vc_separator][vc_column_text]<\/p>\n<h2>SKYFIBERTECH ALLAME MAK\u0130NA<\/h2>\n<p>SKYFIBERTECH, fiber optik kablo \u00fcfleme makinelerinin lider \u00fcreticisidir. Makinelerimiz, fiber optik kabloyu mevcut kanallara veya yeni kanal sistemlerine h\u0131zl\u0131 ve verimli bir \u015fekilde \u00fcflemek i\u00e7in tasarlanm\u0131\u015ft\u0131r. Farkl\u0131 ihtiya\u00e7lara ve b\u00fct\u00e7elere uyacak \u015fekilde tasarlanm\u0131\u015f geni\u015f bir model yelpazemiz var. Ayr\u0131ca makinenizin do\u011fru ve verimli \u00e7al\u0131\u015fmas\u0131n\u0131 sa\u011flamak i\u00e7in \u00e7e\u015fitli aksesuarlar ve hizmetler sunuyoruz. Makinelerimiz, kullan\u0131c\u0131 dostu aray\u00fczlerle tasarlanm\u0131\u015f ve dayan\u0131kl\u0131l\u0131k i\u00e7in \u00fcretilmi\u015ftir. Fiber optik kablo \u00fcfleme makineleri ile fiber optik tesisatlar\u0131n\u0131z\u0131n h\u0131z\u0131n\u0131 ve verimini art\u0131rabilirsiniz.<\/p>\n<p>Firmam\u0131z kuruldu\u011fu g\u00fcnden beri <strong>telekom\u00fcnikasyon<\/strong> sekt\u00f6r\u00fcnde <a href=\"https:\/\/skyfibertech.com\/services\/skyjet-fiber-blowing-machines\/\"><strong>fiber \u00fcfleme makinas\u0131<\/strong><\/a> i\u015fletmecili\u011fi yapmaktad\u0131r. Firmam\u0131z kurulu\u015fundan bug\u00fcne kadar \u00fcst\u00fcn hizmet kalitesi ve m\u00fc\u015fteri memnuniyetinin \u00f6nc\u00fc firmalar\u0131ndan biri olmaya devam etmektedir.<\/p>\n<p>2002 y\u0131l\u0131ndan itibaren Kocaeli&#8217;de yedek par\u00e7a ve aksamlar\u0131 imalat\u0131na ba\u015flad\u0131k. Biz esas olarak; Otomotiv, Telekom\u00fcnikasyon ve End\u00fcstriyel Ekipmanlar &amp; yedek par\u00e7a imalat\u0131.<\/p>\n<p>Alt\u0131 y\u0131l sonra \u0130stanbul fabrikam\u0131zda elyaf \u00fcfleme makinalar\u0131 ve yedek par\u00e7a imalat\u0131na ba\u015flad\u0131k. Son zamanlarda,<\/p>\n<p>Allame Makina<span class=\"C-9\">  <\/span>Telekom sekt\u00f6r\u00fc i\u00e7in yeni bir fabrikan\u0131n yeni in\u015fa edilen ekipmanlarla donat\u0131lmas\u0131 konusunda yeni bir m\u00fc\u015fteriye yard\u0131mc\u0131 olma f\u0131rsat\u0131 verildi. Bizden talep, mevcut \u00fcretim ekipmanlar\u0131na \u00e7ok benzer bir operasyonda ekipman tasarlamam\u0131z ve in\u015fa etmemizdi.<\/p>\n<p>\u015eimdi; sadece fiber optik kablo \u00fcfleme makinalar\u0131 ve yedek par\u00e7a imalat\u0131nda uzmanla\u015fm\u0131\u015f durumday\u0131z. T\u00fcm par\u00e7alar &amp; Tasar\u0131m &amp; Ar-Ge fabrikam\u0131zda ve m\u00fchendislerimiz ile %100 el yap\u0131m\u0131 nitelikli makineler geli\u015ftiriyoruz.<\/p>\n<blockquote><p>Fiber Optik Kablo \u00dcfleme Makinesi (Allame Makina), T\u00dcRK\u0130YE&#8217;de \u00fcretici.<\/p><\/blockquote>\n<p>Hizmetlerimiz aras\u0131nda; <a href=\"https:\/\/skyfibertech.com\/news-from-fiber-tech\/\">makine<\/a> yedek par\u00e7a imalat\u0131, komple bir makine imalat\u0131, makine par\u00e7alar\u0131n\u0131n stoklanmas\u0131, komponentleri veya sistemlerin geli\u015ftirilmesi ile birlikte makinelerin geli\u015ftirilmesi Ar-Ge faaliyetleridir.[\/vc_column_text][vc_gallery images=&#8221;4746,4747,4748,4749,4752&#8243; title=&#8221;Allame Makina Sertifikalar\u0131&#8221;][vc_separator][vc_column_text css=&#8221;.vc_custom_1591810665416{margin-top: 45px !important;}&#8221;]<strong>Vizyonumuz<\/strong><\/p>\n<ul>\n<li>K\u00e2rl\u0131 ve s\u00fcrd\u00fcr\u00fclebilir b\u00fcy\u00fcmeyi, uzun vadeli m\u00fc\u015fteri ve \u00e7al\u0131\u015fan memnuniyetini sa\u011flamay\u0131 ve ayn\u0131 zamanda memnuniyetini ama\u00e7lar.<\/li>\n<\/ul>\n<blockquote><p><strong>15 y\u0131l<\/strong> i\u00e7inde 70&#8217;den fazla \u00fclkeye ve 4500&#8217;den fazla memnun m\u00fc\u015fteriye makine ihra\u00e7 ediyoruz.<\/p><\/blockquote>\n<p><strong>G\u00f6revimiz<\/strong><\/p>\n<ul>\n<li>Y\u00fcksek standartlarda, kaliteli hizmet zaman\u0131nda m\u00fc\u015fterilerimizin memnuniyetini en \u00fcst d\u00fczeye \u00e7\u0131karmak ve haklar\u0131na sayg\u0131 duymak. \u00dcr\u00fcnlerimiz, \u00e7\u00f6z\u00fcmlerimiz, sat\u0131\u015f sonras\u0131 hizmetlerimiz ile m\u00fc\u015fterilerimize g\u00fcven ve y\u00fcksek i\u015f ahlak\u0131 ile \u00e7al\u0131\u015fanlar\u0131m\u0131z ve m\u00fc\u015fterilerimiz i\u00e7in de\u011fer yaratan bir \u015firket olmak i\u00e7in ilk tercih olarak sunmaktay\u0131z.<\/li>\n<\/ul>\n<p><strong>Kalite<\/strong> <strong>Politikam\u0131z<\/strong><\/p>\n<ul>\n<li>Bu do\u011frultuda \u00f6ncelikli faaliyet olarak m\u00fc\u015fteri memnuniyetini esas alan <a href=\"https:\/\/telecoms.com\/\">telekom<\/a> i\u00e7in \u00fcr\u00fcn ve hizmet sa\u011flamakt\u0131r.<\/li>\n<\/ul>\n<p><em><strong>Bu y\u00fczden,<\/strong><\/em><\/p>\n<p>\u2022 Kalite y\u00f6netim sistemi \u015fartlar\u0131na uymak, faaliyeti s\u00fcrd\u00fcrmek.<\/p>\n<p>\u2022 Etik, de\u011ferler, sayg\u0131 ve tak\u0131m ruhu ile m\u00fc\u015fteri memnuniyetini art\u0131rma potansiyeli.<\/p>\n<p>\u2022 Personel memnuniyetini ve e\u011fitimini s\u00fcrekli iyile\u015ftirerek end\u00fcstrinin rekabet g\u00fcc\u00fcn\u00fc art\u0131rmak.<\/p>\n<p>\u2022 \u00c7al\u0131\u015fanlar\u0131m\u0131zla, m\u00fc\u015fterilerimizle, tedarik\u00e7ilerimizle uzun vadeli i\u015fbirli\u011fi yapmayan kurum ve kurulu\u015flar\u0131m\u0131za ba\u011fl\u0131l\u0131klar\u0131n\u0131 art\u0131rmak.<\/p>\n<p>\u2022 \u0130lgili yasa ve standartlar\u0131n h\u00fck\u00fcmleri \u00e7er\u00e7evesinde ihracat yapmak.<\/p>\n<p>Daha fazla bilgi i\u00e7in l\u00fctfen bizimle ileti\u015fime ge\u00e7in \u2013&gt; <a href=\"https:\/\/skyfibertech.com\/contact-us\/\">Kablo \u00dcfleme Makinalar\u0131<\/a>[\/vc_column_text][vc_column_text]<\/p>\n<h3 style=\"text-align: center;\">D\u00dcNYA&#8217;day\u0131z!<\/h3>\n<p> <!-- start Fla-shop.com HTML5 Map --> <div class='freeHtmlMapbottom htmlMapResponsive' style='max-width:900px; width: 100%'> <div id='map-container-0' class='freeHtmlMapContainer' data-map-variable='map0'><\/div> <link href='https:\/\/skyfibertech.com\/wp-content\/plugins\/html5-maps\/static\/css\/map.css' rel='stylesheet'> <style> body .fm-tooltip { color: #000000; font-size: 20px; } <\/style> <script src='\/\/cdn.html5maps.com\/3d_party\/raphael.min.js'><\/script> <script src='https:\/\/skyfibertech.com\/index.php?freemap_js_data=true&map_id=0&r=68161'><\/script> <script src='\/\/cdn.html5maps.com\/libs\/locator\/2.4.8\/world\/map.js'><\/script> <script> var map0 = new FlaMap(map_cfg); map0.drawOnDomReady('map-container-0'); map0.on('click', function(ev, sid, map) { jQuery('#freeHtmlMapStateInfo0').html(''); var link = map.mapConfig.map_data[sid]['link']; if (link == '#info') { var id = map.mapConfig.map_data[sid]['id']; jQuery('#freeHtmlMapStateInfo0').html('Loading...'); jQuery.ajax({ type: 'POST', url: 'https:\/\/skyfibertech.com\/index.php?freemap_get_state_info='+id+'&map_id=0', success: function(data, textStatus, jqXHR){ jQuery('#freeHtmlMapStateInfo0').html(data); }, dataType: 'text' }); } }); <\/script> <div id='freeHtmlMapStateInfo0' class='freeHtmlMapStateInfo'><\/div> <\/div> <div style='clear: both'><\/div> <!-- end HTML5 Map --> [\/vc_column_text][vc_row_inner css=&#8221;.vc_custom_1455886051719{margin-bottom: 10px !important;}&#8221;][vc_column_inner width=&#8221;1\/2&#8243;][stm_icon_box hide_title_line=&#8221;hide_title_line&#8221; enable_hexagon=&#8221;enable&#8221; enable_hexagon_animation=&#8221;enable&#8221; icon=&#8221;stm-airplane&#8221; style=&#8221;icon_left&#8221; icon_size=&#8221;15&#8243; icon_width=&#8221;78&#8243; title=&#8221;Makine ve Par\u00e7a \u0130malat\u0131&#8221;]\u0130statistiksel bilgi, teknik uzmanl\u0131k ve ger\u00e7eklere dayal\u0131 tahminlerle donanarak i\u015fletmenizin ger\u00e7ek anlamda y\u00fckselmesine izin veriyoruz.[\/stm_icon_box][\/vc_column_inner][vc_column_inner width=&#8221;1\/2&#8243;][stm_icon_box hide_title_line=&#8221;hide_title_line&#8221; enable_hexagon=&#8221;enable&#8221; enable_hexagon_animation=&#8221;enable&#8221; icon=&#8221;stm-graph&#8221; style=&#8221;icon_left&#8221; icon_size=&#8221;22&#8243; icon_width=&#8221;78&#8243; title=&#8221;Makine ve Servis Dan\u0131\u015fmanl\u0131\u011f\u0131&#8221;]\u0130\u015f hizmetlerinizi, m\u00fc\u015fterilerinizin \u00e7\u0131kt\u0131lar\u0131n\u0131 art\u0131racak \u015fekilde \u015fekillendirmenize ve konumland\u0131rman\u0131za yard\u0131mc\u0131 oluyoruz.[\/stm_icon_box][\/vc_column_inner][\/vc_row_inner][vc_row_inner css=&#8221;.vc_custom_1455886085190{margin-bottom: 10px !important;}&#8221;][vc_column_inner width=&#8221;1\/2&#8243;][stm_icon_box hide_title_line=&#8221;hide_title_line&#8221; enable_hexagon=&#8221;enable&#8221; enable_hexagon_animation=&#8221;enable&#8221; icon=&#8221;stm-cart&#8221; style=&#8221;icon_left&#8221; icon_size=&#8221;21&#8243; icon_width=&#8221;78&#8243; title=&#8221;T\u00fcketici End\u00fcstrisi Dan\u0131\u015fmanl\u0131\u011f\u0131&#8221;]T\u00fcketici \u00fcr\u00fcnleriyle u\u011fra\u015fan \u015firketlerin zaman\u0131n ruhuna m\u00fckemmel \u015fekilde uyan \u00fcr\u00fcnler yaratmalar\u0131na ve sunmalar\u0131na yard\u0131mc\u0131 oluyoruz.[\/stm_icon_box][\/vc_column_inner][vc_column_inner width=&#8221;1\/2&#8243;][stm_icon_box hide_title_line=&#8221;hide_title_line&#8221; enable_hexagon=&#8221;enable&#8221; enable_hexagon_animation=&#8221;enable&#8221; icon=&#8221;stm-home&#8221; style=&#8221;icon_left&#8221; icon_size=&#8221;23&#8243; icon_width=&#8221;78&#8243; title=&#8221;Par\u00e7a Hizmetleri Dan\u0131\u015fmanl\u0131\u011f\u0131&#8221;]Mali uzmanlar\u0131m\u0131z, sa\u011flam bir mali temel olu\u015fturmak i\u00e7in mali verileri analiz etmenize yard\u0131mc\u0131 olur.[\/stm_icon_box][\/vc_column_inner][\/vc_row_inner][vc_row_inner][vc_column_inner width=&#8221;1\/2&#8243;][stm_icon_box hide_title_line=&#8221;hide_title_line&#8221; enable_hexagon=&#8221;enable&#8221; enable_hexagon_animation=&#8221;enable&#8221; icon=&#8221;stm-lamp&#8221; style=&#8221;icon_left&#8221; icon_size=&#8221;27&#8243; icon_width=&#8221;78&#8243; title=&#8221;Enerji ve \u00c7evre Dan\u0131\u015fmanl\u0131\u011f\u0131&#8221;]Verimliliklerini art\u0131rmak ve \u00e7evreye zararl\u0131 uygulamalar\u0131 ortadan kald\u0131rmak i\u00e7in enerji \u015firketleriyle birlikte \u00e7al\u0131\u015f\u0131yoruz.[\/stm_icon_box][\/vc_column_inner][vc_column_inner width=&#8221;1\/2&#8243;][stm_icon_box hide_title_line=&#8221;hide_title_line&#8221; enable_hexagon=&#8221;enable&#8221; enable_hexagon_animation=&#8221;enable&#8221; icon=&#8221;stm-truck&#8221; style=&#8221;icon_left&#8221; icon_size=&#8221;19&#8243; icon_width=&#8221;78&#8243; title=&#8221;Telekom Hizmetleri Dan\u0131\u015fmanl\u0131\u011f\u0131&#8221;]\u0130lk eskizlerden son in\u015faata kadar sizin i\u00e7in tasar\u0131m ve yap\u0131m hizmetleri sunan bir \u015firketiz.[\/stm_icon_box][\/vc_column_inner][\/vc_row_inner][vc_separator][vc_row_inner][vc_column_inner width=&#8221;1\/5&#8243;][vc_icon icon_fontawesome=&#8221;stm-badge&#8221; color=&#8221;juicy_pink&#8221; size=&#8221;xl&#8221; align=&#8221;right&#8221;][\/vc_column_inner][vc_column_inner width=&#8221;1\/5&#8243;][stm_stats_counter stat_counter_style=&#8221;style_5&#8243; counter_value=&#8221;115000&#8243; counter_value_suf=&#8221;+&#8221; title_color=&#8221;&#8221; icon_color=&#8221;&#8221; title=&#8221;M\u00fc\u015fteri Ba\u011flant\u0131lar\u0131&#8221;][\/vc_column_inner][vc_column_inner width=&#8221;1\/5&#8243;][stm_stats_counter stat_counter_style=&#8221;style_5&#8243; counter_value=&#8221;7500&#8243; counter_value_suf=&#8221;+&#8221; title_color=&#8221;&#8221; icon_color=&#8221;&#8221; alignment=&#8221;right&#8221; title=&#8221;Memnun m\u00fc\u015fteriler&#8221;][\/vc_column_inner][vc_column_inner width=&#8221;1\/5&#8243;][stm_stats_counter stat_counter_style=&#8221;style_5&#8243; counter_value=&#8221;1000000&#8243; counter_value_suf=&#8221;+&#8221; title_color=&#8221;&#8221; icon_color=&#8221;&#8221; alignment=&#8221;right&#8221; title=&#8221;Milyar Te\u015fekk\u00fcrler!&#8221;][\/vc_column_inner][vc_column_inner width=&#8221;1\/5&#8243;][vc_icon icon_fontawesome=&#8221;stm-badge&#8221; color=&#8221;juicy_pink&#8221; size=&#8221;xl&#8221;][\/vc_column_inner][\/vc_row_inner][\/vc_column][vc_column width=&#8221;1\/4&#8243; offset=&#8221;vc_hidden-sm vc_hidden-xs&#8221;][stm_sidebar sidebar=&#8221;577&#8243;][\/vc_column][\/vc_row][vc_row full_width=&#8221;stretch_row&#8221; css=&#8221;.vc_custom_1459505959648{margin-bottom: -60px !important;}&#8221; el_class=&#8221;third_bg_color&#8221;][vc_column][vc_cta h2=&#8221;If you need more info!&#8221; h2_font_container=&#8221;tag:h2|font_size:24px|text_align:left|color:%23ffffff|line_height:24px&#8221; h2_use_theme_fonts=&#8221;yes&#8221; shape=&#8221;square&#8221; style=&#8221;flat&#8221; color=&#8221;white&#8221; add_button=&#8221;right&#8221; btn_title=&#8221;Click here to contact us!&#8221; btn_style=&#8221;flat&#8221; btn_color=&#8221;theme_style_2&#8243; btn_size=&#8221;lg&#8221; btn_align=&#8221;right&#8221; btn_i_align=&#8221;right&#8221; btn_i_icon_fontawesome=&#8221;fa fa-chevron-right&#8221; particles=&#8221;yes&#8221; use_custom_fonts_h2=&#8221;true&#8221; btn_add_icon=&#8221;true&#8221; btn_link=&#8221;url:https%3A%2F%2Fskyfibertech.com%2Fcontact-us%2F|title:Contact%20Us||&#8221; el_class=&#8221;third_bg_color&#8221; css=&#8221;.vc_custom_1620477394904{margin-bottom: 0px !important;}&#8221;]<span style=\"color: #ffffff;\">Makinalar\u0131m\u0131z hakk\u0131nda daha fazla bilgi almak i\u00e7in h\u0131zl\u0131 ileti\u015fim formumuzu kullanabilirsiniz. Mevcut kataloglar, foto\u011fraflar, videolar ve daha fazlas\u0131\u2026<\/span>[\/vc_cta][\/vc_column][\/vc_row]<\/p>\n<\/div>","protected":false},"excerpt":{"rendered":"<p>[vc_row css=&#8221;.vc_custom_1459506276575{margin-bottom: 100px !important;}&#8221;][vc_column offset=&#8221;vc_col-lg-9 vc_col-md-9&#8243;][vc_single_image image=&#8221;9843&#8243; img_size=&#8221;full&#8221;][vc_separator][vc_column_text] SKYFIBERTECH ALLAME MAK\u0130NA SKYFIBERTECH, fiber optik kablo \u00fcfleme makinelerinin lider \u00fcreticisidir. Makinelerimiz, fiber optik kabloyu mevcut kanallara veya yeni kanal sistemlerine h\u0131zl\u0131 ve verimli bir \u015fekilde \u00fcflemek i\u00e7in tasarlanm\u0131\u015ft\u0131r. Farkl\u0131 ihtiya\u00e7lara ve b\u00fct\u00e7elere uyacak \u015fekilde tasarlanm\u0131\u015f geni\u015f bir model yelpazemiz var. Ayr\u0131ca makinenizin do\u011fru ve verimli \u00e7al\u0131\u015fmas\u0131n\u0131<\/p>\n","protected":false},"author":1,"featured_media":5562,"parent":0,"menu_order":0,"comment_status":"closed","ping_status":"closed","template":"","meta":{"_joinchat":[],"footnotes":""},"class_list":["post-105938","page","type-page","status-publish","has-post-thumbnail","hentry"],"yoast_head":"<!-- This site is optimized with the Yoast SEO Premium plugin v26.6 (Yoast SEO v27.1.1) - https:\/\/yoast.com\/product\/yoast-seo-premium-wordpress\/ -->\n<title>Fiber Cable Blowing Machines Manufacturer!<\/title>\n<meta name=\"description\" content=\"Firmam\u0131z telekom\u00fcnikasyon sekt\u00f6r\u00fcnde kuruldu\u011fundan beri fiber optik kablolar i\u00e7in fiber \u00fcfleme makinas\u0131 i\u015fletmecili\u011fi yapmaktad\u0131r.\" \/>\n<meta name=\"robots\" content=\"index, follow, max-snippet:-1, max-image-preview:large, max-video-preview:-1\" \/>\n<link rel=\"canonical\" href=\"https:\/\/skyfibertech.com\/tr\/biz-kimiz\/\" \/>\n<meta property=\"og:locale\" content=\"tr_TR\" \/>\n<meta property=\"og:type\" content=\"article\" \/>\n<meta property=\"og:title\" content=\"Biz Kimiz?\" \/>\n<meta property=\"og:description\" content=\"Firmam\u0131z telekom\u00fcnikasyon sekt\u00f6r\u00fcnde kuruldu\u011fundan beri fiber optik kablolar i\u00e7in fiber \u00fcfleme makinas\u0131 i\u015fletmecili\u011fi yapmaktad\u0131r.\" \/>\n<meta property=\"og:url\" content=\"https:\/\/skyfibertech.com\/tr\/biz-kimiz\/\" \/>\n<meta property=\"og:site_name\" content=\"Fiber Cable Blowing Machines Manufacturer!\" \/>\n<meta property=\"article:publisher\" content=\"https:\/\/www.facebook.com\/skyfibertech\/\" \/>\n<meta property=\"article:modified_time\" content=\"2023-07-01T14:15:09+00:00\" \/>\n<meta property=\"og:image\" content=\"https:\/\/skyfibertech.com\/wp-content\/uploads\/2019\/11\/hydrosky-fiber-blowing-machine.jpg\" \/>\n\t<meta property=\"og:image:width\" content=\"1024\" \/>\n\t<meta property=\"og:image:height\" content=\"576\" \/>\n\t<meta property=\"og:image:type\" content=\"image\/jpeg\" \/>\n<meta name=\"twitter:label1\" content=\"Tahmini okuma s\u00fcresi\" \/>\n\t<meta name=\"twitter:data1\" content=\"7 dakika\" \/>\n<script type=\"application\/ld+json\" class=\"yoast-schema-graph\">{\"@context\":\"https:\/\/schema.org\",\"@graph\":[{\"@type\":\"WebPage\",\"@id\":\"https:\/\/skyfibertech.com\/tr\/biz-kimiz\/\",\"url\":\"https:\/\/skyfibertech.com\/tr\/biz-kimiz\/\",\"name\":\"\",\"isPartOf\":{\"@id\":\"https:\/\/skyfibertech.com\/tr\/#website\"},\"primaryImageOfPage\":{\"@id\":\"https:\/\/skyfibertech.com\/tr\/biz-kimiz\/#primaryimage\"},\"image\":{\"@id\":\"https:\/\/skyfibertech.com\/tr\/biz-kimiz\/#primaryimage\"},\"thumbnailUrl\":\"https:\/\/skyfibertech.com\/wp-content\/uploads\/2019\/11\/hydrosky-fiber-blowing-machine.jpg\",\"datePublished\":\"2023-07-01T14:15:08+00:00\",\"dateModified\":\"2023-07-01T14:15:09+00:00\",\"description\":\"Firmam\u0131z telekom\u00fcnikasyon sekt\u00f6r\u00fcnde kuruldu\u011fundan beri fiber optik kablolar i\u00e7in fiber \u00fcfleme makinas\u0131 i\u015fletmecili\u011fi yapmaktad\u0131r.\",\"breadcrumb\":{\"@id\":\"https:\/\/skyfibertech.com\/tr\/biz-kimiz\/#breadcrumb\"},\"inLanguage\":\"tr\",\"potentialAction\":[{\"@type\":\"ReadAction\",\"target\":[\"https:\/\/skyfibertech.com\/tr\/biz-kimiz\/\"]}]},{\"@type\":\"ImageObject\",\"inLanguage\":\"tr\",\"@id\":\"https:\/\/skyfibertech.com\/tr\/biz-kimiz\/#primaryimage\",\"url\":\"https:\/\/skyfibertech.com\/wp-content\/uploads\/2019\/11\/hydrosky-fiber-blowing-machine.jpg\",\"contentUrl\":\"https:\/\/skyfibertech.com\/wp-content\/uploads\/2019\/11\/hydrosky-fiber-blowing-machine.jpg\",\"width\":1024,\"height\":576,\"caption\":\"Sufle makinesi fiber optique prix\"},{\"@type\":\"BreadcrumbList\",\"@id\":\"https:\/\/skyfibertech.com\/tr\/biz-kimiz\/#breadcrumb\",\"itemListElement\":[{\"@type\":\"ListItem\",\"position\":1,\"name\":\"Home\",\"item\":\"https:\/\/skyfibertech.com\/tr\/\"},{\"@type\":\"ListItem\",\"position\":2,\"name\":\"Biz Kimiz?\"}]},{\"@type\":\"WebSite\",\"@id\":\"https:\/\/skyfibertech.com\/tr\/#website\",\"url\":\"https:\/\/skyfibertech.com\/tr\/\",\"name\":\"Fiber Cable Blowing Machine Manufacturer Turkiye!\",\"description\":\"Cable Blowing Machines for telecomunication industry!\",\"publisher\":{\"@id\":\"https:\/\/skyfibertech.com\/tr\/#organization\"},\"alternateName\":\"Skyfibertech Allame Makina!\",\"potentialAction\":[{\"@type\":\"SearchAction\",\"target\":{\"@type\":\"EntryPoint\",\"urlTemplate\":\"https:\/\/skyfibertech.com\/tr\/?s={search_term_string}\"},\"query-input\":{\"@type\":\"PropertyValueSpecification\",\"valueRequired\":true,\"valueName\":\"search_term_string\"}}],\"inLanguage\":\"tr\"},{\"@type\":\"Organization\",\"@id\":\"https:\/\/skyfibertech.com\/tr\/#organization\",\"name\":\"Allame Skyfibertech Fiber Blowing Machine\",\"alternateName\":\"Cable Blowing Machine Manufacturer\",\"url\":\"https:\/\/skyfibertech.com\/tr\/\",\"logo\":{\"@type\":\"ImageObject\",\"inLanguage\":\"tr\",\"@id\":\"https:\/\/skyfibertech.com\/tr\/#\/schema\/logo\/image\/\",\"url\":\"https:\/\/skyfibertech.com\/wp-content\/uploads\/2019\/06\/Skyfibertech-logo-359px.png\",\"contentUrl\":\"https:\/\/skyfibertech.com\/wp-content\/uploads\/2019\/06\/Skyfibertech-logo-359px.png\",\"width\":359,\"height\":60,\"caption\":\"Allame Skyfibertech Fiber Blowing Machine\"},\"image\":{\"@id\":\"https:\/\/skyfibertech.com\/tr\/#\/schema\/logo\/image\/\"},\"sameAs\":[\"https:\/\/www.facebook.com\/skyfibertech\/\",\"https:\/\/x.com\/SkyFiberTech1\",\"https:\/\/www.instagram.com\/allamemakina\",\"https:\/\/www.linkedin.com\/company\/cable-blowing-machines\/\",\"https:\/\/www.youtube.com\/@skyfibertech\/videos\"],\"publishingPrinciples\":\"https:\/\/skyfibertech.com\/privacy-policy\/\",\"ownershipFundingInfo\":\"https:\/\/skyfibertech.com\/who-we-are\/\",\"actionableFeedbackPolicy\":\"https:\/\/skyfibertech.com\/contact-us\/\"}]}<\/script>\n<!-- \/ Yoast SEO Premium plugin. -->","yoast_head_json":{"title":"Fiber Cable Blowing Machines Manufacturer!","description":"Firmam\u0131z telekom\u00fcnikasyon sekt\u00f6r\u00fcnde kuruldu\u011fundan beri fiber optik kablolar i\u00e7in fiber \u00fcfleme makinas\u0131 i\u015fletmecili\u011fi yapmaktad\u0131r.","robots":{"index":"index","follow":"follow","max-snippet":"max-snippet:-1","max-image-preview":"max-image-preview:large","max-video-preview":"max-video-preview:-1"},"canonical":"https:\/\/skyfibertech.com\/tr\/biz-kimiz\/","og_locale":"tr_TR","og_type":"article","og_title":"Biz Kimiz?","og_description":"Firmam\u0131z telekom\u00fcnikasyon sekt\u00f6r\u00fcnde kuruldu\u011fundan beri fiber optik kablolar i\u00e7in fiber \u00fcfleme makinas\u0131 i\u015fletmecili\u011fi yapmaktad\u0131r.","og_url":"https:\/\/skyfibertech.com\/tr\/biz-kimiz\/","og_site_name":"Fiber Cable Blowing Machines Manufacturer!","article_publisher":"https:\/\/www.facebook.com\/skyfibertech\/","article_modified_time":"2023-07-01T14:15:09+00:00","og_image":[{"width":1024,"height":576,"url":"https:\/\/skyfibertech.com\/wp-content\/uploads\/2019\/11\/hydrosky-fiber-blowing-machine.jpg","type":"image\/jpeg"}],"twitter_misc":{"Tahmini okuma s\u00fcresi":"7 dakika"},"schema":{"@context":"https:\/\/schema.org","@graph":[{"@type":"WebPage","@id":"https:\/\/skyfibertech.com\/tr\/biz-kimiz\/","url":"https:\/\/skyfibertech.com\/tr\/biz-kimiz\/","name":"","isPartOf":{"@id":"https:\/\/skyfibertech.com\/tr\/#website"},"primaryImageOfPage":{"@id":"https:\/\/skyfibertech.com\/tr\/biz-kimiz\/#primaryimage"},"image":{"@id":"https:\/\/skyfibertech.com\/tr\/biz-kimiz\/#primaryimage"},"thumbnailUrl":"https:\/\/skyfibertech.com\/wp-content\/uploads\/2019\/11\/hydrosky-fiber-blowing-machine.jpg","datePublished":"2023-07-01T14:15:08+00:00","dateModified":"2023-07-01T14:15:09+00:00","description":"Firmam\u0131z telekom\u00fcnikasyon sekt\u00f6r\u00fcnde kuruldu\u011fundan beri fiber optik kablolar i\u00e7in fiber \u00fcfleme makinas\u0131 i\u015fletmecili\u011fi yapmaktad\u0131r.","breadcrumb":{"@id":"https:\/\/skyfibertech.com\/tr\/biz-kimiz\/#breadcrumb"},"inLanguage":"tr","potentialAction":[{"@type":"ReadAction","target":["https:\/\/skyfibertech.com\/tr\/biz-kimiz\/"]}]},{"@type":"ImageObject","inLanguage":"tr","@id":"https:\/\/skyfibertech.com\/tr\/biz-kimiz\/#primaryimage","url":"https:\/\/skyfibertech.com\/wp-content\/uploads\/2019\/11\/hydrosky-fiber-blowing-machine.jpg","contentUrl":"https:\/\/skyfibertech.com\/wp-content\/uploads\/2019\/11\/hydrosky-fiber-blowing-machine.jpg","width":1024,"height":576,"caption":"Sufle makinesi fiber optique prix"},{"@type":"BreadcrumbList","@id":"https:\/\/skyfibertech.com\/tr\/biz-kimiz\/#breadcrumb","itemListElement":[{"@type":"ListItem","position":1,"name":"Home","item":"https:\/\/skyfibertech.com\/tr\/"},{"@type":"ListItem","position":2,"name":"Biz Kimiz?"}]},{"@type":"WebSite","@id":"https:\/\/skyfibertech.com\/tr\/#website","url":"https:\/\/skyfibertech.com\/tr\/","name":"Fiber Cable Blowing Machine Manufacturer Turkiye!","description":"Cable Blowing Machines for telecomunication industry!","publisher":{"@id":"https:\/\/skyfibertech.com\/tr\/#organization"},"alternateName":"Skyfibertech Allame Makina!","potentialAction":[{"@type":"SearchAction","target":{"@type":"EntryPoint","urlTemplate":"https:\/\/skyfibertech.com\/tr\/?s={search_term_string}"},"query-input":{"@type":"PropertyValueSpecification","valueRequired":true,"valueName":"search_term_string"}}],"inLanguage":"tr"},{"@type":"Organization","@id":"https:\/\/skyfibertech.com\/tr\/#organization","name":"Allame Skyfibertech Fiber Blowing Machine","alternateName":"Cable Blowing Machine Manufacturer","url":"https:\/\/skyfibertech.com\/tr\/","logo":{"@type":"ImageObject","inLanguage":"tr","@id":"https:\/\/skyfibertech.com\/tr\/#\/schema\/logo\/image\/","url":"https:\/\/skyfibertech.com\/wp-content\/uploads\/2019\/06\/Skyfibertech-logo-359px.png","contentUrl":"https:\/\/skyfibertech.com\/wp-content\/uploads\/2019\/06\/Skyfibertech-logo-359px.png","width":359,"height":60,"caption":"Allame Skyfibertech Fiber Blowing Machine"},"image":{"@id":"https:\/\/skyfibertech.com\/tr\/#\/schema\/logo\/image\/"},"sameAs":["https:\/\/www.facebook.com\/skyfibertech\/","https:\/\/x.com\/SkyFiberTech1","https:\/\/www.instagram.com\/allamemakina","https:\/\/www.linkedin.com\/company\/cable-blowing-machines\/","https:\/\/www.youtube.com\/@skyfibertech\/videos"],"publishingPrinciples":"https:\/\/skyfibertech.com\/privacy-policy\/","ownershipFundingInfo":"https:\/\/skyfibertech.com\/who-we-are\/","actionableFeedbackPolicy":"https:\/\/skyfibertech.com\/contact-us\/"}]}},"_links":{"self":[{"href":"https:\/\/skyfibertech.com\/tr\/wp-json\/wp\/v2\/pages\/105938","targetHints":{"allow":["GET"]}}],"collection":[{"href":"https:\/\/skyfibertech.com\/tr\/wp-json\/wp\/v2\/pages"}],"about":[{"href":"https:\/\/skyfibertech.com\/tr\/wp-json\/wp\/v2\/types\/page"}],"author":[{"embeddable":true,"href":"https:\/\/skyfibertech.com\/tr\/wp-json\/wp\/v2\/users\/1"}],"replies":[{"embeddable":true,"href":"https:\/\/skyfibertech.com\/tr\/wp-json\/wp\/v2\/comments?post=105938"}],"version-history":[{"count":0,"href":"https:\/\/skyfibertech.com\/tr\/wp-json\/wp\/v2\/pages\/105938\/revisions"}],"wp:featuredmedia":[{"embeddable":true,"href":"https:\/\/skyfibertech.com\/tr\/wp-json\/wp\/v2\/media\/5562"}],"wp:attachment":[{"href":"https:\/\/skyfibertech.com\/tr\/wp-json\/wp\/v2\/media?parent=105938"}],"curies":[{"name":"wp","href":"https:\/\/api.w.org\/{rel}","templated":true}]}}