{"id":105923,"date":"2023-07-01T17:15:00","date_gmt":"2023-07-01T14:15:00","guid":{"rendered":"https:\/\/skyfibertech.com\/gizlilik-politikasi\/"},"modified":"2023-07-01T17:15:00","modified_gmt":"2023-07-01T14:15:00","slug":"gizlilik-politikasi","status":"publish","type":"page","link":"https:\/\/skyfibertech.com\/tr\/gizlilik-politikasi\/","title":{"rendered":"Gizlilik Politikas\u0131"},"content":{"rendered":"<h3>ALLAME Makina ve Bili\u015fim San Tic. Ltd. \u015eti.<\/h3>\n<h4>Gizlilik Politikas\u0131<\/h4>\n<p>Bu Gizlilik Politikas\u0131, https:\/\/skyfibertech.com&#8217;u (\u201cSkyFiber Tech by <a href=\"https:\/\/skyfibertech.com\/fibre-floating-machines-manufacturer\/\">Allame Makina<\/a> \u201d) ziyaret etti\u011finizde veya sat\u0131n ald\u0131\u011f\u0131n\u0131zda ki\u015fisel bilgilerinizin nas\u0131l topland\u0131\u011f\u0131n\u0131, kullan\u0131ld\u0131\u011f\u0131n\u0131 ve payla\u015f\u0131ld\u0131\u011f\u0131n\u0131 a\u00e7\u0131klar.<\/p>\n<p><strong>TOPLADI\u011eIMIZ K\u0130\u015e\u0130SEL B\u0130LG\u0130LER<\/strong><\/p>\n<p><a href=\"https:\/\/skyfibertech.com\/who-we-are\/\">Siteyi<\/a> ziyaret etti\u011finizde, web taray\u0131c\u0131n\u0131z, IP adresiniz, saat diliminiz ve cihaz\u0131n\u0131za y\u00fcklenen baz\u0131 tan\u0131mlama bilgileri dahil olmak \u00fczere cihaz\u0131n\u0131z hakk\u0131nda belirli bilgileri otomatik olarak topluyoruz. Ek olarak, siz Sitede gezinirken, g\u00f6r\u00fcnt\u00fcledi\u011finiz tek tek web sayfalar\u0131 veya \u00fcr\u00fcnler, sizi Siteye y\u00f6nlendiren web siteleri veya arama terimleri ve Site ile nas\u0131l etkile\u015fim kurdu\u011funuz hakk\u0131nda bilgiler topluyoruz. Otomatik olarak toplanan bu bilgilere &#8220;Cihaz Bilgileri&#8221; diyoruz.<\/p>\n<p>Cihaz Bilgilerini a\u015fa\u011f\u0131daki teknolojileri kullanarak topluyoruz:<\/p>\n<p>&#8211; &#8220;\u00c7erezler&#8221;, cihaz\u0131n\u0131za veya bilgisayar\u0131n\u0131za yerle\u015ftirilen ve genellikle anonim benzersiz bir tan\u0131mlay\u0131c\u0131 i\u00e7eren veri dosyalar\u0131d\u0131r. \u00c7erezler ve \u00e7erezlerin nas\u0131l devre d\u0131\u015f\u0131 b\u0131rak\u0131laca\u011f\u0131 hakk\u0131nda daha fazla bilgi i\u00e7in http:\/\/www.allaboutcookies.org adresini ziyaret edin.<br \/>\n&#8211; &#8220;G\u00fcnl\u00fck dosyalar\u0131&#8221;, Sitede ger\u00e7ekle\u015fen eylemleri izler ve IP adresiniz, taray\u0131c\u0131 tipiniz, \u0130nternet servis sa\u011flay\u0131c\u0131n\u0131z, y\u00f6nlendiren\/\u00e7\u0131k\u0131\u015f sayfalar\u0131 ve tarih\/zaman damgalar\u0131 dahil olmak \u00fczere verileri toplar.<br \/>\n&#8211; &#8220;Web i\u015faret\u00e7ileri&#8221;, &#8220;etiketler&#8221; ve &#8220;pikseller&#8221;, Sitede nas\u0131l gezindi\u011finizle ilgili bilgileri kaydetmek i\u00e7in kullan\u0131lan elektronik dosyalard\u0131r.<\/p>\n<p>Ayr\u0131ca, Do\u011frudan Banka Havalesi TT veya LC arac\u0131l\u0131\u011f\u0131yla bir sat\u0131n alma i\u015flemi ger\u00e7ekle\u015ftirdi\u011finizde veya sat\u0131n alma giri\u015fiminde bulundu\u011funuzda, sizden ad\u0131n\u0131z, fatura adresiniz, g\u00f6nderim adresiniz, \u00f6deme bilgileriniz, e-posta adresiniz ve telefon numaran\u0131z dahil olmak \u00fczere belirli bilgileri topluyoruz. Bu bilgilere &#8220;Sipari\u015f Bilgileri&#8221; diyoruz.<\/p>\n<p>Bu Gizlilik Politikas\u0131nda &#8220;Ki\u015fisel Bilgiler&#8221;den bahsetti\u011fimizde, hem Cihaz Bilgilerinden hem de Sipari\u015f Bilgilerinden bahsediyoruz.<\/p>\n<p><strong>K\u0130\u015e\u0130SEL B\u0130LG\u0130LER\u0130N\u0130Z\u0130 NASIL KULLANIYORUZ?<\/strong><\/p>\n<p>Toplad\u0131\u011f\u0131m\u0131z Sipari\u015f Bilgilerini genel olarak Site arac\u0131l\u0131\u011f\u0131yla verilen herhangi bir sipari\u015fi yerine getirmek i\u00e7in kullan\u0131r\u0131z (\u00f6deme bilgilerinizin i\u015flenmesi, sevkiyat\u0131n ayarlanmas\u0131 ve size fatura ve\/veya sipari\u015f onaylar\u0131n\u0131n sa\u011flanmas\u0131 dahil). Ek olarak, bu Sipari\u015f Bilgilerini \u015fu ama\u00e7larla kullan\u0131r\u0131z:<br \/>\nsizinle ileti\u015fim kurmak;<br \/>\nPotansiyel risk veya doland\u0131r\u0131c\u0131l\u0131k i\u00e7in sipari\u015flerimizi taray\u0131n; Ve<br \/>\nBizimle payla\u015ft\u0131\u011f\u0131n\u0131z tercihler do\u011frultusunda size \u00fcr\u00fcnlerimiz veya hizmetlerimizle ilgili bilgi veya reklam sa\u011flamak.<\/p>\n<p>Toplad\u0131\u011f\u0131m\u0131z Cihaz Bilgilerini, potansiyel risk ve doland\u0131r\u0131c\u0131l\u0131\u011f\u0131 (\u00f6zellikle IP adresinizi) taramam\u0131za yard\u0131mc\u0131 olmas\u0131 i\u00e7in ve daha genel olarak Sitemizi iyile\u015ftirmek ve optimize etmek i\u00e7in (\u00f6rne\u011fin, m\u00fc\u015fterilerimizin Sitede nas\u0131l gezindi\u011fi ve etkile\u015fimde bulundu\u011fu hakk\u0131nda analizler \u00fcreterek) kullan\u0131r\u0131z. Site ve pazarlama ve reklam kampanyalar\u0131m\u0131z\u0131n ba\u015far\u0131s\u0131n\u0131 de\u011ferlendirmek i\u00e7in).<\/p>\n<p><strong>K\u0130\u015e\u0130SEL B\u0130LG\u0130LER\u0130N\u0130Z\u0130N PAYLA\u015eILMASI<\/strong><\/p>\n<p>Ki\u015fisel Bilgilerinizi yukar\u0131da a\u00e7\u0131kland\u0131\u011f\u0131 \u015fekilde kullanmam\u0131za yard\u0131mc\u0131 olmas\u0131 i\u00e7in Ki\u015fisel Bilgilerinizi \u00fc\u00e7\u00fcnc\u00fc taraflarla payla\u015f\u0131r\u0131z. \u00d6rne\u011fin, \u00e7evrimi\u00e7i ma\u011fazam\u0131za g\u00fc\u00e7 sa\u011flamak i\u00e7in Shopify&#8217;\u0131 kullan\u0131yoruz &#8211; Shopify&#8217;\u0131n Ki\u015fisel Bilgilerinizi nas\u0131l kulland\u0131\u011f\u0131 hakk\u0131nda daha fazla bilgiyi buradan edinebilirsiniz: https:\/\/www.shopify.com\/legal\/privacy. Ayr\u0131ca, m\u00fc\u015fterilerimizin Siteyi nas\u0131l kulland\u0131\u011f\u0131n\u0131 anlamam\u0131za yard\u0131mc\u0131 olmas\u0131 i\u00e7in Google Analytics&#8217;i de kullan\u0131yoruz &#8211; Google&#8217;\u0131n Ki\u015fisel Bilgilerinizi nas\u0131l kulland\u0131\u011f\u0131 hakk\u0131nda daha fazla bilgiyi buradan edinebilirsiniz: https:\/\/www.google.com\/intl\/en\/policies\/privacy\/. Google Analytics&#8217;i buradan da devre d\u0131\u015f\u0131 b\u0131rakabilirsiniz: https:\/\/tools.google.com\/dlpage\/gaoptout.<\/p>\n<p>Son olarak, Ki\u015fisel Bilgilerinizi ge\u00e7erli yasalara ve d\u00fczenlemelere uymak, bir mahkeme celbine, arama iznine veya bilgi i\u00e7in ald\u0131\u011f\u0131m\u0131z di\u011fer yasal taleplere yan\u0131t vermek veya haklar\u0131m\u0131z\u0131 ba\u015fka bir \u015fekilde korumak i\u00e7in payla\u015fabiliriz.<\/p>\n<p><strong>DAVRANI\u015eSAL REKLAMCILIK<\/strong><br \/>\nYukar\u0131da a\u00e7\u0131kland\u0131\u011f\u0131 gibi, Ki\u015fisel Bilgilerinizi ilginizi \u00e7ekebilece\u011fini d\u00fc\u015f\u00fcnd\u00fc\u011f\u00fcm\u00fcz hedefli reklamlar veya pazarlama ileti\u015fimleri sa\u011flamak i\u00e7in kullan\u0131r\u0131z. Hedefli reklamc\u0131l\u0131\u011f\u0131n nas\u0131l \u00e7al\u0131\u015ft\u0131\u011f\u0131 hakk\u0131nda daha fazla bilgi i\u00e7in, A\u011f Reklamc\u0131l\u0131\u011f\u0131 Giri\u015fimi&#8217;nin (\u201cNAI\u201d) http:\/\/www.networkadvertising.org\/understanding-online-advertising\/how-does-it-work adresindeki e\u011fitim sayfas\u0131n\u0131 ziyaret edebilirsiniz.<\/p>\n<p>Ek olarak, Digital Advertising Alliance&#8217;\u0131n http:\/\/optout.aboutads.info\/ adresindeki devre d\u0131\u015f\u0131 b\u0131rakma portal\u0131n\u0131 ziyaret ederek bu hizmetlerden baz\u0131lar\u0131n\u0131 devre d\u0131\u015f\u0131 b\u0131rakabilirsiniz.<\/p>\n<p><strong>TAK\u0130P ETMEY\u0130N<\/strong><br \/>\nTaray\u0131c\u0131n\u0131zdan bir Takip Etme sinyali g\u00f6rd\u00fc\u011f\u00fcm\u00fczde Sitemizin veri toplama ve kullan\u0131m uygulamalar\u0131n\u0131 de\u011fi\u015ftirmedi\u011fimizi l\u00fctfen unutmay\u0131n.<\/p>\n<p><strong>HAKLARINIZ<\/strong><br \/>\nWeb sitemizi ziyaret ederseniz, hakk\u0131n\u0131zda tuttu\u011fumuz ki\u015fisel bilgilere eri\u015fme ve ki\u015fisel bilgilerinizin d\u00fczeltilmesini, g\u00fcncellenmesini veya silinmesini isteme hakk\u0131na sahipsiniz. Bu hakk\u0131n\u0131z\u0131 kullanmak istiyorsan\u0131z, l\u00fctfen a\u015fa\u011f\u0131daki ileti\u015fim bilgilerinden bizimle ileti\u015fime ge\u00e7in.<\/p>\n<p>Ek olarak, bizden mal sat\u0131n alm\u0131\u015f bir m\u00fc\u015fterimizseniz, bilgilerinizi sizinle yapabilece\u011fimiz s\u00f6zle\u015fmeleri yerine getirmek i\u00e7in (\u00f6rne\u011fin, Site arac\u0131l\u0131\u011f\u0131yla bir sipari\u015f verirseniz) veya ba\u015fka bir \u015fekilde i\u015fimizi takip etmek i\u00e7in i\u015fledi\u011fimizi not ederiz. yukar\u0131da listelenen me\u015fru ticari \u00e7\u0131karlar.<\/p>\n<p><strong>VER\u0130 SAKLAMA<\/strong><br \/>\nSite arac\u0131l\u0131\u011f\u0131yla bir sipari\u015f verdi\u011finizde, Sipari\u015f Bilgilerinizi, bizden bu bilgileri silmemizi istemedik\u00e7e ve talep edene kadar kay\u0131tlar\u0131m\u0131z i\u00e7in saklayaca\u011f\u0131z.<\/p>\n<p><strong>DE\u011e\u0130\u015e\u0130KL\u0130KLER<\/strong><br \/>\n\u00d6rne\u011fin uygulamalar\u0131m\u0131zdaki de\u011fi\u015fiklikleri yans\u0131tmak veya di\u011fer operasyonel, yasal veya d\u00fczenleyici nedenlerle bu gizlilik politikas\u0131n\u0131 zaman zaman g\u00fcncelleyebiliriz.<\/p>\n<p><strong>B\u0130ZE ULA\u015eIN<\/strong><br \/>\nGizlilik uygulamalar\u0131m\u0131z hakk\u0131nda daha fazla bilgi i\u00e7in, sorular\u0131n\u0131z varsa veya \u015fikayette bulunmak isterseniz, l\u00fctfen info@skyfibertech.com adresinden e-posta yoluyla veya a\u015fa\u011f\u0131da verilen bilgileri kullanarak posta yoluyla bizimle ileti\u015fime ge\u00e7in:<\/p>\n<p>\u0130stasyon Mah. \u00c7ilem Sok. No:1 Kartepe Sanayi Sitesi H1\/50 Kartepe \/ Kocaeli , T\u00fcrkiye<br \/>\nTel: +90 (533) 7789941<\/p>\n<p>Samimi olarak;<br \/>\nSky Fiber Teknolojileri Y\u00f6neticisi<br \/>\nALLAME Makina ve Bili\u015fim San Tic. Ltd. \u015eti.<\/p>\n","protected":false},"excerpt":{"rendered":"<p>ALLAME Makina ve Bili\u015fim San Tic. Ltd. \u015eti. Gizlilik Politikas\u0131 Bu Gizlilik Politikas\u0131, https:\/\/skyfibertech.com&#8217;u (\u201cSkyFiber Tech by Allame Makina \u201d) ziyaret etti\u011finizde veya sat\u0131n ald\u0131\u011f\u0131n\u0131zda ki\u015fisel bilgilerinizin nas\u0131l topland\u0131\u011f\u0131n\u0131, kullan\u0131ld\u0131\u011f\u0131n\u0131 ve payla\u015f\u0131ld\u0131\u011f\u0131n\u0131 a\u00e7\u0131klar. TOPLADI\u011eIMIZ K\u0130\u015e\u0130SEL B\u0130LG\u0130LER Siteyi ziyaret etti\u011finizde, web taray\u0131c\u0131n\u0131z, IP adresiniz, saat diliminiz ve cihaz\u0131n\u0131za y\u00fcklenen baz\u0131 tan\u0131mlama bilgileri dahil olmak \u00fczere cihaz\u0131n\u0131z<\/p>\n","protected":false},"author":1,"featured_media":0,"parent":0,"menu_order":0,"comment_status":"closed","ping_status":"closed","template":"","meta":{"_joinchat":[],"footnotes":""},"class_list":["post-105923","page","type-page","status-publish","hentry"],"yoast_head":"<!-- This site is optimized with the Yoast SEO Premium plugin v26.6 (Yoast SEO v27.1.1) - https:\/\/yoast.com\/product\/yoast-seo-premium-wordpress\/ -->\n<title>Gizlilik Politikas\u0131 - SKYFIBERTECH ALLAME MAK\u0130NA<\/title>\n<meta name=\"description\" content=\"Bu Gizlilik Politikas\u0131, https:\/\/skyfibertech.com&#039;u ziyaret etti\u011finizde veya buradan al\u0131\u015fveri\u015f yapt\u0131\u011f\u0131n\u0131zda ki\u015fisel bilgilerinizin nas\u0131l topland\u0131\u011f\u0131n\u0131, kullan\u0131ld\u0131\u011f\u0131n\u0131 ve payla\u015f\u0131ld\u0131\u011f\u0131n\u0131 a\u00e7\u0131klar.\" \/>\n<meta name=\"robots\" content=\"index, follow, max-snippet:-1, max-image-preview:large, max-video-preview:-1\" \/>\n<link rel=\"canonical\" href=\"https:\/\/skyfibertech.com\/tr\/gizlilik-politikasi\/\" \/>\n<meta property=\"og:locale\" content=\"tr_TR\" \/>\n<meta property=\"og:type\" content=\"article\" \/>\n<meta property=\"og:title\" content=\"Gizlilik Politikas\u0131\" \/>\n<meta property=\"og:description\" content=\"Bu Gizlilik Politikas\u0131, https:\/\/skyfibertech.com&#039;u ziyaret etti\u011finizde veya buradan al\u0131\u015fveri\u015f yapt\u0131\u011f\u0131n\u0131zda ki\u015fisel bilgilerinizin nas\u0131l topland\u0131\u011f\u0131n\u0131, kullan\u0131ld\u0131\u011f\u0131n\u0131 ve payla\u015f\u0131ld\u0131\u011f\u0131n\u0131 a\u00e7\u0131klar.\" \/>\n<meta property=\"og:url\" content=\"https:\/\/skyfibertech.com\/tr\/gizlilik-politikasi\/\" \/>\n<meta property=\"og:site_name\" content=\"Fiber Cable Blowing Machines Manufacturer!\" \/>\n<meta property=\"article:publisher\" content=\"https:\/\/www.facebook.com\/skyfibertech\/\" \/>\n<meta property=\"og:image\" content=\"https:\/\/skyfibertech.com\/wp-content\/uploads\/2021\/08\/fibre-optic-blowing-machines.jpg\" \/>\n\t<meta property=\"og:image:width\" content=\"1000\" \/>\n\t<meta property=\"og:image:height\" content=\"667\" \/>\n\t<meta property=\"og:image:type\" content=\"image\/jpeg\" \/>\n<meta name=\"twitter:label1\" content=\"Tahmini okuma s\u00fcresi\" \/>\n\t<meta name=\"twitter:data1\" content=\"5 dakika\" \/>\n<script type=\"application\/ld+json\" class=\"yoast-schema-graph\">{\"@context\":\"https:\/\/schema.org\",\"@graph\":[{\"@type\":\"WebPage\",\"@id\":\"https:\/\/skyfibertech.com\/tr\/gizlilik-politikasi\/\",\"url\":\"https:\/\/skyfibertech.com\/tr\/gizlilik-politikasi\/\",\"name\":\"Gizlilik Politikas\u0131 - SKYFIBERTECH ALLAME MAK\u0130NA\",\"isPartOf\":{\"@id\":\"https:\/\/skyfibertech.com\/tr\/#website\"},\"datePublished\":\"2023-07-01T14:15:00+00:00\",\"description\":\"Bu Gizlilik Politikas\u0131, https:\/\/skyfibertech.com'u ziyaret etti\u011finizde veya buradan al\u0131\u015fveri\u015f yapt\u0131\u011f\u0131n\u0131zda ki\u015fisel bilgilerinizin nas\u0131l topland\u0131\u011f\u0131n\u0131, kullan\u0131ld\u0131\u011f\u0131n\u0131 ve payla\u015f\u0131ld\u0131\u011f\u0131n\u0131 a\u00e7\u0131klar.\",\"breadcrumb\":{\"@id\":\"https:\/\/skyfibertech.com\/tr\/gizlilik-politikasi\/#breadcrumb\"},\"inLanguage\":\"tr\",\"potentialAction\":[{\"@type\":\"ReadAction\",\"target\":[\"https:\/\/skyfibertech.com\/tr\/gizlilik-politikasi\/\"]}]},{\"@type\":\"BreadcrumbList\",\"@id\":\"https:\/\/skyfibertech.com\/tr\/gizlilik-politikasi\/#breadcrumb\",\"itemListElement\":[{\"@type\":\"ListItem\",\"position\":1,\"name\":\"Home\",\"item\":\"https:\/\/skyfibertech.com\/tr\/\"},{\"@type\":\"ListItem\",\"position\":2,\"name\":\"Gizlilik Politikas\u0131\"}]},{\"@type\":\"WebSite\",\"@id\":\"https:\/\/skyfibertech.com\/tr\/#website\",\"url\":\"https:\/\/skyfibertech.com\/tr\/\",\"name\":\"Fiber Cable Blowing Machine Manufacturer Turkiye!\",\"description\":\"Cable Blowing Machines for telecomunication industry!\",\"publisher\":{\"@id\":\"https:\/\/skyfibertech.com\/tr\/#organization\"},\"alternateName\":\"Skyfibertech Allame Makina!\",\"potentialAction\":[{\"@type\":\"SearchAction\",\"target\":{\"@type\":\"EntryPoint\",\"urlTemplate\":\"https:\/\/skyfibertech.com\/tr\/?s={search_term_string}\"},\"query-input\":{\"@type\":\"PropertyValueSpecification\",\"valueRequired\":true,\"valueName\":\"search_term_string\"}}],\"inLanguage\":\"tr\"},{\"@type\":\"Organization\",\"@id\":\"https:\/\/skyfibertech.com\/tr\/#organization\",\"name\":\"Allame Skyfibertech Fiber Blowing Machine\",\"alternateName\":\"Cable Blowing Machine Manufacturer\",\"url\":\"https:\/\/skyfibertech.com\/tr\/\",\"logo\":{\"@type\":\"ImageObject\",\"inLanguage\":\"tr\",\"@id\":\"https:\/\/skyfibertech.com\/tr\/#\/schema\/logo\/image\/\",\"url\":\"https:\/\/skyfibertech.com\/wp-content\/uploads\/2019\/06\/Skyfibertech-logo-359px.png\",\"contentUrl\":\"https:\/\/skyfibertech.com\/wp-content\/uploads\/2019\/06\/Skyfibertech-logo-359px.png\",\"width\":359,\"height\":60,\"caption\":\"Allame Skyfibertech Fiber Blowing Machine\"},\"image\":{\"@id\":\"https:\/\/skyfibertech.com\/tr\/#\/schema\/logo\/image\/\"},\"sameAs\":[\"https:\/\/www.facebook.com\/skyfibertech\/\",\"https:\/\/x.com\/SkyFiberTech1\",\"https:\/\/www.instagram.com\/allamemakina\",\"https:\/\/www.linkedin.com\/company\/cable-blowing-machines\/\",\"https:\/\/www.youtube.com\/@skyfibertech\/videos\"],\"publishingPrinciples\":\"https:\/\/skyfibertech.com\/privacy-policy\/\",\"ownershipFundingInfo\":\"https:\/\/skyfibertech.com\/who-we-are\/\",\"actionableFeedbackPolicy\":\"https:\/\/skyfibertech.com\/contact-us\/\"}]}<\/script>\n<!-- \/ Yoast SEO Premium plugin. -->","yoast_head_json":{"title":"Gizlilik Politikas\u0131 - SKYFIBERTECH ALLAME MAK\u0130NA","description":"Bu Gizlilik Politikas\u0131, https:\/\/skyfibertech.com'u ziyaret etti\u011finizde veya buradan al\u0131\u015fveri\u015f yapt\u0131\u011f\u0131n\u0131zda ki\u015fisel bilgilerinizin nas\u0131l topland\u0131\u011f\u0131n\u0131, kullan\u0131ld\u0131\u011f\u0131n\u0131 ve payla\u015f\u0131ld\u0131\u011f\u0131n\u0131 a\u00e7\u0131klar.","robots":{"index":"index","follow":"follow","max-snippet":"max-snippet:-1","max-image-preview":"max-image-preview:large","max-video-preview":"max-video-preview:-1"},"canonical":"https:\/\/skyfibertech.com\/tr\/gizlilik-politikasi\/","og_locale":"tr_TR","og_type":"article","og_title":"Gizlilik Politikas\u0131","og_description":"Bu Gizlilik Politikas\u0131, https:\/\/skyfibertech.com'u ziyaret etti\u011finizde veya buradan al\u0131\u015fveri\u015f yapt\u0131\u011f\u0131n\u0131zda ki\u015fisel bilgilerinizin nas\u0131l topland\u0131\u011f\u0131n\u0131, kullan\u0131ld\u0131\u011f\u0131n\u0131 ve payla\u015f\u0131ld\u0131\u011f\u0131n\u0131 a\u00e7\u0131klar.","og_url":"https:\/\/skyfibertech.com\/tr\/gizlilik-politikasi\/","og_site_name":"Fiber Cable Blowing Machines Manufacturer!","article_publisher":"https:\/\/www.facebook.com\/skyfibertech\/","og_image":[{"width":1000,"height":667,"url":"https:\/\/skyfibertech.com\/wp-content\/uploads\/2021\/08\/fibre-optic-blowing-machines.jpg","type":"image\/jpeg"}],"twitter_misc":{"Tahmini okuma s\u00fcresi":"5 dakika"},"schema":{"@context":"https:\/\/schema.org","@graph":[{"@type":"WebPage","@id":"https:\/\/skyfibertech.com\/tr\/gizlilik-politikasi\/","url":"https:\/\/skyfibertech.com\/tr\/gizlilik-politikasi\/","name":"Gizlilik Politikas\u0131 - SKYFIBERTECH ALLAME MAK\u0130NA","isPartOf":{"@id":"https:\/\/skyfibertech.com\/tr\/#website"},"datePublished":"2023-07-01T14:15:00+00:00","description":"Bu Gizlilik Politikas\u0131, https:\/\/skyfibertech.com'u ziyaret etti\u011finizde veya buradan al\u0131\u015fveri\u015f yapt\u0131\u011f\u0131n\u0131zda ki\u015fisel bilgilerinizin nas\u0131l topland\u0131\u011f\u0131n\u0131, kullan\u0131ld\u0131\u011f\u0131n\u0131 ve payla\u015f\u0131ld\u0131\u011f\u0131n\u0131 a\u00e7\u0131klar.","breadcrumb":{"@id":"https:\/\/skyfibertech.com\/tr\/gizlilik-politikasi\/#breadcrumb"},"inLanguage":"tr","potentialAction":[{"@type":"ReadAction","target":["https:\/\/skyfibertech.com\/tr\/gizlilik-politikasi\/"]}]},{"@type":"BreadcrumbList","@id":"https:\/\/skyfibertech.com\/tr\/gizlilik-politikasi\/#breadcrumb","itemListElement":[{"@type":"ListItem","position":1,"name":"Home","item":"https:\/\/skyfibertech.com\/tr\/"},{"@type":"ListItem","position":2,"name":"Gizlilik Politikas\u0131"}]},{"@type":"WebSite","@id":"https:\/\/skyfibertech.com\/tr\/#website","url":"https:\/\/skyfibertech.com\/tr\/","name":"Fiber Cable Blowing Machine Manufacturer Turkiye!","description":"Cable Blowing Machines for telecomunication industry!","publisher":{"@id":"https:\/\/skyfibertech.com\/tr\/#organization"},"alternateName":"Skyfibertech Allame Makina!","potentialAction":[{"@type":"SearchAction","target":{"@type":"EntryPoint","urlTemplate":"https:\/\/skyfibertech.com\/tr\/?s={search_term_string}"},"query-input":{"@type":"PropertyValueSpecification","valueRequired":true,"valueName":"search_term_string"}}],"inLanguage":"tr"},{"@type":"Organization","@id":"https:\/\/skyfibertech.com\/tr\/#organization","name":"Allame Skyfibertech Fiber Blowing Machine","alternateName":"Cable Blowing Machine Manufacturer","url":"https:\/\/skyfibertech.com\/tr\/","logo":{"@type":"ImageObject","inLanguage":"tr","@id":"https:\/\/skyfibertech.com\/tr\/#\/schema\/logo\/image\/","url":"https:\/\/skyfibertech.com\/wp-content\/uploads\/2019\/06\/Skyfibertech-logo-359px.png","contentUrl":"https:\/\/skyfibertech.com\/wp-content\/uploads\/2019\/06\/Skyfibertech-logo-359px.png","width":359,"height":60,"caption":"Allame Skyfibertech Fiber Blowing Machine"},"image":{"@id":"https:\/\/skyfibertech.com\/tr\/#\/schema\/logo\/image\/"},"sameAs":["https:\/\/www.facebook.com\/skyfibertech\/","https:\/\/x.com\/SkyFiberTech1","https:\/\/www.instagram.com\/allamemakina","https:\/\/www.linkedin.com\/company\/cable-blowing-machines\/","https:\/\/www.youtube.com\/@skyfibertech\/videos"],"publishingPrinciples":"https:\/\/skyfibertech.com\/privacy-policy\/","ownershipFundingInfo":"https:\/\/skyfibertech.com\/who-we-are\/","actionableFeedbackPolicy":"https:\/\/skyfibertech.com\/contact-us\/"}]}},"_links":{"self":[{"href":"https:\/\/skyfibertech.com\/tr\/wp-json\/wp\/v2\/pages\/105923","targetHints":{"allow":["GET"]}}],"collection":[{"href":"https:\/\/skyfibertech.com\/tr\/wp-json\/wp\/v2\/pages"}],"about":[{"href":"https:\/\/skyfibertech.com\/tr\/wp-json\/wp\/v2\/types\/page"}],"author":[{"embeddable":true,"href":"https:\/\/skyfibertech.com\/tr\/wp-json\/wp\/v2\/users\/1"}],"replies":[{"embeddable":true,"href":"https:\/\/skyfibertech.com\/tr\/wp-json\/wp\/v2\/comments?post=105923"}],"version-history":[{"count":0,"href":"https:\/\/skyfibertech.com\/tr\/wp-json\/wp\/v2\/pages\/105923\/revisions"}],"wp:attachment":[{"href":"https:\/\/skyfibertech.com\/tr\/wp-json\/wp\/v2\/media?parent=105923"}],"curies":[{"name":"wp","href":"https:\/\/api.w.org\/{rel}","templated":true}]}}