{"id":5077,"date":"2020-02-13T21:14:27","date_gmt":"2020-02-13T18:14:27","guid":{"rendered":"https:\/\/skyfibertech.com\/?page_id=5077"},"modified":"2023-07-01T17:15:02","modified_gmt":"2023-07-01T14:15:02","slug":"qui-nous-sommes","status":"publish","type":"page","link":"https:\/\/skyfibertech.com\/fr\/qui-nous-sommes\/","title":{"rendered":"Qui nous sommes?"},"content":{"rendered":"<div class=\"wpb-content-wrapper\"><p>[vc_row css=&#8221;.vc_custom_1459506276575{margin-bottom: 100px !important;}&#8221;][vc_column offset=&#8221;vc_col-lg-9 vc_col-md-9&#8243;][vc_single_image image=&#8221;9843&#8243; img_size=&#8221;full&#8221;][vc_separator][vc_column_text]<\/p>\n<h2>SKYFIBERTECH ALLAME MAKINA<\/h2>\n<p>SKYFIBERTECH est un fabricant leader de machines de soufflage de c\u00e2bles \u00e0 fibres optiques. Nos machines sont con\u00e7ues pour souffler rapidement et efficacement des c\u00e2bles \u00e0 fibres optiques dans des conduits existants ou dans de nouveaux syst\u00e8mes de conduits. Nous avons une large gamme de mod\u00e8les con\u00e7us pour r\u00e9pondre \u00e0 diff\u00e9rents besoins et budgets. Nous offrons \u00e9galement une vari\u00e9t\u00e9 d&#8217;accessoires et de services pour garantir que votre machine fonctionne correctement et efficacement. Nos machines sont con\u00e7ues avec des interfaces conviviales et construites pour durer. Avec leurs machines de soufflage de c\u00e2bles \u00e0 fibre optique, vous pouvez augmenter la vitesse et l&#8217;efficacit\u00e9 de vos installations de fibre optique.<\/p>\n<p>Depuis sa constitution en soci\u00e9t\u00e9 dans le secteur <strong>des t\u00e9l\u00e9communications<\/strong> , notre soci\u00e9t\u00e9 exploite la <a href=\"https:\/\/skyfibertech.com\/services\/skyjet-fiber-blowing-machines\/\"><strong>machine de soufflage de fibres<\/strong><\/a> . Notre entreprise depuis sa cr\u00e9ation jusqu&#8217;\u00e0 la qualit\u00e9 de service sup\u00e9rieure et la satisfaction de la client\u00e8le continue d&#8217;\u00eatre l&#8217;une des principales entreprises.<\/p>\n<p>Depuis 2002, nous avons commenc\u00e9 \u00e0 fabriquer les pi\u00e8ces de rechange et leurs composants \u00e0 Kocaeli. Nous principalement; Fabrication d&#8217;\u00e9quipements automobiles, de t\u00e9l\u00e9communications et industriels et de pi\u00e8ces d\u00e9tach\u00e9es.<\/p>\n<p>Apr\u00e8s six ans, nous avons commenc\u00e9 \u00e0 fabriquer des machines de soufflage de fibres et des pi\u00e8ces d\u00e9tach\u00e9es dans notre usine d&#8217;Istanbul. R\u00e9cemment,<\/p>\n<p>Allame Makina<span class=\"C-9\">  <\/span>a eu l&#8217;opportunit\u00e9 d&#8217;aider un nouveau client \u00e0 \u00e9quiper une nouvelle usine avec des \u00e9quipements nouvellement construits pour le secteur des t\u00e9l\u00e9communications. La demande \u00e9tait pour nous de concevoir et de construire des \u00e9quipements tr\u00e8s similaires en fonctionnement \u00e0 leurs \u00e9quipements de production existants.<\/p>\n<p>Maintenant; nous sommes sp\u00e9cialis\u00e9s uniquement dans la fabrication de machines de soufflage de c\u00e2bles \u00e0 fibres optiques et de pi\u00e8ces de rechange. Toutes les pi\u00e8ces et conception et RD dans notre usine et nous d\u00e9veloppons des machines qualifi\u00e9es 100% faites \u00e0 la main avec nos ing\u00e9nieurs.<\/p>\n<blockquote><p>Machine de soufflage de c\u00e2ble \u00e0 fibre optique (Allame Makina), fabricant en TURQUIE.<\/p><\/blockquote>\n<p>Nos services incluent; fabrication de pi\u00e8ces de rechange <a href=\"https:\/\/skyfibertech.com\/news-from-fiber-tech\/\">de machines<\/a> , fabrication d&#8217;une machine compl\u00e8te, stockage de pi\u00e8ces de machines, de composants ou de syst\u00e8mes n\u00e9cessaires au d\u00e9veloppement de machines avec le d\u00e9veloppement d&#8217;activit\u00e9s de R &amp; D.[\/vc_column_text][vc_gallery images=&#8221;4746,4747,4748,4749,4752&#8243; title=&#8221;Certificats d&#8217;Allame Makina&#8221;][vc_separator][vc_column_text css=&#8221;.vc_custom_1591810665416{margin-top: 45px !important;}&#8221;]<strong>Notre vision<\/strong><\/p>\n<ul>\n<li>Une croissance rentable et durable pour assurer la satisfaction \u00e0 long terme des clients et des employ\u00e9s, ainsi que la satisfaction et les objectifs.<\/li>\n<\/ul>\n<blockquote><p>Nous exportons des machines dans plus de 70 pays et plus de 4500 clients satisfaits en <strong>15 ans<\/strong> .<\/p><\/blockquote>\n<p><strong>Notre mission<\/strong><\/p>\n<ul>\n<li>Des normes \u00e9lev\u00e9es, un service de qualit\u00e9 dans le temps de nos clients pour maximiser la satisfaction du client et respecter les droits. Nos produits, solutions, service apr\u00e8s-vente, nous offrons \u00e0 nos clients une fiabilit\u00e9 et une \u00e9thique commerciale \u00e9lev\u00e9es comme premier choix pour \u00eatre une entreprise qui cr\u00e9e de la valeur pour nos employ\u00e9s et nos clients.<\/li>\n<\/ul>\n<p><strong>Notre<\/strong> <strong>Politique Qualit\u00e9<\/strong><\/p>\n<ul>\n<li>Le fait que la satisfaction du client soit une action prioritaire dans ce sens est de fournir des produits et services pour <a href=\"https:\/\/telecoms.com\/\">les t\u00e9l\u00e9coms<\/a> .<\/li>\n<\/ul>\n<p><em><strong>Pour cette raison,<\/strong><\/em><\/p>\n<p>\u2022 Respecter les termes du syst\u00e8me de management de la qualit\u00e9, pour p\u00e9renniser l&#8217;activit\u00e9.<\/p>\n<p>\u2022 L&#8217;\u00e9thique, les valeurs, le respect et l&#8217;esprit d&#8217;\u00e9quipe, et le potentiel d&#8217;augmenter la satisfaction de la client\u00e8le.<\/p>\n<p>\u2022 Am\u00e9liorer la comp\u00e9titivit\u00e9 de l&#8217;industrie en am\u00e9liorant continuellement la satisfaction et la formation du personnel.<\/p>\n<p>\u2022 Nos employ\u00e9s, clients, fournisseurs s&#8217;engagent \u00e0 long terme envers nos organisations et institutions pour augmenter la non-coop\u00e9ration.<\/p>\n<p>\u2022 Les dispositions des lois et normes pertinentes \u00e0 exporter vers le cadre.<\/p>\n<p>Pour plus d&#8217;informations, contactez nous -&gt; <a href=\"https:\/\/skyfibertech.com\/contact-us\/\">Machines de soufflage de c\u00e2bles<\/a>[\/vc_column_text][vc_column_text]<\/p>\n<h3 style=\"text-align: center;\">Nous sommes sur le MONDE!<\/h3>\n<p> <!-- start Fla-shop.com HTML5 Map --> <div class='freeHtmlMapbottom htmlMapResponsive' style='max-width:900px; width: 100%'> <div id='map-container-0' class='freeHtmlMapContainer' data-map-variable='map0'><\/div> <link href='https:\/\/skyfibertech.com\/wp-content\/plugins\/html5-maps\/static\/css\/map.css' rel='stylesheet'> <style> body .fm-tooltip { color: #000000; font-size: 20px; } <\/style> <script src='\/\/cdn.html5maps.com\/3d_party\/raphael.min.js'><\/script> <script src='https:\/\/skyfibertech.com\/index.php?freemap_js_data=true&map_id=0&r=97669'><\/script> <script src='\/\/cdn.html5maps.com\/libs\/locator\/2.4.8\/world\/map.js'><\/script> <script> var map0 = new FlaMap(map_cfg); map0.drawOnDomReady('map-container-0'); map0.on('click', function(ev, sid, map) { jQuery('#freeHtmlMapStateInfo0').html(''); var link = map.mapConfig.map_data[sid]['link']; if (link == '#info') { var id = map.mapConfig.map_data[sid]['id']; jQuery('#freeHtmlMapStateInfo0').html('Chargement\u2026'); jQuery.ajax({ type: 'POST', url: 'https:\/\/skyfibertech.com\/index.php?freemap_get_state_info='+id+'&map_id=0', success: function(data, textStatus, jqXHR){ jQuery('#freeHtmlMapStateInfo0').html(data); }, dataType: 'text' }); } }); <\/script> <div id='freeHtmlMapStateInfo0' class='freeHtmlMapStateInfo'><\/div> <\/div> <div style='clear: both'><\/div> <!-- end HTML5 Map --> [\/vc_column_text][vc_row_inner css=&#8221;.vc_custom_1455886051719{margin-bottom: 10px !important;}&#8221;][vc_column_inner width=&#8221;1\/2&#8243;][stm_icon_box hide_title_line=&#8221;hide_title_line&#8221; enable_hexagon=&#8221;enable&#8221; enable_hexagon_animation=&#8221;enable&#8221; icon=&#8221;stm-airplane&#8221; style=&#8221;icon_left&#8221; icon_size=&#8221;15&#8243; icon_width=&#8221;78&#8243; title=&#8221;Fabrication de machines et de pi\u00e8ces&#8221;]Arm\u00e9s de connaissances statistiques, d&#8217;expertise technique et de pr\u00e9dictions factuelles, nous permettons \u00e0 votre entreprise de prendre son envol.[\/stm_icon_box][\/vc_column_inner][vc_column_inner width=&#8221;1\/2&#8243;][stm_icon_box hide_title_line=&#8221;hide_title_line&#8221; enable_hexagon=&#8221;enable&#8221; enable_hexagon_animation=&#8221;enable&#8221; icon=&#8221;stm-graph&#8221; style=&#8221;icon_left&#8221; icon_size=&#8221;22&#8243; icon_width=&#8221;78&#8243; title=&#8221;Conseil en machines et services&#8221;]Nous vous aidons \u00e0 fa\u00e7onner et \u00e0 positionner vos services commerciaux de mani\u00e8re \u00e0 am\u00e9liorer le rendement de vos clients.[\/stm_icon_box][\/vc_column_inner][\/vc_row_inner][vc_row_inner css=&#8221;.vc_custom_1455886085190{margin-bottom: 10px !important;}&#8221;][vc_column_inner width=&#8221;1\/2&#8243;][stm_icon_box hide_title_line=&#8221;hide_title_line&#8221; enable_hexagon=&#8221;enable&#8221; enable_hexagon_animation=&#8221;enable&#8221; icon=&#8221;stm-cart&#8221; style=&#8221;icon_left&#8221; icon_size=&#8221;21&#8243; icon_width=&#8221;78&#8243; title=&#8221;Conseil industriel grand public&#8221;]Nous aidons les entreprises sp\u00e9cialis\u00e9es dans les produits de consommation \u00e0 cr\u00e9er et \u00e0 pr\u00e9senter des produits qui s&#8217;int\u00e8grent parfaitement dans l&#8217;air du temps.[\/stm_icon_box][\/vc_column_inner][vc_column_inner width=&#8221;1\/2&#8243;][stm_icon_box hide_title_line=&#8221;hide_title_line&#8221; enable_hexagon=&#8221;enable&#8221; enable_hexagon_animation=&#8221;enable&#8221; icon=&#8221;stm-home&#8221; style=&#8221;icon_left&#8221; icon_size=&#8221;23&#8243; icon_width=&#8221;78&#8243; title=&#8221;Conseil en services de pi\u00e8ces&#8221;]Nos experts financiers vous aident \u00e0 analyser les donn\u00e9es financi\u00e8res afin de cr\u00e9er une base financi\u00e8re stable.[\/stm_icon_box][\/vc_column_inner][\/vc_row_inner][vc_row_inner][vc_column_inner width=&#8221;1\/2&#8243;][stm_icon_box hide_title_line=&#8221;hide_title_line&#8221; enable_hexagon=&#8221;enable&#8221; enable_hexagon_animation=&#8221;enable&#8221; icon=&#8221;stm-lamp&#8221; style=&#8221;icon_left&#8221; icon_size=&#8221;27&#8243; icon_width=&#8221;78&#8243; title=&#8221;Conseil en \u00e9nergie et environnement&#8221;]Nous travaillons avec des compagnies \u00e9nerg\u00e9tiques pour augmenter leur efficacit\u00e9 et \u00e9liminer toute pratique nuisible \u00e0 l&#8217;environnement.[\/stm_icon_box][\/vc_column_inner][vc_column_inner width=&#8221;1\/2&#8243;][stm_icon_box hide_title_line=&#8221;hide_title_line&#8221; enable_hexagon=&#8221;enable&#8221; enable_hexagon_animation=&#8221;enable&#8221; icon=&#8221;stm-truck&#8221; style=&#8221;icon_left&#8221; icon_size=&#8221;19&#8243; icon_width=&#8221;78&#8243; title=&#8221;Conseil en services t\u00e9l\u00e9coms&#8221;]Nous sommes une entreprise qui offre des services de conception et de construction pour vous, des esquisses initiales \u00e0 la construction finale.[\/stm_icon_box][\/vc_column_inner][\/vc_row_inner][vc_separator][vc_row_inner][vc_column_inner width=&#8221;1\/5&#8243;][vc_icon icon_fontawesome=&#8221;stm-badge&#8221; color=&#8221;juicy_pink&#8221; size=&#8221;xl&#8221; align=&#8221;right&#8221;][\/vc_column_inner][vc_column_inner width=&#8221;1\/5&#8243;][stm_stats_counter stat_counter_style=&#8221;style_5&#8243; counter_value=&#8221;115000&#8243; counter_value_suf=&#8221;+&#8221; title_color=&#8221;&#8221; icon_color=&#8221;&#8221; title=&#8221;Connexions client&#8221;][\/vc_column_inner][vc_column_inner width=&#8221;1\/5&#8243;][stm_stats_counter stat_counter_style=&#8221;style_5&#8243; counter_value=&#8221;7500&#8243; counter_value_suf=&#8221;+&#8221; title_color=&#8221;&#8221; icon_color=&#8221;&#8221; alignment=&#8221;right&#8221; title=&#8221;Clients satisfaits&#8221;][\/vc_column_inner][vc_column_inner width=&#8221;1\/5&#8243;][stm_stats_counter stat_counter_style=&#8221;style_5&#8243; counter_value=&#8221;1000000&#8243; counter_value_suf=&#8221;+&#8221; title_color=&#8221;&#8221; icon_color=&#8221;&#8221; alignment=&#8221;right&#8221; title=&#8221;Un milliard de merci&nbsp;!&#8221;][\/vc_column_inner][vc_column_inner width=&#8221;1\/5&#8243;][vc_icon icon_fontawesome=&#8221;stm-badge&#8221; color=&#8221;juicy_pink&#8221; size=&#8221;xl&#8221;][\/vc_column_inner][\/vc_row_inner][\/vc_column][vc_column width=&#8221;1\/4&#8243; offset=&#8221;vc_hidden-sm vc_hidden-xs&#8221;][stm_sidebar sidebar=&#8221;577&#8243;][\/vc_column][\/vc_row][vc_row full_width=&#8221;stretch_row&#8221; css=&#8221;.vc_custom_1459505959648{margin-bottom: -60px !important;}&#8221; el_class=&#8221;third_bg_color&#8221;][vc_column][vc_cta h2=&#8221;If you need more info!&#8221; h2_font_container=&#8221;tag:h2|font_size:24px|text_align:left|color:%23ffffff|line_height:24px&#8221; h2_use_theme_fonts=&#8221;yes&#8221; shape=&#8221;square&#8221; style=&#8221;flat&#8221; color=&#8221;white&#8221; add_button=&#8221;right&#8221; btn_title=&#8221;Click here to contact us!&#8221; btn_style=&#8221;flat&#8221; btn_color=&#8221;theme_style_2&#8243; btn_size=&#8221;lg&#8221; btn_align=&#8221;right&#8221; btn_i_align=&#8221;right&#8221; btn_i_icon_fontawesome=&#8221;fa fa-chevron-right&#8221; particles=&#8221;yes&#8221; use_custom_fonts_h2=&#8221;true&#8221; btn_add_icon=&#8221;true&#8221; btn_link=&#8221;url:https%3A%2F%2Fskyfibertech.com%2Fcontact-us%2F|title:Contact%20Us||&#8221; el_class=&#8221;third_bg_color&#8221; css=&#8221;.vc_custom_1620477394904{margin-bottom: 0px !important;}&#8221;]<span style=\"color: #ffffff;\">Vous pouvez utiliser notre formulaire de contact rapide pour obtenir plus d&#8217;informations sur nos machines. Catalogues disponibles, photos, vid\u00e9os et plus\u2026<\/span>[\/vc_cta][\/vc_column][\/vc_row]<\/p>\n<\/div>","protected":false},"excerpt":{"rendered":"<p>[vc_row css=&#8221;.vc_custom_1459506276575{margin-bottom: 100px !important;}&#8221;][vc_column offset=&#8221;vc_col-lg-9 vc_col-md-9&#8243;][vc_single_image image=&#8221;9843&#8243; img_size=&#8221;full&#8221;][vc_separator][vc_column_text] SKYFIBERTECH ALLAME MAKINA SKYFIBERTECH est un fabricant leader de machines de soufflage de c\u00e2bles \u00e0 fibres optiques. Nos machines sont con\u00e7ues pour souffler rapidement et efficacement des c\u00e2bles \u00e0 fibres optiques dans des conduits existants ou dans de nouveaux syst\u00e8mes de conduits. Nous avons une large gamme<\/p>\n","protected":false},"author":1,"featured_media":5084,"parent":0,"menu_order":0,"comment_status":"closed","ping_status":"closed","template":"","meta":{"_joinchat":[],"footnotes":""},"class_list":["post-5077","page","type-page","status-publish","has-post-thumbnail","hentry"],"yoast_head":"<!-- This site is optimized with the Yoast SEO Premium plugin v26.6 (Yoast SEO v27.4) - https:\/\/yoast.com\/product\/yoast-seo-premium-wordpress\/ -->\n<title>Qui nous sommes? Fiber Cable Blowing Machines Manufacturer!<\/title>\n<meta name=\"description\" content=\"Depuis sa constitution en soci\u00e9t\u00e9 dans le secteur des t\u00e9l\u00e9communications, notre entreprise exploite la machine de soufflage de fibres pour c\u00e2bles \u00e0 fibres optiques.\" \/>\n<meta name=\"robots\" content=\"index, follow, max-snippet:-1, max-image-preview:large, max-video-preview:-1\" \/>\n<link rel=\"canonical\" href=\"https:\/\/skyfibertech.com\/fr\/qui-nous-sommes\/\" \/>\n<meta property=\"og:locale\" content=\"fr_FR\" \/>\n<meta property=\"og:type\" content=\"article\" \/>\n<meta property=\"og:title\" content=\"Qui nous sommes?\" \/>\n<meta property=\"og:description\" content=\"Depuis sa constitution en soci\u00e9t\u00e9 dans le secteur des t\u00e9l\u00e9communications, notre entreprise exploite la machine de soufflage de fibres pour c\u00e2bles \u00e0 fibres optiques.\" \/>\n<meta property=\"og:url\" content=\"https:\/\/skyfibertech.com\/fr\/qui-nous-sommes\/\" \/>\n<meta property=\"og:site_name\" content=\"Fiber Cable Blowing Machines Manufacturer!\" \/>\n<meta property=\"article:publisher\" content=\"https:\/\/www.facebook.com\/skyfibertech\/\" \/>\n<meta property=\"article:modified_time\" content=\"2023-07-01T14:15:02+00:00\" \/>\n<meta property=\"og:image\" content=\"https:\/\/skyfibertech.com\/wp-content\/uploads\/2019\/11\/hydrosky-fiber-blowing-machine.jpg\" \/>\n\t<meta property=\"og:image:width\" content=\"1024\" \/>\n\t<meta property=\"og:image:height\" content=\"576\" \/>\n\t<meta property=\"og:image:type\" content=\"image\/jpeg\" \/>\n<meta name=\"twitter:label1\" content=\"Dur\u00e9e de lecture estim\u00e9e\" \/>\n\t<meta name=\"twitter:data1\" content=\"7 minutes\" \/>\n<script type=\"application\/ld+json\" class=\"yoast-schema-graph\">{\"@context\":\"https:\\\/\\\/schema.org\",\"@graph\":[{\"@type\":\"WebPage\",\"@id\":\"https:\\\/\\\/skyfibertech.com\\\/fr\\\/qui-nous-sommes\\\/\",\"url\":\"https:\\\/\\\/skyfibertech.com\\\/fr\\\/qui-nous-sommes\\\/\",\"name\":\"Qui nous sommes? Fiber Cable Blowing Machines Manufacturer!\",\"isPartOf\":{\"@id\":\"https:\\\/\\\/skyfibertech.com\\\/fr\\\/#website\"},\"primaryImageOfPage\":{\"@id\":\"https:\\\/\\\/skyfibertech.com\\\/fr\\\/qui-nous-sommes\\\/#primaryimage\"},\"image\":{\"@id\":\"https:\\\/\\\/skyfibertech.com\\\/fr\\\/qui-nous-sommes\\\/#primaryimage\"},\"thumbnailUrl\":\"https:\\\/\\\/skyfibertech.com\\\/wp-content\\\/uploads\\\/2019\\\/11\\\/hydrosky-fiber-blowing-machine.jpg\",\"datePublished\":\"2020-02-13T18:14:27+00:00\",\"dateModified\":\"2023-07-01T14:15:02+00:00\",\"description\":\"Depuis sa constitution en soci\u00e9t\u00e9 dans le secteur des t\u00e9l\u00e9communications, notre entreprise exploite la machine de soufflage de fibres pour c\u00e2bles \u00e0 fibres optiques.\",\"breadcrumb\":{\"@id\":\"https:\\\/\\\/skyfibertech.com\\\/fr\\\/qui-nous-sommes\\\/#breadcrumb\"},\"inLanguage\":\"fr-FR\",\"potentialAction\":[{\"@type\":\"ReadAction\",\"target\":[\"https:\\\/\\\/skyfibertech.com\\\/fr\\\/qui-nous-sommes\\\/\"]}]},{\"@type\":\"ImageObject\",\"inLanguage\":\"fr-FR\",\"@id\":\"https:\\\/\\\/skyfibertech.com\\\/fr\\\/qui-nous-sommes\\\/#primaryimage\",\"url\":\"https:\\\/\\\/skyfibertech.com\\\/wp-content\\\/uploads\\\/2019\\\/11\\\/hydrosky-fiber-blowing-machine.jpg\",\"contentUrl\":\"https:\\\/\\\/skyfibertech.com\\\/wp-content\\\/uploads\\\/2019\\\/11\\\/hydrosky-fiber-blowing-machine.jpg\",\"width\":1024,\"height\":576,\"caption\":\"Machine de soufflage fibre optique prix\"},{\"@type\":\"BreadcrumbList\",\"@id\":\"https:\\\/\\\/skyfibertech.com\\\/fr\\\/qui-nous-sommes\\\/#breadcrumb\",\"itemListElement\":[{\"@type\":\"ListItem\",\"position\":1,\"name\":\"Home\",\"item\":\"https:\\\/\\\/skyfibertech.com\\\/fr\\\/machines-de-soufflage-de-cable-en-fibre\\\/\"},{\"@type\":\"ListItem\",\"position\":2,\"name\":\"Qui nous sommes?\"}]},{\"@type\":\"WebSite\",\"@id\":\"https:\\\/\\\/skyfibertech.com\\\/fr\\\/#website\",\"url\":\"https:\\\/\\\/skyfibertech.com\\\/fr\\\/\",\"name\":\"Fiber Cable Blowing Machine Manufacturer Turkiye!\",\"description\":\"Cable Blowing Machines for telecomunication industry!\",\"publisher\":{\"@id\":\"https:\\\/\\\/skyfibertech.com\\\/fr\\\/#organization\"},\"alternateName\":\"Skyfibertech Allame Makina!\",\"potentialAction\":[{\"@type\":\"SearchAction\",\"target\":{\"@type\":\"EntryPoint\",\"urlTemplate\":\"https:\\\/\\\/skyfibertech.com\\\/fr\\\/?s={search_term_string}\"},\"query-input\":{\"@type\":\"PropertyValueSpecification\",\"valueRequired\":true,\"valueName\":\"search_term_string\"}}],\"inLanguage\":\"fr-FR\"},{\"@type\":\"Organization\",\"@id\":\"https:\\\/\\\/skyfibertech.com\\\/fr\\\/#organization\",\"name\":\"Allame Skyfibertech Fiber Blowing Machine\",\"alternateName\":\"Cable Blowing Machine Manufacturer\",\"url\":\"https:\\\/\\\/skyfibertech.com\\\/fr\\\/\",\"logo\":{\"@type\":\"ImageObject\",\"inLanguage\":\"fr-FR\",\"@id\":\"https:\\\/\\\/skyfibertech.com\\\/fr\\\/#\\\/schema\\\/logo\\\/image\\\/\",\"url\":\"https:\\\/\\\/skyfibertech.com\\\/wp-content\\\/uploads\\\/2019\\\/06\\\/Skyfibertech-logo-359px.png\",\"contentUrl\":\"https:\\\/\\\/skyfibertech.com\\\/wp-content\\\/uploads\\\/2019\\\/06\\\/Skyfibertech-logo-359px.png\",\"width\":359,\"height\":60,\"caption\":\"Allame Skyfibertech Fiber Blowing Machine\"},\"image\":{\"@id\":\"https:\\\/\\\/skyfibertech.com\\\/fr\\\/#\\\/schema\\\/logo\\\/image\\\/\"},\"sameAs\":[\"https:\\\/\\\/www.facebook.com\\\/skyfibertech\\\/\",\"https:\\\/\\\/x.com\\\/SkyFiberTech1\",\"https:\\\/\\\/www.instagram.com\\\/allamemakina\",\"https:\\\/\\\/www.linkedin.com\\\/company\\\/cable-blowing-machines\\\/\",\"https:\\\/\\\/www.youtube.com\\\/@skyfibertech\\\/videos\"],\"publishingPrinciples\":\"https:\\\/\\\/skyfibertech.com\\\/privacy-policy\\\/\",\"ownershipFundingInfo\":\"https:\\\/\\\/skyfibertech.com\\\/who-we-are\\\/\",\"actionableFeedbackPolicy\":\"https:\\\/\\\/skyfibertech.com\\\/contact-us\\\/\"}]}<\/script>\n<!-- \/ Yoast SEO Premium plugin. -->","yoast_head_json":{"title":"Qui nous sommes? Fiber Cable Blowing Machines Manufacturer!","description":"Depuis sa constitution en soci\u00e9t\u00e9 dans le secteur des t\u00e9l\u00e9communications, notre entreprise exploite la machine de soufflage de fibres pour c\u00e2bles \u00e0 fibres optiques.","robots":{"index":"index","follow":"follow","max-snippet":"max-snippet:-1","max-image-preview":"max-image-preview:large","max-video-preview":"max-video-preview:-1"},"canonical":"https:\/\/skyfibertech.com\/fr\/qui-nous-sommes\/","og_locale":"fr_FR","og_type":"article","og_title":"Qui nous sommes?","og_description":"Depuis sa constitution en soci\u00e9t\u00e9 dans le secteur des t\u00e9l\u00e9communications, notre entreprise exploite la machine de soufflage de fibres pour c\u00e2bles \u00e0 fibres optiques.","og_url":"https:\/\/skyfibertech.com\/fr\/qui-nous-sommes\/","og_site_name":"Fiber Cable Blowing Machines Manufacturer!","article_publisher":"https:\/\/www.facebook.com\/skyfibertech\/","article_modified_time":"2023-07-01T14:15:02+00:00","og_image":[{"width":1024,"height":576,"url":"https:\/\/skyfibertech.com\/wp-content\/uploads\/2019\/11\/hydrosky-fiber-blowing-machine.jpg","type":"image\/jpeg"}],"twitter_misc":{"Dur\u00e9e de lecture estim\u00e9e":"7 minutes"},"schema":{"@context":"https:\/\/schema.org","@graph":[{"@type":"WebPage","@id":"https:\/\/skyfibertech.com\/fr\/qui-nous-sommes\/","url":"https:\/\/skyfibertech.com\/fr\/qui-nous-sommes\/","name":"Qui nous sommes? Fiber Cable Blowing Machines Manufacturer!","isPartOf":{"@id":"https:\/\/skyfibertech.com\/fr\/#website"},"primaryImageOfPage":{"@id":"https:\/\/skyfibertech.com\/fr\/qui-nous-sommes\/#primaryimage"},"image":{"@id":"https:\/\/skyfibertech.com\/fr\/qui-nous-sommes\/#primaryimage"},"thumbnailUrl":"https:\/\/skyfibertech.com\/wp-content\/uploads\/2019\/11\/hydrosky-fiber-blowing-machine.jpg","datePublished":"2020-02-13T18:14:27+00:00","dateModified":"2023-07-01T14:15:02+00:00","description":"Depuis sa constitution en soci\u00e9t\u00e9 dans le secteur des t\u00e9l\u00e9communications, notre entreprise exploite la machine de soufflage de fibres pour c\u00e2bles \u00e0 fibres optiques.","breadcrumb":{"@id":"https:\/\/skyfibertech.com\/fr\/qui-nous-sommes\/#breadcrumb"},"inLanguage":"fr-FR","potentialAction":[{"@type":"ReadAction","target":["https:\/\/skyfibertech.com\/fr\/qui-nous-sommes\/"]}]},{"@type":"ImageObject","inLanguage":"fr-FR","@id":"https:\/\/skyfibertech.com\/fr\/qui-nous-sommes\/#primaryimage","url":"https:\/\/skyfibertech.com\/wp-content\/uploads\/2019\/11\/hydrosky-fiber-blowing-machine.jpg","contentUrl":"https:\/\/skyfibertech.com\/wp-content\/uploads\/2019\/11\/hydrosky-fiber-blowing-machine.jpg","width":1024,"height":576,"caption":"Machine de soufflage fibre optique prix"},{"@type":"BreadcrumbList","@id":"https:\/\/skyfibertech.com\/fr\/qui-nous-sommes\/#breadcrumb","itemListElement":[{"@type":"ListItem","position":1,"name":"Home","item":"https:\/\/skyfibertech.com\/fr\/machines-de-soufflage-de-cable-en-fibre\/"},{"@type":"ListItem","position":2,"name":"Qui nous sommes?"}]},{"@type":"WebSite","@id":"https:\/\/skyfibertech.com\/fr\/#website","url":"https:\/\/skyfibertech.com\/fr\/","name":"Fiber Cable Blowing Machine Manufacturer Turkiye!","description":"Cable Blowing Machines for telecomunication industry!","publisher":{"@id":"https:\/\/skyfibertech.com\/fr\/#organization"},"alternateName":"Skyfibertech Allame Makina!","potentialAction":[{"@type":"SearchAction","target":{"@type":"EntryPoint","urlTemplate":"https:\/\/skyfibertech.com\/fr\/?s={search_term_string}"},"query-input":{"@type":"PropertyValueSpecification","valueRequired":true,"valueName":"search_term_string"}}],"inLanguage":"fr-FR"},{"@type":"Organization","@id":"https:\/\/skyfibertech.com\/fr\/#organization","name":"Allame Skyfibertech Fiber Blowing Machine","alternateName":"Cable Blowing Machine Manufacturer","url":"https:\/\/skyfibertech.com\/fr\/","logo":{"@type":"ImageObject","inLanguage":"fr-FR","@id":"https:\/\/skyfibertech.com\/fr\/#\/schema\/logo\/image\/","url":"https:\/\/skyfibertech.com\/wp-content\/uploads\/2019\/06\/Skyfibertech-logo-359px.png","contentUrl":"https:\/\/skyfibertech.com\/wp-content\/uploads\/2019\/06\/Skyfibertech-logo-359px.png","width":359,"height":60,"caption":"Allame Skyfibertech Fiber Blowing Machine"},"image":{"@id":"https:\/\/skyfibertech.com\/fr\/#\/schema\/logo\/image\/"},"sameAs":["https:\/\/www.facebook.com\/skyfibertech\/","https:\/\/x.com\/SkyFiberTech1","https:\/\/www.instagram.com\/allamemakina","https:\/\/www.linkedin.com\/company\/cable-blowing-machines\/","https:\/\/www.youtube.com\/@skyfibertech\/videos"],"publishingPrinciples":"https:\/\/skyfibertech.com\/privacy-policy\/","ownershipFundingInfo":"https:\/\/skyfibertech.com\/who-we-are\/","actionableFeedbackPolicy":"https:\/\/skyfibertech.com\/contact-us\/"}]}},"_links":{"self":[{"href":"https:\/\/skyfibertech.com\/fr\/wp-json\/wp\/v2\/pages\/5077","targetHints":{"allow":["GET"]}}],"collection":[{"href":"https:\/\/skyfibertech.com\/fr\/wp-json\/wp\/v2\/pages"}],"about":[{"href":"https:\/\/skyfibertech.com\/fr\/wp-json\/wp\/v2\/types\/page"}],"author":[{"embeddable":true,"href":"https:\/\/skyfibertech.com\/fr\/wp-json\/wp\/v2\/users\/1"}],"replies":[{"embeddable":true,"href":"https:\/\/skyfibertech.com\/fr\/wp-json\/wp\/v2\/comments?post=5077"}],"version-history":[{"count":0,"href":"https:\/\/skyfibertech.com\/fr\/wp-json\/wp\/v2\/pages\/5077\/revisions"}],"wp:featuredmedia":[{"embeddable":true,"href":"https:\/\/skyfibertech.com\/fr\/wp-json\/wp\/v2\/media\/5084"}],"wp:attachment":[{"href":"https:\/\/skyfibertech.com\/fr\/wp-json\/wp\/v2\/media?parent=5077"}],"curies":[{"name":"wp","href":"https:\/\/api.w.org\/{rel}","templated":true}]}}