{"id":4983,"date":"2020-02-13T16:35:27","date_gmt":"2020-02-13T13:35:27","guid":{"rendered":"https:\/\/skyfibertech.com\/?page_id=4983"},"modified":"2023-07-02T00:13:02","modified_gmt":"2023-07-01T21:13:02","slug":"machine-de-soufflage-fibre-optique","status":"publish","type":"page","link":"https:\/\/skyfibertech.com\/fr\/machine-de-soufflage-fibre-optique\/","title":{"rendered":"Machine de soufflage fibre optique"},"content":{"rendered":"<div class=\"wpb-content-wrapper\"><p>[vc_row css=&#8221;.vc_custom_1540962548235{margin-bottom: 30px !important;}&#8221;][vc_column offset=&#8221;vc_col-lg-9 vc_col-md-9&#8243;][stm_services posts_per_page=&#8221;12&#8243; posts_per_row=&#8221;3&#8243; category=&#8221;machines-de-soufflage-de-fibres&#8221; service_more=&#8221;yes&#8221;][vc_separator][vc_column_text]<\/p>\n<h2><span lang=\"fr\">Points \u00e0 prendre en compte\u00a0 \u00a0lors du choix de la machine de soufflage de c\u00e2bles \u00e0 fibres optiques.<\/span><\/h2>\n<p><span lang=\"fr\">Le secteur des t\u00e9l\u00e9communications est en plein essor avec des innovations\u00a0 de la technologique en d\u00e9veloppement et des conditions de travail difficiles. C&#8217;est dans cette contexte, les souffleuses de c\u00e2bles en fibre optique selon notre exp\u00e9rience sont tr\u00e8s importantes. Chaque d\u00e9fi s&#8217;accompagne d&#8217;innovation. Vous pouvez facilement souffler des c\u00e2bles en fibre dans les tuyaux en PEHD. Pour chaque machine de soufflage de c\u00e2bles, si vos c\u00e2bles sont minces, il existe une machine \u00e0 faible couple pour les diam\u00e8tres de c\u00e2ble plus \u00e9pais, plus la puissance de votre machine sera \u00e9lev\u00e9e. Regardons avec des informations plus d\u00e9taill\u00e9es.<\/span><\/p>\n<p>&nbsp;<\/p>\n<p>&nbsp;<\/p>\n<blockquote>\n<h3><img decoding=\"async\" class=\"aligncenter wp-image-5869 lazyload\" data-src=\"https:\/\/skyfibertech.com\/wp-content\/uploads\/2020\/06\/Hydrosky-by-Allame-Makina-300x200.jpg\" alt=\"\" width=\"600\" height=\"400\" data-srcset=\"https:\/\/skyfibertech.com\/wp-content\/uploads\/2020\/06\/Hydrosky-by-Allame-Makina-300x200.jpg 300w, https:\/\/skyfibertech.com\/wp-content\/uploads\/2020\/06\/Hydrosky-by-Allame-Makina-768x512.jpg 768w, https:\/\/skyfibertech.com\/wp-content\/uploads\/2020\/06\/Hydrosky-by-Allame-Makina.jpg 1000w\" data-sizes=\"auto\" src=\"data:image\/svg+xml;base64,PHN2ZyB3aWR0aD0iMSIgaGVpZ2h0PSIxIiB4bWxucz0iaHR0cDovL3d3dy53My5vcmcvMjAwMC9zdmciPjwvc3ZnPg==\" style=\"--smush-placeholder-width: 600px; --smush-placeholder-aspect-ratio: 600\/400;\" data-original-sizes=\"(max-width: 600px) 100vw, 600px\" \/><\/h3>\n<p>Hydrosky by Allame Makina<\/p>\n<h3>Diam\u00e8tre de la bout de soufflage de c\u00e2ble \u00e0 fibre<\/h3>\n<\/blockquote>\n<ul>\n<li><a href=\"https:\/\/skyfibertech.com\/fr\/services\/drillsky-cable-blowing-machine\/\"><strong><u>DrillSKY <\/u><\/strong><\/a>sont con\u00e7us pour souffler des c\u00e2bles \u00e0 fibre de <strong>1 mm \u00e0 5 mm<\/strong>. DrillSKY obtient la puissance \u00e0 l&#8217;aide d&#8217;une <strong>perceuse<\/strong> et le roulement . Les machines peuvent souffler jusqu&#8217;\u00e0 <strong>1500 m\u00e8tres<\/strong> dans les tuyaux en PEHD. Si le diam\u00e8tre du c\u00e2ble est plus \u00e9pais, la distance de soufflage doit \u00eatre plus petite. Il convient \u00e9galement de noter que le frottement \u00e0 l&#8217;int\u00e9rieur du tuyau en PEHD est tr\u00e8s important. Vous devriez donner beaucoup de vigilance\u00a0 pour une meilleur soufflage.;<\/li>\n<li><a href=\"https:\/\/skyfibertech.com\/fr\/services\/microsky-machine-de-soufflage-des-cables\/\"><strong><u>MicroSKY<\/u><\/strong><\/a>\u00a0 sont con\u00e7us pour souffler des c\u00e2bles\u00a0 <strong>7 mm jusqu&#8217;\u00e0\u00a0 2 mm<\/strong>. Le moteur pneumatique\u00a0 et <em>requi\u00e8rent<\/em> le couple , les compresseurs \u00e0 air sont auss\u0131 fabriqu\u00e9s. DrillSKY s&#8217;adapte \u00e0 toutes les fonctionnalit\u00e9s. Il est recommand\u00e9 pour les c\u00e2bles \u00e0 fibres de <strong>2 mm<\/strong> d&#8217;\u00e9paisseur et plus.;<\/li>\n<\/ul>\n<ul>\n<li><a href=\"https:\/\/skyfibertech.com\/fr\/services\/minisky-machine-soufflage-fibre-optique\/\"><strong><u>MiniSKY <\/u><\/strong><\/a>sont con\u00e7us\u00a0pour souffler des c\u00e2bles \u00e0 fibre optique de <strong>3 mm \u00e0 12 mm<\/strong>. Il poss\u00e8de un moteur pneumatique. La force\u00a0 provient\u00a0 du syst\u00e8me d&#8217;engrenage m\u00e9canique, connectez le syst\u00e8me de courroie sup\u00e9rieure et inf\u00e9rieure simultan\u00e9ment pour obtenir le d\u00e9placement. Il en r\u00e9sulte une puissance plus \u00e9lev\u00e9e pour le diam\u00e8tres plus \u00e9pais. Comme pour toutes les machines, une pression \u00e9lev\u00e9e est d\u00e9mand\u00e9e avec MINISKY. Le c\u00e2ble \u00e0 fibre est souffl\u00e9 jusqu&#8217;\u00e0 <strong>4000 m<\/strong>. La pression minimale recommand\u00e9e est de <strong>7 bars.<\/strong>;<\/li>\n<\/ul>\n<ul>\n<li><a href=\"https:\/\/skyfibertech.com\/fr\/services\/skyjet-machines-soufflage-cables\/\"><strong><u>SKYJET<\/u><\/strong><\/a>, sont con\u00e7us pour souffler les c\u00e2bles \u00e0 fibre optique de <strong>8 mm \u00e0 18 mm<\/strong>. Une puissance \u00e9lev\u00e9e est obtenue\u00a0 \u00e0 l&#8217;aide de <strong>2<\/strong>\u00a0 <strong>moteurs pneumatiques<\/strong>. Deux syst\u00e8mes des courroies sont entra\u00een\u00e9s par deux moteurs pneumatiques s\u00e9par\u00e9s. Le moteur pneumatique fonctionne avec l&#8217;air du compresseur. L&#8217;id\u00e9al pour les c\u00e2bles \u00e9pais. La pression minimum est de <strong>12 bar <\/strong>et le d\u00e9bit d&#8217;air fourni est\u00a0 de<strong> 10 m<sup>3<\/sup>\/min.<\/strong>\u00a0Elle peut souffler des c\u00e2bles jusqu&#8217;\u00e0 <strong>6000 m<\/strong>\u00a0 en une seule prise.<\/li>\n<li><a href=\"https:\/\/skyfibertech.com\/fr\/services\/hydrosky-machine-soufflage-cables\/\"><strong><u>HydroSKY<\/u> <\/strong><\/a>sont con\u00e7us pour souffler des c\u00e2bles \u00e0 fibre de <strong>8 mm \u00e0 24 mm<\/strong>. Cette derni<em>\u00e8re f<\/em>onctionne \u00e0 l&#8217;aide de 2 <strong>moteurs hydrauliques<\/strong>. Les moteurs hydrauliques sont aliment\u00e9s par le groupe hydraulique (par exemple Honda Gx270). Avec une puissance maximale, vous pouvez facilement souffler \u00e0 travers les c\u00e2bles \u00e0 fibres optiques les plus \u00e9pais. HydroSKY poss\u00e8de aussi leur propre groupe hydraulique. Vous pouvez \u00e9galement l&#8217;acheter s\u00e9par\u00e9ment (uniquement unit\u00e9 d&#8217;alimentation ou la machine de soufflage ). Il peut atteindre\u00a0 jusqu&#8217;\u00e0 6000 m\u00e8tres en un seul coup. La pression minimale recommand\u00e9e est de\u00a0 <strong>12 bar<\/strong> et le d\u00e9bit d&#8217;air fourni est <strong>10 m<sup>3<\/sup>\/min<\/strong>.<\/li>\n<\/ul>\n<p>Gagnez du temps et de la manoeuvre. Nous vous invitons \u00e0 notre usine qui est situ\u00e9\u00a0 \u00e0 <a href=\"https:\/\/www.kocaeli.bel.tr\/\">Kocaeli<\/a>.[\/vc_column_text][vc_text_separator][\/vc_column][vc_column width=&#8221;1\/4&#8243; offset=&#8221;vc_hidden-sm vc_hidden-xs&#8221;][stm_sidebar sidebar=&#8221;573&#8243;][\/vc_column][\/vc_row][vc_row full_width=&#8221;stretch_row&#8221; css=&#8221;.vc_custom_1459505959648{margin-bottom: -60px !important;}&#8221; el_class=&#8221;third_bg_color&#8221;][vc_column][vc_cta h2=&#8221;Si vous avez besoin plus d&#8217;information!&#8221; shape=&#8221;square&#8221; style=&#8221;flat&#8221; color=&#8221;sky&#8221; add_button=&#8221;right&#8221; btn_title=&#8221;get a quote!&#8221; btn_style=&#8221;flat&#8221; btn_color=&#8221;theme_style_2&#8243; btn_size=&#8221;lg&#8221; btn_align=&#8221;right&#8221; btn_link=&#8221;url:https%3A%2F%2Fskyfibertech.com%2Fcontact-us%2F|title:Contact%20Us||rel:nofollow&#8221; el_class=&#8221;third_bg_color&#8221; css=&#8221;.vc_custom_1581673762299{margin-bottom: 0px !important;}&#8221;]Vous pouvez utiliser notre formulaire de contact\u00a0 pour obtenir plus d\u2019informations sur nos machines. Les Catalogues, photos, et vid\u00e9os sont auss\u0131 disponibles etc\u2026[\/vc_cta][\/vc_column][\/vc_row]<\/p>\n<\/div>","protected":false},"excerpt":{"rendered":"<p>[vc_row css=&#8221;.vc_custom_1540962548235{margin-bottom: 30px !important;}&#8221;][vc_column offset=&#8221;vc_col-lg-9 vc_col-md-9&#8243;][stm_services posts_per_page=&#8221;12&#8243; posts_per_row=&#8221;3&#8243; category=&#8221;machines-de-soufflage-de-fibres&#8221; service_more=&#8221;yes&#8221;][vc_separator][vc_column_text] Points \u00e0 prendre en compte\u00a0 \u00a0lors du choix de la machine de soufflage de c\u00e2bles \u00e0 fibres optiques. Le secteur des t\u00e9l\u00e9communications est en plein essor avec des innovations\u00a0 de la technologique en d\u00e9veloppement et des conditions de travail difficiles. C&#8217;est dans cette contexte, les<\/p>\n","protected":false},"author":1,"featured_media":4985,"parent":0,"menu_order":0,"comment_status":"closed","ping_status":"closed","template":"","meta":{"_joinchat":[],"footnotes":""},"class_list":["post-4983","page","type-page","status-publish","has-post-thumbnail","hentry"],"yoast_head":"<!-- This site is optimized with the Yoast SEO Premium plugin v26.6 (Yoast SEO v27.1.1) - https:\/\/yoast.com\/product\/yoast-seo-premium-wordpress\/ -->\n<title>Machine de soufflage fibre optique<\/title>\n<meta name=\"description\" content=\"Pour chaque machine de soufflage de c\u00e2bles, si vos c\u00e2bles sont minces, il existe une machine \u00e0 faible couple pour les diam\u00e8tres de c\u00e2ble\" \/>\n<meta name=\"robots\" content=\"index, follow, max-snippet:-1, max-image-preview:large, max-video-preview:-1\" \/>\n<link rel=\"canonical\" href=\"https:\/\/skyfibertech.com\/fr\/machine-de-soufflage-fibre-optique\/\" \/>\n<meta property=\"og:locale\" content=\"fr_FR\" \/>\n<meta property=\"og:type\" content=\"article\" \/>\n<meta property=\"og:title\" content=\"Machine de soufflage fibre optique\" \/>\n<meta property=\"og:description\" content=\"Pour chaque machine de soufflage de c\u00e2bles, si vos c\u00e2bles sont minces, il existe une machine \u00e0 faible couple pour les diam\u00e8tres de c\u00e2ble\" \/>\n<meta property=\"og:url\" content=\"https:\/\/skyfibertech.com\/fr\/machine-de-soufflage-fibre-optique\/\" \/>\n<meta property=\"og:site_name\" content=\"Fiber Cable Blowing Machines Manufacturer!\" \/>\n<meta property=\"article:publisher\" content=\"https:\/\/www.facebook.com\/skyfibertech\/\" \/>\n<meta property=\"article:modified_time\" content=\"2023-07-01T21:13:02+00:00\" \/>\n<meta property=\"og:image\" content=\"https:\/\/skyfibertech.com\/wp-content\/uploads\/2020\/01\/MiniSKY-scaled.jpg\" \/>\n\t<meta property=\"og:image:width\" content=\"2560\" \/>\n\t<meta property=\"og:image:height\" content=\"1737\" \/>\n\t<meta property=\"og:image:type\" content=\"image\/jpeg\" \/>\n<meta name=\"twitter:label1\" content=\"Dur\u00e9e de lecture estim\u00e9e\" \/>\n\t<meta name=\"twitter:data1\" content=\"3 minutes\" \/>\n<script type=\"application\/ld+json\" class=\"yoast-schema-graph\">{\"@context\":\"https:\/\/schema.org\",\"@graph\":[{\"@type\":\"WebPage\",\"@id\":\"https:\/\/skyfibertech.com\/fr\/machine-de-soufflage-fibre-optique\/\",\"url\":\"https:\/\/skyfibertech.com\/fr\/machine-de-soufflage-fibre-optique\/\",\"name\":\"Machine de soufflage fibre optique\",\"isPartOf\":{\"@id\":\"https:\/\/skyfibertech.com\/fr\/#website\"},\"primaryImageOfPage\":{\"@id\":\"https:\/\/skyfibertech.com\/fr\/machine-de-soufflage-fibre-optique\/#primaryimage\"},\"image\":{\"@id\":\"https:\/\/skyfibertech.com\/fr\/machine-de-soufflage-fibre-optique\/#primaryimage\"},\"thumbnailUrl\":\"https:\/\/skyfibertech.com\/wp-content\/uploads\/2020\/01\/MiniSKY-scaled.jpg\",\"datePublished\":\"2020-02-13T13:35:27+00:00\",\"dateModified\":\"2023-07-01T21:13:02+00:00\",\"description\":\"Pour chaque machine de soufflage de c\u00e2bles, si vos c\u00e2bles sont minces, il existe une machine \u00e0 faible couple pour les diam\u00e8tres de c\u00e2ble\",\"breadcrumb\":{\"@id\":\"https:\/\/skyfibertech.com\/fr\/machine-de-soufflage-fibre-optique\/#breadcrumb\"},\"inLanguage\":\"fr-FR\",\"potentialAction\":[{\"@type\":\"ReadAction\",\"target\":[\"https:\/\/skyfibertech.com\/fr\/machine-de-soufflage-fibre-optique\/\"]}]},{\"@type\":\"ImageObject\",\"inLanguage\":\"fr-FR\",\"@id\":\"https:\/\/skyfibertech.com\/fr\/machine-de-soufflage-fibre-optique\/#primaryimage\",\"url\":\"https:\/\/skyfibertech.com\/wp-content\/uploads\/2020\/01\/MiniSKY-scaled.jpg\",\"contentUrl\":\"https:\/\/skyfibertech.com\/wp-content\/uploads\/2020\/01\/MiniSKY-scaled.jpg\",\"width\":2560,\"height\":1737,\"caption\":\"Machine soufflage fibre optique MiniSKY!\"},{\"@type\":\"BreadcrumbList\",\"@id\":\"https:\/\/skyfibertech.com\/fr\/machine-de-soufflage-fibre-optique\/#breadcrumb\",\"itemListElement\":[{\"@type\":\"ListItem\",\"position\":1,\"name\":\"Home\",\"item\":\"https:\/\/skyfibertech.com\/fr\/machines-de-soufflage-de-cable-en-fibre\/\"},{\"@type\":\"ListItem\",\"position\":2,\"name\":\"Machine de soufflage fibre optique\"}]},{\"@type\":\"WebSite\",\"@id\":\"https:\/\/skyfibertech.com\/fr\/#website\",\"url\":\"https:\/\/skyfibertech.com\/fr\/\",\"name\":\"Fiber Cable Blowing Machine Manufacturer Turkiye!\",\"description\":\"Cable Blowing Machines for telecomunication industry!\",\"publisher\":{\"@id\":\"https:\/\/skyfibertech.com\/fr\/#organization\"},\"alternateName\":\"Skyfibertech Allame Makina!\",\"potentialAction\":[{\"@type\":\"SearchAction\",\"target\":{\"@type\":\"EntryPoint\",\"urlTemplate\":\"https:\/\/skyfibertech.com\/fr\/?s={search_term_string}\"},\"query-input\":{\"@type\":\"PropertyValueSpecification\",\"valueRequired\":true,\"valueName\":\"search_term_string\"}}],\"inLanguage\":\"fr-FR\"},{\"@type\":\"Organization\",\"@id\":\"https:\/\/skyfibertech.com\/fr\/#organization\",\"name\":\"Allame Skyfibertech Fiber Blowing Machine\",\"alternateName\":\"Cable Blowing Machine Manufacturer\",\"url\":\"https:\/\/skyfibertech.com\/fr\/\",\"logo\":{\"@type\":\"ImageObject\",\"inLanguage\":\"fr-FR\",\"@id\":\"https:\/\/skyfibertech.com\/fr\/#\/schema\/logo\/image\/\",\"url\":\"https:\/\/skyfibertech.com\/wp-content\/uploads\/2019\/06\/Skyfibertech-logo-359px.png\",\"contentUrl\":\"https:\/\/skyfibertech.com\/wp-content\/uploads\/2019\/06\/Skyfibertech-logo-359px.png\",\"width\":359,\"height\":60,\"caption\":\"Allame Skyfibertech Fiber Blowing Machine\"},\"image\":{\"@id\":\"https:\/\/skyfibertech.com\/fr\/#\/schema\/logo\/image\/\"},\"sameAs\":[\"https:\/\/www.facebook.com\/skyfibertech\/\",\"https:\/\/x.com\/SkyFiberTech1\",\"https:\/\/www.instagram.com\/allamemakina\",\"https:\/\/www.linkedin.com\/company\/cable-blowing-machines\/\",\"https:\/\/www.youtube.com\/@skyfibertech\/videos\"],\"publishingPrinciples\":\"https:\/\/skyfibertech.com\/privacy-policy\/\",\"ownershipFundingInfo\":\"https:\/\/skyfibertech.com\/who-we-are\/\",\"actionableFeedbackPolicy\":\"https:\/\/skyfibertech.com\/contact-us\/\"}]}<\/script>\n<!-- \/ Yoast SEO Premium plugin. -->","yoast_head_json":{"title":"Machine de soufflage fibre optique","description":"Pour chaque machine de soufflage de c\u00e2bles, si vos c\u00e2bles sont minces, il existe une machine \u00e0 faible couple pour les diam\u00e8tres de c\u00e2ble","robots":{"index":"index","follow":"follow","max-snippet":"max-snippet:-1","max-image-preview":"max-image-preview:large","max-video-preview":"max-video-preview:-1"},"canonical":"https:\/\/skyfibertech.com\/fr\/machine-de-soufflage-fibre-optique\/","og_locale":"fr_FR","og_type":"article","og_title":"Machine de soufflage fibre optique","og_description":"Pour chaque machine de soufflage de c\u00e2bles, si vos c\u00e2bles sont minces, il existe une machine \u00e0 faible couple pour les diam\u00e8tres de c\u00e2ble","og_url":"https:\/\/skyfibertech.com\/fr\/machine-de-soufflage-fibre-optique\/","og_site_name":"Fiber Cable Blowing Machines Manufacturer!","article_publisher":"https:\/\/www.facebook.com\/skyfibertech\/","article_modified_time":"2023-07-01T21:13:02+00:00","og_image":[{"width":2560,"height":1737,"url":"https:\/\/skyfibertech.com\/wp-content\/uploads\/2020\/01\/MiniSKY-scaled.jpg","type":"image\/jpeg"}],"twitter_misc":{"Dur\u00e9e de lecture estim\u00e9e":"3 minutes"},"schema":{"@context":"https:\/\/schema.org","@graph":[{"@type":"WebPage","@id":"https:\/\/skyfibertech.com\/fr\/machine-de-soufflage-fibre-optique\/","url":"https:\/\/skyfibertech.com\/fr\/machine-de-soufflage-fibre-optique\/","name":"Machine de soufflage fibre optique","isPartOf":{"@id":"https:\/\/skyfibertech.com\/fr\/#website"},"primaryImageOfPage":{"@id":"https:\/\/skyfibertech.com\/fr\/machine-de-soufflage-fibre-optique\/#primaryimage"},"image":{"@id":"https:\/\/skyfibertech.com\/fr\/machine-de-soufflage-fibre-optique\/#primaryimage"},"thumbnailUrl":"https:\/\/skyfibertech.com\/wp-content\/uploads\/2020\/01\/MiniSKY-scaled.jpg","datePublished":"2020-02-13T13:35:27+00:00","dateModified":"2023-07-01T21:13:02+00:00","description":"Pour chaque machine de soufflage de c\u00e2bles, si vos c\u00e2bles sont minces, il existe une machine \u00e0 faible couple pour les diam\u00e8tres de c\u00e2ble","breadcrumb":{"@id":"https:\/\/skyfibertech.com\/fr\/machine-de-soufflage-fibre-optique\/#breadcrumb"},"inLanguage":"fr-FR","potentialAction":[{"@type":"ReadAction","target":["https:\/\/skyfibertech.com\/fr\/machine-de-soufflage-fibre-optique\/"]}]},{"@type":"ImageObject","inLanguage":"fr-FR","@id":"https:\/\/skyfibertech.com\/fr\/machine-de-soufflage-fibre-optique\/#primaryimage","url":"https:\/\/skyfibertech.com\/wp-content\/uploads\/2020\/01\/MiniSKY-scaled.jpg","contentUrl":"https:\/\/skyfibertech.com\/wp-content\/uploads\/2020\/01\/MiniSKY-scaled.jpg","width":2560,"height":1737,"caption":"Machine soufflage fibre optique MiniSKY!"},{"@type":"BreadcrumbList","@id":"https:\/\/skyfibertech.com\/fr\/machine-de-soufflage-fibre-optique\/#breadcrumb","itemListElement":[{"@type":"ListItem","position":1,"name":"Home","item":"https:\/\/skyfibertech.com\/fr\/machines-de-soufflage-de-cable-en-fibre\/"},{"@type":"ListItem","position":2,"name":"Machine de soufflage fibre optique"}]},{"@type":"WebSite","@id":"https:\/\/skyfibertech.com\/fr\/#website","url":"https:\/\/skyfibertech.com\/fr\/","name":"Fiber Cable Blowing Machine Manufacturer Turkiye!","description":"Cable Blowing Machines for telecomunication industry!","publisher":{"@id":"https:\/\/skyfibertech.com\/fr\/#organization"},"alternateName":"Skyfibertech Allame Makina!","potentialAction":[{"@type":"SearchAction","target":{"@type":"EntryPoint","urlTemplate":"https:\/\/skyfibertech.com\/fr\/?s={search_term_string}"},"query-input":{"@type":"PropertyValueSpecification","valueRequired":true,"valueName":"search_term_string"}}],"inLanguage":"fr-FR"},{"@type":"Organization","@id":"https:\/\/skyfibertech.com\/fr\/#organization","name":"Allame Skyfibertech Fiber Blowing Machine","alternateName":"Cable Blowing Machine Manufacturer","url":"https:\/\/skyfibertech.com\/fr\/","logo":{"@type":"ImageObject","inLanguage":"fr-FR","@id":"https:\/\/skyfibertech.com\/fr\/#\/schema\/logo\/image\/","url":"https:\/\/skyfibertech.com\/wp-content\/uploads\/2019\/06\/Skyfibertech-logo-359px.png","contentUrl":"https:\/\/skyfibertech.com\/wp-content\/uploads\/2019\/06\/Skyfibertech-logo-359px.png","width":359,"height":60,"caption":"Allame Skyfibertech Fiber Blowing Machine"},"image":{"@id":"https:\/\/skyfibertech.com\/fr\/#\/schema\/logo\/image\/"},"sameAs":["https:\/\/www.facebook.com\/skyfibertech\/","https:\/\/x.com\/SkyFiberTech1","https:\/\/www.instagram.com\/allamemakina","https:\/\/www.linkedin.com\/company\/cable-blowing-machines\/","https:\/\/www.youtube.com\/@skyfibertech\/videos"],"publishingPrinciples":"https:\/\/skyfibertech.com\/privacy-policy\/","ownershipFundingInfo":"https:\/\/skyfibertech.com\/who-we-are\/","actionableFeedbackPolicy":"https:\/\/skyfibertech.com\/contact-us\/"}]}},"_links":{"self":[{"href":"https:\/\/skyfibertech.com\/fr\/wp-json\/wp\/v2\/pages\/4983","targetHints":{"allow":["GET"]}}],"collection":[{"href":"https:\/\/skyfibertech.com\/fr\/wp-json\/wp\/v2\/pages"}],"about":[{"href":"https:\/\/skyfibertech.com\/fr\/wp-json\/wp\/v2\/types\/page"}],"author":[{"embeddable":true,"href":"https:\/\/skyfibertech.com\/fr\/wp-json\/wp\/v2\/users\/1"}],"replies":[{"embeddable":true,"href":"https:\/\/skyfibertech.com\/fr\/wp-json\/wp\/v2\/comments?post=4983"}],"version-history":[{"count":0,"href":"https:\/\/skyfibertech.com\/fr\/wp-json\/wp\/v2\/pages\/4983\/revisions"}],"wp:featuredmedia":[{"embeddable":true,"href":"https:\/\/skyfibertech.com\/fr\/wp-json\/wp\/v2\/media\/4985"}],"wp:attachment":[{"href":"https:\/\/skyfibertech.com\/fr\/wp-json\/wp\/v2\/media?parent=4983"}],"curies":[{"name":"wp","href":"https:\/\/api.w.org\/{rel}","templated":true}]}}