{"id":106003,"date":"2023-07-01T17:18:44","date_gmt":"2023-07-01T14:18:44","guid":{"rendered":"https:\/\/skyfibertech.com\/souffleuses-de-cables-photos\/"},"modified":"2023-11-04T16:27:50","modified_gmt":"2023-11-04T13:27:50","slug":"souffleuses-de-cables-photos","status":"publish","type":"page","link":"https:\/\/skyfibertech.com\/fr\/souffleuses-de-cables-photos\/","title":{"rendered":"Machines de soufflage de c\u00e2bles Photos"},"content":{"rendered":"<div class=\"wpb-content-wrapper\"><p>[vc_row][vc_column][vc_gallery images=&#8221;6334,6349,6213,6088,6093,6098,6103,6108,6113,6118,6123,6128,6133,6138,6143,6148,6153,6158,6163,6168,6173,6178,6183,6188,6193,6203,6208,6218,6223,6228,6233,6238,6243,6248,6253,6258,6263,6268,6273,6278,6283,6293,6298,6303,6308,6339,6344,6354,6359,6364,6369,6073,6078,6083,6198,6288&#8243;][vc_gallery images=&#8221;12735,12743,12747,12751,12739,12755,12759,12763,12767,12771,12775,12779,12783,12787,12791,12795,12799,12803,12807,12811,12815,12819,12823,12827,12831,12835,12839,12843,12847,12851,12855,12859,12863,12873,12869,101869,101861,99570,102091,98268,98254,93763,93097,87645,87641,87624,84694,83548,82992,82988,75556,75522,60936,47619,31039,27003,22586,22566,22562,21487,14020,19338,19364,20312,17282,16073,20845,21120,21109,21455,21479,21475,21471,11527,11523,10673,8805,8809,8407,8403,8024,8020,7254,7239,6349,6344,6334,6268,6228,6248,6183,6143,6103,6113&#8243; title=&#8221;Photos de machines&#8221;][\/vc_column][\/vc_row]<\/p>\n<\/div>","protected":false},"excerpt":{"rendered":"<p>[vc_row][vc_column][vc_gallery images=&#8221;6334,6349,6213,6088,6093,6098,6103,6108,6113,6118,6123,6128,6133,6138,6143,6148,6153,6158,6163,6168,6173,6178,6183,6188,6193,6203,6208,6218,6223,6228,6233,6238,6243,6248,6253,6258,6263,6268,6273,6278,6283,6293,6298,6303,6308,6339,6344,6354,6359,6364,6369,6073,6078,6083,6198,6288&#8243;][vc_gallery images=&#8221;12735,12743,12747,12751,12739,12755,12759,12763,12767,12771,12775,12779,12783,12787,12791,12795,12799,12803,12807,12811,12815,12819,12823,12827,12831,12835,12839,12843,12847,12851,12855,12859,12863,12873,12869,101869,101861,99570,102091,98268,98254,93763,93097,87645,87641,87624,84694,83548,82992,82988,75556,75522,60936,47619,31039,27003,22586,22566,22562,21487,14020,19338,19364,20312,17282,16073,20845,21120,21109,21455,21479,21475,21471,11527,11523,10673,8805,8809,8407,8403,8024,8020,7254,7239,6349,6344,6334,6268,6228,6248,6183,6143,6103,6113&#8243; title=&#8221;Photos de machines&#8221;][\/vc_column][\/vc_row]<\/p>\n","protected":false},"author":1,"featured_media":0,"parent":0,"menu_order":0,"comment_status":"closed","ping_status":"closed","template":"","meta":{"_joinchat":[],"footnotes":""},"class_list":["post-106003","page","type-page","status-publish","hentry"],"yoast_head":"<!-- This site is optimized with the Yoast SEO Premium plugin v26.6 (Yoast SEO v27.4) - https:\/\/yoast.com\/product\/yoast-seo-premium-wordpress\/ -->\n<title>Machines de soufflage de c\u00e2bles Photos<\/title>\n<meta name=\"description\" content=\"Photos des machines de soufflage de c\u00e2bles \u00e0 fibres optiques\" \/>\n<meta name=\"robots\" content=\"index, follow, max-snippet:-1, max-image-preview:large, max-video-preview:-1\" \/>\n<link rel=\"canonical\" href=\"https:\/\/skyfibertech.com\/fr\/souffleuses-de-cables-photos\/\" \/>\n<meta property=\"og:locale\" content=\"fr_FR\" \/>\n<meta property=\"og:type\" content=\"article\" \/>\n<meta property=\"og:title\" content=\"Machines de soufflage de c\u00e2bles Photos\" \/>\n<meta property=\"og:description\" content=\"Photos des machines de soufflage de c\u00e2bles \u00e0 fibres optiques\" \/>\n<meta property=\"og:url\" content=\"https:\/\/skyfibertech.com\/fr\/souffleuses-de-cables-photos\/\" \/>\n<meta property=\"og:site_name\" content=\"Fiber Cable Blowing Machines Manufacturer!\" \/>\n<meta property=\"article:publisher\" content=\"https:\/\/www.facebook.com\/skyfibertech\/\" \/>\n<meta property=\"article:modified_time\" content=\"2023-11-04T13:27:50+00:00\" \/>\n<meta property=\"og:image\" content=\"https:\/\/skyfibertech.com\/wp-content\/uploads\/2021\/08\/fibre-optic-blowing-machines.jpg\" \/>\n\t<meta property=\"og:image:width\" content=\"1000\" \/>\n\t<meta property=\"og:image:height\" content=\"667\" \/>\n\t<meta property=\"og:image:type\" content=\"image\/jpeg\" \/>\n<script type=\"application\/ld+json\" class=\"yoast-schema-graph\">{\"@context\":\"https:\\\/\\\/schema.org\",\"@graph\":[{\"@type\":\"WebPage\",\"@id\":\"https:\\\/\\\/skyfibertech.com\\\/fr\\\/souffleuses-de-cables-photos\\\/\",\"url\":\"https:\\\/\\\/skyfibertech.com\\\/fr\\\/souffleuses-de-cables-photos\\\/\",\"name\":\"Machines de soufflage de c\u00e2bles Photos\",\"isPartOf\":{\"@id\":\"https:\\\/\\\/skyfibertech.com\\\/fr\\\/#website\"},\"datePublished\":\"2023-07-01T14:18:44+00:00\",\"dateModified\":\"2023-11-04T13:27:50+00:00\",\"description\":\"Photos des machines de soufflage de c\u00e2bles \u00e0 fibres optiques\",\"breadcrumb\":{\"@id\":\"https:\\\/\\\/skyfibertech.com\\\/fr\\\/souffleuses-de-cables-photos\\\/#breadcrumb\"},\"inLanguage\":\"fr-FR\",\"potentialAction\":[{\"@type\":\"ReadAction\",\"target\":[\"https:\\\/\\\/skyfibertech.com\\\/fr\\\/souffleuses-de-cables-photos\\\/\"]}]},{\"@type\":\"BreadcrumbList\",\"@id\":\"https:\\\/\\\/skyfibertech.com\\\/fr\\\/souffleuses-de-cables-photos\\\/#breadcrumb\",\"itemListElement\":[{\"@type\":\"ListItem\",\"position\":1,\"name\":\"Home\",\"item\":\"https:\\\/\\\/skyfibertech.com\\\/fr\\\/machines-de-soufflage-de-cable-en-fibre\\\/\"},{\"@type\":\"ListItem\",\"position\":2,\"name\":\"Machines de soufflage de c\u00e2bles Photos\"}]},{\"@type\":\"WebSite\",\"@id\":\"https:\\\/\\\/skyfibertech.com\\\/fr\\\/#website\",\"url\":\"https:\\\/\\\/skyfibertech.com\\\/fr\\\/\",\"name\":\"Fiber Cable Blowing Machine Manufacturer Turkiye!\",\"description\":\"Cable Blowing Machines for telecomunication industry!\",\"publisher\":{\"@id\":\"https:\\\/\\\/skyfibertech.com\\\/fr\\\/#organization\"},\"alternateName\":\"Skyfibertech Allame Makina!\",\"potentialAction\":[{\"@type\":\"SearchAction\",\"target\":{\"@type\":\"EntryPoint\",\"urlTemplate\":\"https:\\\/\\\/skyfibertech.com\\\/fr\\\/?s={search_term_string}\"},\"query-input\":{\"@type\":\"PropertyValueSpecification\",\"valueRequired\":true,\"valueName\":\"search_term_string\"}}],\"inLanguage\":\"fr-FR\"},{\"@type\":\"Organization\",\"@id\":\"https:\\\/\\\/skyfibertech.com\\\/fr\\\/#organization\",\"name\":\"Allame Skyfibertech Fiber Blowing Machine\",\"alternateName\":\"Cable Blowing Machine Manufacturer\",\"url\":\"https:\\\/\\\/skyfibertech.com\\\/fr\\\/\",\"logo\":{\"@type\":\"ImageObject\",\"inLanguage\":\"fr-FR\",\"@id\":\"https:\\\/\\\/skyfibertech.com\\\/fr\\\/#\\\/schema\\\/logo\\\/image\\\/\",\"url\":\"https:\\\/\\\/skyfibertech.com\\\/wp-content\\\/uploads\\\/2019\\\/06\\\/Skyfibertech-logo-359px.png\",\"contentUrl\":\"https:\\\/\\\/skyfibertech.com\\\/wp-content\\\/uploads\\\/2019\\\/06\\\/Skyfibertech-logo-359px.png\",\"width\":359,\"height\":60,\"caption\":\"Allame Skyfibertech Fiber Blowing Machine\"},\"image\":{\"@id\":\"https:\\\/\\\/skyfibertech.com\\\/fr\\\/#\\\/schema\\\/logo\\\/image\\\/\"},\"sameAs\":[\"https:\\\/\\\/www.facebook.com\\\/skyfibertech\\\/\",\"https:\\\/\\\/x.com\\\/SkyFiberTech1\",\"https:\\\/\\\/www.instagram.com\\\/allamemakina\",\"https:\\\/\\\/www.linkedin.com\\\/company\\\/cable-blowing-machines\\\/\",\"https:\\\/\\\/www.youtube.com\\\/@skyfibertech\\\/videos\"],\"publishingPrinciples\":\"https:\\\/\\\/skyfibertech.com\\\/privacy-policy\\\/\",\"ownershipFundingInfo\":\"https:\\\/\\\/skyfibertech.com\\\/who-we-are\\\/\",\"actionableFeedbackPolicy\":\"https:\\\/\\\/skyfibertech.com\\\/contact-us\\\/\"}]}<\/script>\n<!-- \/ Yoast SEO Premium plugin. -->","yoast_head_json":{"title":"Machines de soufflage de c\u00e2bles Photos","description":"Photos des machines de soufflage de c\u00e2bles \u00e0 fibres optiques","robots":{"index":"index","follow":"follow","max-snippet":"max-snippet:-1","max-image-preview":"max-image-preview:large","max-video-preview":"max-video-preview:-1"},"canonical":"https:\/\/skyfibertech.com\/fr\/souffleuses-de-cables-photos\/","og_locale":"fr_FR","og_type":"article","og_title":"Machines de soufflage de c\u00e2bles Photos","og_description":"Photos des machines de soufflage de c\u00e2bles \u00e0 fibres optiques","og_url":"https:\/\/skyfibertech.com\/fr\/souffleuses-de-cables-photos\/","og_site_name":"Fiber Cable Blowing Machines Manufacturer!","article_publisher":"https:\/\/www.facebook.com\/skyfibertech\/","article_modified_time":"2023-11-04T13:27:50+00:00","og_image":[{"width":1000,"height":667,"url":"https:\/\/skyfibertech.com\/wp-content\/uploads\/2021\/08\/fibre-optic-blowing-machines.jpg","type":"image\/jpeg"}],"schema":{"@context":"https:\/\/schema.org","@graph":[{"@type":"WebPage","@id":"https:\/\/skyfibertech.com\/fr\/souffleuses-de-cables-photos\/","url":"https:\/\/skyfibertech.com\/fr\/souffleuses-de-cables-photos\/","name":"Machines de soufflage de c\u00e2bles Photos","isPartOf":{"@id":"https:\/\/skyfibertech.com\/fr\/#website"},"datePublished":"2023-07-01T14:18:44+00:00","dateModified":"2023-11-04T13:27:50+00:00","description":"Photos des machines de soufflage de c\u00e2bles \u00e0 fibres optiques","breadcrumb":{"@id":"https:\/\/skyfibertech.com\/fr\/souffleuses-de-cables-photos\/#breadcrumb"},"inLanguage":"fr-FR","potentialAction":[{"@type":"ReadAction","target":["https:\/\/skyfibertech.com\/fr\/souffleuses-de-cables-photos\/"]}]},{"@type":"BreadcrumbList","@id":"https:\/\/skyfibertech.com\/fr\/souffleuses-de-cables-photos\/#breadcrumb","itemListElement":[{"@type":"ListItem","position":1,"name":"Home","item":"https:\/\/skyfibertech.com\/fr\/machines-de-soufflage-de-cable-en-fibre\/"},{"@type":"ListItem","position":2,"name":"Machines de soufflage de c\u00e2bles Photos"}]},{"@type":"WebSite","@id":"https:\/\/skyfibertech.com\/fr\/#website","url":"https:\/\/skyfibertech.com\/fr\/","name":"Fiber Cable Blowing Machine Manufacturer Turkiye!","description":"Cable Blowing Machines for telecomunication industry!","publisher":{"@id":"https:\/\/skyfibertech.com\/fr\/#organization"},"alternateName":"Skyfibertech Allame Makina!","potentialAction":[{"@type":"SearchAction","target":{"@type":"EntryPoint","urlTemplate":"https:\/\/skyfibertech.com\/fr\/?s={search_term_string}"},"query-input":{"@type":"PropertyValueSpecification","valueRequired":true,"valueName":"search_term_string"}}],"inLanguage":"fr-FR"},{"@type":"Organization","@id":"https:\/\/skyfibertech.com\/fr\/#organization","name":"Allame Skyfibertech Fiber Blowing Machine","alternateName":"Cable Blowing Machine Manufacturer","url":"https:\/\/skyfibertech.com\/fr\/","logo":{"@type":"ImageObject","inLanguage":"fr-FR","@id":"https:\/\/skyfibertech.com\/fr\/#\/schema\/logo\/image\/","url":"https:\/\/skyfibertech.com\/wp-content\/uploads\/2019\/06\/Skyfibertech-logo-359px.png","contentUrl":"https:\/\/skyfibertech.com\/wp-content\/uploads\/2019\/06\/Skyfibertech-logo-359px.png","width":359,"height":60,"caption":"Allame Skyfibertech Fiber Blowing Machine"},"image":{"@id":"https:\/\/skyfibertech.com\/fr\/#\/schema\/logo\/image\/"},"sameAs":["https:\/\/www.facebook.com\/skyfibertech\/","https:\/\/x.com\/SkyFiberTech1","https:\/\/www.instagram.com\/allamemakina","https:\/\/www.linkedin.com\/company\/cable-blowing-machines\/","https:\/\/www.youtube.com\/@skyfibertech\/videos"],"publishingPrinciples":"https:\/\/skyfibertech.com\/privacy-policy\/","ownershipFundingInfo":"https:\/\/skyfibertech.com\/who-we-are\/","actionableFeedbackPolicy":"https:\/\/skyfibertech.com\/contact-us\/"}]}},"_links":{"self":[{"href":"https:\/\/skyfibertech.com\/fr\/wp-json\/wp\/v2\/pages\/106003","targetHints":{"allow":["GET"]}}],"collection":[{"href":"https:\/\/skyfibertech.com\/fr\/wp-json\/wp\/v2\/pages"}],"about":[{"href":"https:\/\/skyfibertech.com\/fr\/wp-json\/wp\/v2\/types\/page"}],"author":[{"embeddable":true,"href":"https:\/\/skyfibertech.com\/fr\/wp-json\/wp\/v2\/users\/1"}],"replies":[{"embeddable":true,"href":"https:\/\/skyfibertech.com\/fr\/wp-json\/wp\/v2\/comments?post=106003"}],"version-history":[{"count":0,"href":"https:\/\/skyfibertech.com\/fr\/wp-json\/wp\/v2\/pages\/106003\/revisions"}],"wp:attachment":[{"href":"https:\/\/skyfibertech.com\/fr\/wp-json\/wp\/v2\/media?parent=106003"}],"curies":[{"name":"wp","href":"https:\/\/api.w.org\/{rel}","templated":true}]}}