{"id":105947,"date":"2023-07-01T17:15:10","date_gmt":"2023-07-01T14:15:10","guid":{"rendered":"https:\/\/skyfibertech.com\/maquinas-soplado-de-cables\/"},"modified":"2023-07-02T00:25:20","modified_gmt":"2023-07-01T21:25:20","slug":"maquinas-soplado-de-cables","status":"publish","type":"page","link":"https:\/\/skyfibertech.com\/es\/maquinas-soplado-de-cables\/","title":{"rendered":"M\u00e1quinas de soplado de cables"},"content":{"rendered":"<div class=\"wpb-content-wrapper\"><p>[vc_row css=&#8221;.vc_custom_1540962548235{margin-bottom: 30px !important;}&#8221;][vc_column offset=&#8221;vc_col-lg-9 vc_col-md-9&#8243;][stm_services posts_per_page=&#8221;12&#8243; posts_per_row=&#8221;3&#8243; category=&#8221;fiber-blowing-machines&#8221; service_cat=&#8221;&#8221; service_more=&#8221;yes&#8221;][vc_separator][vc_column_text]<\/p>\n<h2 style=\"text-align: center;\">  Puntos a tener en cuenta al elegir <strong>la m\u00e1quina sopladora de cable<\/strong> de fibra \u00f3ptica.<\/h2>\n<p>El sector <a href=\"https:\/\/skyfibertech.com\/how-to-use-fiber-optic-cable-blowing-machines\/\">de las telecomunicaciones<\/a> est\u00e1 creciendo con innovaciones con la tecnolog\u00eda en desarrollo y las dif\u00edciles condiciones de trabajo. En este contexto, las <em>m\u00e1quinas de soplado de cables de fibra<\/em> en nuestra experiencia son muy importantes. Cada desaf\u00edo viene con innovaci\u00f3n. Puede soplar f\u00e1cilmente cables de fibra en las tuber\u00edas de HDPE.<\/p>\n<p>Para cada <a href=\"https:\/\/www.skyfibertech.com\/\"><strong>m\u00e1quina sopladora de cables<\/strong><\/a> , si sus cables son delgados, hay una m\u00e1quina con un par bajo para los di\u00e1metros de cable m\u00e1s gruesos, mayor ser\u00e1 la potencia de su m\u00e1quina. Veamos con informaci\u00f3n m\u00e1s detallada.<\/p>\n<h3>Caracter\u00edsticas generales de las m\u00e1quinas de cable de fibra \u00f3ptica<\/h3>\n<p><img decoding=\"async\" class=\"alignnone wp-image-61151 size-full lazyload\" data-src=\"https:\/\/skyfibertech.com\/wp-content\/uploads\/2022\/09\/Fiber-Optic-Cable-Machines-Feautures-.jpg\" alt=\"Caracter\u00edsticas de las m\u00e1quinas de cable de fibra \u00f3ptica\" width=\"1980\" height=\"1400\" data-srcset=\"https:\/\/skyfibertech.com\/wp-content\/uploads\/2022\/09\/Fiber-Optic-Cable-Machines-Feautures-.jpg 1980w, https:\/\/skyfibertech.com\/wp-content\/uploads\/2022\/09\/Fiber-Optic-Cable-Machines-Feautures--300x212.jpg 300w, https:\/\/skyfibertech.com\/wp-content\/uploads\/2022\/09\/Fiber-Optic-Cable-Machines-Feautures--1024x724.jpg 1024w, https:\/\/skyfibertech.com\/wp-content\/uploads\/2022\/09\/Fiber-Optic-Cable-Machines-Feautures--768x543.jpg 768w, https:\/\/skyfibertech.com\/wp-content\/uploads\/2022\/09\/Fiber-Optic-Cable-Machines-Feautures--1536x1086.jpg 1536w, https:\/\/skyfibertech.com\/wp-content\/uploads\/2022\/09\/Fiber-Optic-Cable-Machines-Feautures--900x636.jpg 900w\" data-sizes=\"auto\" src=\"data:image\/svg+xml;base64,PHN2ZyB3aWR0aD0iMSIgaGVpZ2h0PSIxIiB4bWxucz0iaHR0cDovL3d3dy53My5vcmcvMjAwMC9zdmciPjwvc3ZnPg==\" style=\"--smush-placeholder-width: 1980px; --smush-placeholder-aspect-ratio: 1980\/1400;\" data-original-sizes=\"(max-width: 1980px) 100vw, 1980px\" \/><\/p>\n<h3>Di\u00e1metros de cable de fibra soplada<\/h3>\n<ul>\n<li><span style=\"text-decoration: underline;\"><strong>DrillSKY<\/strong><\/span> sopla cables de fibra de 1 mm a 6 mm. DrillSKY obtiene energ\u00eda con la <strong>m\u00e1quina perforadora<\/strong> y se la da a las ruedas. Las m\u00e1quinas pueden soplar hasta 1500 metros en las tuber\u00edas de HDPE. Si cuanto m\u00e1s grueso sea el di\u00e1metro de su cable, su distancia de soplado ser\u00e1 menor. Tambi\u00e9n debemos tener en cuenta que la fricci\u00f3n dentro de la tuber\u00eda de HDPE es muy importante. Deber\u00edas dar m\u00e1s para soplar mejor.<\/li>\n<li><strong><u>MicroSKY<\/u><\/strong> sopla cables de 1 a 6 mm. Trabajando con compresor de aire <strong>motor el\u00e9ctrico<\/strong> . MicroSKY se adapta a todas las funciones. Se recomienda para cables de fibra que contengan m\u00e1s de 1 mm y di\u00e1metros superiores.<\/li>\n<li><strong><u>DynoSKY<\/u><\/strong> sopla cables desde 1 mm hasta 3 mm. Trabajando con compresor de aire <strong>motor de aire<\/strong> . MicroSKY se adapta a todas las funciones. Se recomienda para cables de fibra que contengan m\u00e1s de 1 mm y di\u00e1metros superiores.<\/li>\n<li>Cables de fibra \u00f3ptica <strong><u>MiniSKY<\/u><\/strong> desde 2,5mm hasta 16mm golpe. Tiene <strong>un motor de aire<\/strong> . La energ\u00eda proveniente del sistema de engranajes mec\u00e1nicos, conecta el sistema de correa superior e inferior se mueve simult\u00e1neamente. Esto da como resultado una mayor potencia para di\u00e1metros m\u00e1s grandes. Como con todas las m\u00e1quinas, se requiere alta presi\u00f3n para MINISKY. El cable de fibra se sopla hasta 4000 metros. La presi\u00f3n m\u00ednima recomendada es de 15 bar 1mt^3\/min de suministro de aire.<\/li>\n<li>Se soplan cables de fibra \u00f3ptica <span style=\"text-decoration: underline;\"><strong>SKYJET<\/strong><\/span> de 6mm a 24mm. La alta potencia se obtiene con 2 motores neum\u00e1ticos. Los dos sistemas de correa son impulsados \u200b\u200bpor dos motores neum\u00e1ticos separados. El motor neum\u00e1tico funciona con aire procedente del compresor. Ideal para cables delgados. Se proporciona un m\u00ednimo de 12 bar 10 metros c\u00fabicos \/ minuto de aire. Sopla hasta 6000 metros de cable en un solo disparo.<\/li>\n<li><span style=\"text-decoration: underline;\"><strong>HydroSKY<\/strong><\/span> sopla <em>cables de fibra<\/em> de 6mm a 24mm. Funciona con 2 motores hidr\u00e1ulicos. <strong>Los motores hidr\u00e1ulicos<\/strong> obtienen energ\u00eda de la unidad de energ\u00eda hidr\u00e1ulica ( <a href=\"http:\/\/www.honda-engines-eu.com\/engine-model-details?e=17\">con Honda Gx270<\/a> ). Con la m\u00e1xima potencia, puede atravesar f\u00e1cilmente los cables de fibra \u00f3ptica m\u00e1s grandes. HydroSKY tiene su propio paquete de energ\u00eda hidr\u00e1ulica. Tambi\u00e9n puede comprarlo por separado (solo unidad de potencia o unidad de m\u00e1quina de soplado). Puede volar hasta 6000 metros de una sola vez. Presi\u00f3n m\u00ednima recomendada 12 bar 10 metros c\u00fabicos\/minuto.<\/li>\n<\/ul>\n<p>Ahorre tiempo y trabajo. Te invitamos a nuestra f\u00e1brica en Kocaeli.<\/p>\n<figure id=\"attachment_5104\" aria-describedby=\"caption-attachment-5104\" style=\"width: 600px\" class=\"wp-caption aligncenter\"><img decoding=\"async\" class=\"wp-image-5099 lazyload\" data-src=\"https:\/\/skyfibertech.com\/wp-content\/uploads\/2020\/02\/Hydrosky-by-Allame-Makina.jpg\" alt=\"Hydrosky de Allame Makina\" width=\"600\" height=\"400\" data-srcset=\"https:\/\/skyfibertech.com\/wp-content\/uploads\/2020\/02\/Hydrosky-by-Allame-Makina.jpg 1000w, https:\/\/skyfibertech.com\/wp-content\/uploads\/2020\/02\/Hydrosky-by-Allame-Makina-300x200.jpg 300w, https:\/\/skyfibertech.com\/wp-content\/uploads\/2020\/02\/Hydrosky-by-Allame-Makina-768x512.jpg 768w\" data-sizes=\"auto\" src=\"data:image\/svg+xml;base64,PHN2ZyB3aWR0aD0iMSIgaGVpZ2h0PSIxIiB4bWxucz0iaHR0cDovL3d3dy53My5vcmcvMjAwMC9zdmciPjwvc3ZnPg==\" style=\"--smush-placeholder-width: 600px; --smush-placeholder-aspect-ratio: 600\/400;\" data-original-sizes=\"(max-width: 600px) 100vw, 600px\" \/><figcaption id=\"caption-attachment-5104\" class=\"wp-caption-text\">Hydrosky de Allame Makina<\/figcaption><\/figure>\n<p><img decoding=\"async\" class=\"alignnone wp-image-61158 size-full lazyload\" data-src=\"https:\/\/skyfibertech.com\/wp-content\/uploads\/2022\/09\/allame-cable-blowing-machines-.jpg\" alt=\"m\u00e1quinas de soplado de cables allame\" width=\"1100\" height=\"1100\" data-srcset=\"https:\/\/skyfibertech.com\/wp-content\/uploads\/2022\/09\/allame-cable-blowing-machines-.jpg 1100w, https:\/\/skyfibertech.com\/wp-content\/uploads\/2022\/09\/allame-cable-blowing-machines--300x300.jpg 300w, https:\/\/skyfibertech.com\/wp-content\/uploads\/2022\/09\/allame-cable-blowing-machines--1024x1024.jpg 1024w, https:\/\/skyfibertech.com\/wp-content\/uploads\/2022\/09\/allame-cable-blowing-machines--150x150.jpg 150w, https:\/\/skyfibertech.com\/wp-content\/uploads\/2022\/09\/allame-cable-blowing-machines--768x768.jpg 768w, https:\/\/skyfibertech.com\/wp-content\/uploads\/2022\/09\/allame-cable-blowing-machines--50x50.jpg 50w, https:\/\/skyfibertech.com\/wp-content\/uploads\/2022\/09\/allame-cable-blowing-machines--320x320.jpg 320w, https:\/\/skyfibertech.com\/wp-content\/uploads\/2022\/09\/allame-cable-blowing-machines--900x900.jpg 900w\" data-sizes=\"auto\" src=\"data:image\/svg+xml;base64,PHN2ZyB3aWR0aD0iMSIgaGVpZ2h0PSIxIiB4bWxucz0iaHR0cDovL3d3dy53My5vcmcvMjAwMC9zdmciPjwvc3ZnPg==\" style=\"--smush-placeholder-width: 1100px; --smush-placeholder-aspect-ratio: 1100\/1100;\" data-original-sizes=\"(max-width: 1100px) 100vw, 1100px\" \/>[\/vc_column_text][\/vc_column][vc_column width=&#8221;1\/4&#8243; offset=&#8221;vc_hidden-sm vc_hidden-xs&#8221;][stm_sidebar sidebar=&#8221;13159&#8243;][\/vc_column][\/vc_row][vc_row full_width=&#8221;stretch_row&#8221; css=&#8221;.vc_custom_1459505959648{margin-bottom: -60px !important;}&#8221; el_class=&#8221;third_bg_color&#8221;][vc_column][vc_cta h2=&#8221;If you need more info!&#8221; h2_font_container=&#8221;tag:h2|font_size:24px|text_align:left|color:%23ffffff|line_height:24px&#8221; h2_use_theme_fonts=&#8221;yes&#8221; shape=&#8221;square&#8221; style=&#8221;flat&#8221; color=&#8221;white&#8221; add_button=&#8221;right&#8221; btn_title=&#8221;get a quote!&#8221; btn_style=&#8221;flat&#8221; btn_color=&#8221;theme_style_2&#8243; btn_size=&#8221;lg&#8221; btn_align=&#8221;right&#8221; particles=&#8221;yes&#8221; use_custom_fonts_h2=&#8221;true&#8221; btn_link=&#8221;url:https%3A%2F%2Fskyfibertech.com%2Fcontact-us%2F|title:Contact%20Us||rel:nofollow&#8221; el_class=&#8221;third_bg_color&#8221; css=&#8221;.vc_custom_1620477623081{margin-bottom: 0px !important;}&#8221;]<span style=\"color: #ffffff;\">Puede utilizar nuestro formulario de contacto r\u00e1pido para obtener m\u00e1s informaci\u00f3n sobre nuestras m\u00e1quinas. Cat\u00e1logos disponibles, fotos, videos y m\u00e1s\u2026<\/span>[\/vc_cta][\/vc_column][\/vc_row]<\/p>\n<\/div>","protected":false},"excerpt":{"rendered":"<p>[vc_row css=&#8221;.vc_custom_1540962548235{margin-bottom: 30px !important;}&#8221;][vc_column offset=&#8221;vc_col-lg-9 vc_col-md-9&#8243;][stm_services posts_per_page=&#8221;12&#8243; posts_per_row=&#8221;3&#8243; category=&#8221;fiber-blowing-machines&#8221; service_cat=&#8221;&#8221; service_more=&#8221;yes&#8221;][vc_separator][vc_column_text] Puntos a tener en cuenta al elegir la m\u00e1quina sopladora de cable de fibra \u00f3ptica. El sector de las telecomunicaciones est\u00e1 creciendo con innovaciones con la tecnolog\u00eda en desarrollo y las dif\u00edciles condiciones de trabajo. En este contexto, las m\u00e1quinas de soplado de cables<\/p>\n","protected":false},"author":1,"featured_media":105368,"parent":0,"menu_order":0,"comment_status":"closed","ping_status":"closed","template":"","meta":{"_joinchat":[],"footnotes":""},"class_list":["post-105947","page","type-page","status-publish","has-post-thumbnail","hentry"],"yoast_head":"<!-- This site is optimized with the Yoast SEO Premium plugin v26.6 (Yoast SEO v27.4) - https:\/\/yoast.com\/product\/yoast-seo-premium-wordpress\/ -->\n<title>M\u00e1quinas de soplado de cables - M\u00e1quinas de chorro de cable, \u00a1M\u00e1quina flotante de fibra!<\/title>\n<meta name=\"description\" content=\"El sector de las m\u00e1quinas flotantes de fibra est\u00e1 creciendo con puntos a considerar al elegir la m\u00e1quina sopladora de cable de fibra \u00f3ptica.\" \/>\n<meta name=\"robots\" content=\"index, follow, max-snippet:-1, max-image-preview:large, max-video-preview:-1\" \/>\n<link rel=\"canonical\" href=\"https:\/\/skyfibertech.com\/es\/maquinas-soplado-de-cables\/\" \/>\n<meta property=\"og:locale\" content=\"es_ES\" \/>\n<meta property=\"og:type\" content=\"article\" \/>\n<meta property=\"og:title\" content=\"M\u00e1quinas de soplado de cables\" \/>\n<meta property=\"og:description\" content=\"El sector de las m\u00e1quinas flotantes de fibra est\u00e1 creciendo con puntos a considerar al elegir la m\u00e1quina sopladora de cable de fibra \u00f3ptica.\" \/>\n<meta property=\"og:url\" content=\"https:\/\/skyfibertech.com\/es\/maquinas-soplado-de-cables\/\" \/>\n<meta property=\"og:site_name\" content=\"Fiber Cable Blowing Machines Manufacturer!\" \/>\n<meta property=\"article:publisher\" content=\"https:\/\/www.facebook.com\/skyfibertech\/\" \/>\n<meta property=\"article:modified_time\" content=\"2023-07-01T21:25:20+00:00\" \/>\n<meta property=\"og:image\" content=\"https:\/\/skyfibertech.com\/wp-content\/uploads\/2020\/01\/MiniSKY-scaled.jpg\" \/>\n\t<meta property=\"og:image:width\" content=\"2560\" \/>\n\t<meta property=\"og:image:height\" content=\"1737\" \/>\n\t<meta property=\"og:image:type\" content=\"image\/jpeg\" \/>\n<meta name=\"twitter:label1\" content=\"Tiempo de lectura\" \/>\n\t<meta name=\"twitter:data1\" content=\"4 minutos\" \/>\n<script type=\"application\/ld+json\" class=\"yoast-schema-graph\">{\"@context\":\"https:\\\/\\\/schema.org\",\"@graph\":[{\"@type\":\"WebPage\",\"@id\":\"https:\\\/\\\/skyfibertech.com\\\/es\\\/maquinas-soplado-de-cables\\\/\",\"url\":\"https:\\\/\\\/skyfibertech.com\\\/es\\\/maquinas-soplado-de-cables\\\/\",\"name\":\"M\u00e1quinas de soplado de cables - M\u00e1quinas de chorro de cable, \u00a1M\u00e1quina flotante de fibra!\",\"isPartOf\":{\"@id\":\"https:\\\/\\\/skyfibertech.com\\\/es\\\/#website\"},\"primaryImageOfPage\":{\"@id\":\"https:\\\/\\\/skyfibertech.com\\\/es\\\/maquinas-soplado-de-cables\\\/#primaryimage\"},\"image\":{\"@id\":\"https:\\\/\\\/skyfibertech.com\\\/es\\\/maquinas-soplado-de-cables\\\/#primaryimage\"},\"thumbnailUrl\":\"https:\\\/\\\/skyfibertech.com\\\/wp-content\\\/uploads\\\/2020\\\/01\\\/MiniSKY-scaled.jpg\",\"datePublished\":\"2023-07-01T14:15:10+00:00\",\"dateModified\":\"2023-07-01T21:25:20+00:00\",\"description\":\"El sector de las m\u00e1quinas flotantes de fibra est\u00e1 creciendo con puntos a considerar al elegir la m\u00e1quina sopladora de cable de fibra \u00f3ptica.\",\"breadcrumb\":{\"@id\":\"https:\\\/\\\/skyfibertech.com\\\/es\\\/maquinas-soplado-de-cables\\\/#breadcrumb\"},\"inLanguage\":\"es\",\"potentialAction\":[{\"@type\":\"ReadAction\",\"target\":[\"https:\\\/\\\/skyfibertech.com\\\/es\\\/maquinas-soplado-de-cables\\\/\"]}]},{\"@type\":\"ImageObject\",\"inLanguage\":\"es\",\"@id\":\"https:\\\/\\\/skyfibertech.com\\\/es\\\/maquinas-soplado-de-cables\\\/#primaryimage\",\"url\":\"https:\\\/\\\/skyfibertech.com\\\/wp-content\\\/uploads\\\/2020\\\/01\\\/MiniSKY-scaled.jpg\",\"contentUrl\":\"https:\\\/\\\/skyfibertech.com\\\/wp-content\\\/uploads\\\/2020\\\/01\\\/MiniSKY-scaled.jpg\",\"width\":2560,\"height\":1737,\"caption\":\"Fiber blowing machine MiniSKY!\"},{\"@type\":\"BreadcrumbList\",\"@id\":\"https:\\\/\\\/skyfibertech.com\\\/es\\\/maquinas-soplado-de-cables\\\/#breadcrumb\",\"itemListElement\":[{\"@type\":\"ListItem\",\"position\":1,\"name\":\"Home\",\"item\":\"https:\\\/\\\/skyfibertech.com\\\/es\\\/maquinas-soplado-de-cable-de-fibra\\\/\"},{\"@type\":\"ListItem\",\"position\":2,\"name\":\"M\u00e1quinas de soplado de cables\"}]},{\"@type\":\"WebSite\",\"@id\":\"https:\\\/\\\/skyfibertech.com\\\/es\\\/#website\",\"url\":\"https:\\\/\\\/skyfibertech.com\\\/es\\\/\",\"name\":\"Fiber Cable Blowing Machine Manufacturer Turkiye!\",\"description\":\"Cable Blowing Machines for telecomunication industry!\",\"publisher\":{\"@id\":\"https:\\\/\\\/skyfibertech.com\\\/es\\\/#organization\"},\"alternateName\":\"Skyfibertech Allame Makina!\",\"potentialAction\":[{\"@type\":\"SearchAction\",\"target\":{\"@type\":\"EntryPoint\",\"urlTemplate\":\"https:\\\/\\\/skyfibertech.com\\\/es\\\/?s={search_term_string}\"},\"query-input\":{\"@type\":\"PropertyValueSpecification\",\"valueRequired\":true,\"valueName\":\"search_term_string\"}}],\"inLanguage\":\"es\"},{\"@type\":\"Organization\",\"@id\":\"https:\\\/\\\/skyfibertech.com\\\/es\\\/#organization\",\"name\":\"Allame Skyfibertech Fiber Blowing Machine\",\"alternateName\":\"Cable Blowing Machine Manufacturer\",\"url\":\"https:\\\/\\\/skyfibertech.com\\\/es\\\/\",\"logo\":{\"@type\":\"ImageObject\",\"inLanguage\":\"es\",\"@id\":\"https:\\\/\\\/skyfibertech.com\\\/es\\\/#\\\/schema\\\/logo\\\/image\\\/\",\"url\":\"https:\\\/\\\/skyfibertech.com\\\/wp-content\\\/uploads\\\/2019\\\/06\\\/Skyfibertech-logo-359px.png\",\"contentUrl\":\"https:\\\/\\\/skyfibertech.com\\\/wp-content\\\/uploads\\\/2019\\\/06\\\/Skyfibertech-logo-359px.png\",\"width\":359,\"height\":60,\"caption\":\"Allame Skyfibertech Fiber Blowing Machine\"},\"image\":{\"@id\":\"https:\\\/\\\/skyfibertech.com\\\/es\\\/#\\\/schema\\\/logo\\\/image\\\/\"},\"sameAs\":[\"https:\\\/\\\/www.facebook.com\\\/skyfibertech\\\/\",\"https:\\\/\\\/x.com\\\/SkyFiberTech1\",\"https:\\\/\\\/www.instagram.com\\\/allamemakina\",\"https:\\\/\\\/www.linkedin.com\\\/company\\\/cable-blowing-machines\\\/\",\"https:\\\/\\\/www.youtube.com\\\/@skyfibertech\\\/videos\"],\"publishingPrinciples\":\"https:\\\/\\\/skyfibertech.com\\\/privacy-policy\\\/\",\"ownershipFundingInfo\":\"https:\\\/\\\/skyfibertech.com\\\/who-we-are\\\/\",\"actionableFeedbackPolicy\":\"https:\\\/\\\/skyfibertech.com\\\/contact-us\\\/\"}]}<\/script>\n<!-- \/ Yoast SEO Premium plugin. -->","yoast_head_json":{"title":"M\u00e1quinas de soplado de cables - M\u00e1quinas de chorro de cable, \u00a1M\u00e1quina flotante de fibra!","description":"El sector de las m\u00e1quinas flotantes de fibra est\u00e1 creciendo con puntos a considerar al elegir la m\u00e1quina sopladora de cable de fibra \u00f3ptica.","robots":{"index":"index","follow":"follow","max-snippet":"max-snippet:-1","max-image-preview":"max-image-preview:large","max-video-preview":"max-video-preview:-1"},"canonical":"https:\/\/skyfibertech.com\/es\/maquinas-soplado-de-cables\/","og_locale":"es_ES","og_type":"article","og_title":"M\u00e1quinas de soplado de cables","og_description":"El sector de las m\u00e1quinas flotantes de fibra est\u00e1 creciendo con puntos a considerar al elegir la m\u00e1quina sopladora de cable de fibra \u00f3ptica.","og_url":"https:\/\/skyfibertech.com\/es\/maquinas-soplado-de-cables\/","og_site_name":"Fiber Cable Blowing Machines Manufacturer!","article_publisher":"https:\/\/www.facebook.com\/skyfibertech\/","article_modified_time":"2023-07-01T21:25:20+00:00","og_image":[{"width":2560,"height":1737,"url":"https:\/\/skyfibertech.com\/wp-content\/uploads\/2020\/01\/MiniSKY-scaled.jpg","type":"image\/jpeg"}],"twitter_misc":{"Tiempo de lectura":"4 minutos"},"schema":{"@context":"https:\/\/schema.org","@graph":[{"@type":"WebPage","@id":"https:\/\/skyfibertech.com\/es\/maquinas-soplado-de-cables\/","url":"https:\/\/skyfibertech.com\/es\/maquinas-soplado-de-cables\/","name":"M\u00e1quinas de soplado de cables - M\u00e1quinas de chorro de cable, \u00a1M\u00e1quina flotante de fibra!","isPartOf":{"@id":"https:\/\/skyfibertech.com\/es\/#website"},"primaryImageOfPage":{"@id":"https:\/\/skyfibertech.com\/es\/maquinas-soplado-de-cables\/#primaryimage"},"image":{"@id":"https:\/\/skyfibertech.com\/es\/maquinas-soplado-de-cables\/#primaryimage"},"thumbnailUrl":"https:\/\/skyfibertech.com\/wp-content\/uploads\/2020\/01\/MiniSKY-scaled.jpg","datePublished":"2023-07-01T14:15:10+00:00","dateModified":"2023-07-01T21:25:20+00:00","description":"El sector de las m\u00e1quinas flotantes de fibra est\u00e1 creciendo con puntos a considerar al elegir la m\u00e1quina sopladora de cable de fibra \u00f3ptica.","breadcrumb":{"@id":"https:\/\/skyfibertech.com\/es\/maquinas-soplado-de-cables\/#breadcrumb"},"inLanguage":"es","potentialAction":[{"@type":"ReadAction","target":["https:\/\/skyfibertech.com\/es\/maquinas-soplado-de-cables\/"]}]},{"@type":"ImageObject","inLanguage":"es","@id":"https:\/\/skyfibertech.com\/es\/maquinas-soplado-de-cables\/#primaryimage","url":"https:\/\/skyfibertech.com\/wp-content\/uploads\/2020\/01\/MiniSKY-scaled.jpg","contentUrl":"https:\/\/skyfibertech.com\/wp-content\/uploads\/2020\/01\/MiniSKY-scaled.jpg","width":2560,"height":1737,"caption":"Fiber blowing machine MiniSKY!"},{"@type":"BreadcrumbList","@id":"https:\/\/skyfibertech.com\/es\/maquinas-soplado-de-cables\/#breadcrumb","itemListElement":[{"@type":"ListItem","position":1,"name":"Home","item":"https:\/\/skyfibertech.com\/es\/maquinas-soplado-de-cable-de-fibra\/"},{"@type":"ListItem","position":2,"name":"M\u00e1quinas de soplado de cables"}]},{"@type":"WebSite","@id":"https:\/\/skyfibertech.com\/es\/#website","url":"https:\/\/skyfibertech.com\/es\/","name":"Fiber Cable Blowing Machine Manufacturer Turkiye!","description":"Cable Blowing Machines for telecomunication industry!","publisher":{"@id":"https:\/\/skyfibertech.com\/es\/#organization"},"alternateName":"Skyfibertech Allame Makina!","potentialAction":[{"@type":"SearchAction","target":{"@type":"EntryPoint","urlTemplate":"https:\/\/skyfibertech.com\/es\/?s={search_term_string}"},"query-input":{"@type":"PropertyValueSpecification","valueRequired":true,"valueName":"search_term_string"}}],"inLanguage":"es"},{"@type":"Organization","@id":"https:\/\/skyfibertech.com\/es\/#organization","name":"Allame Skyfibertech Fiber Blowing Machine","alternateName":"Cable Blowing Machine Manufacturer","url":"https:\/\/skyfibertech.com\/es\/","logo":{"@type":"ImageObject","inLanguage":"es","@id":"https:\/\/skyfibertech.com\/es\/#\/schema\/logo\/image\/","url":"https:\/\/skyfibertech.com\/wp-content\/uploads\/2019\/06\/Skyfibertech-logo-359px.png","contentUrl":"https:\/\/skyfibertech.com\/wp-content\/uploads\/2019\/06\/Skyfibertech-logo-359px.png","width":359,"height":60,"caption":"Allame Skyfibertech Fiber Blowing Machine"},"image":{"@id":"https:\/\/skyfibertech.com\/es\/#\/schema\/logo\/image\/"},"sameAs":["https:\/\/www.facebook.com\/skyfibertech\/","https:\/\/x.com\/SkyFiberTech1","https:\/\/www.instagram.com\/allamemakina","https:\/\/www.linkedin.com\/company\/cable-blowing-machines\/","https:\/\/www.youtube.com\/@skyfibertech\/videos"],"publishingPrinciples":"https:\/\/skyfibertech.com\/privacy-policy\/","ownershipFundingInfo":"https:\/\/skyfibertech.com\/who-we-are\/","actionableFeedbackPolicy":"https:\/\/skyfibertech.com\/contact-us\/"}]}},"_links":{"self":[{"href":"https:\/\/skyfibertech.com\/es\/wp-json\/wp\/v2\/pages\/105947","targetHints":{"allow":["GET"]}}],"collection":[{"href":"https:\/\/skyfibertech.com\/es\/wp-json\/wp\/v2\/pages"}],"about":[{"href":"https:\/\/skyfibertech.com\/es\/wp-json\/wp\/v2\/types\/page"}],"author":[{"embeddable":true,"href":"https:\/\/skyfibertech.com\/es\/wp-json\/wp\/v2\/users\/1"}],"replies":[{"embeddable":true,"href":"https:\/\/skyfibertech.com\/es\/wp-json\/wp\/v2\/comments?post=105947"}],"version-history":[{"count":0,"href":"https:\/\/skyfibertech.com\/es\/wp-json\/wp\/v2\/pages\/105947\/revisions"}],"wp:featuredmedia":[{"embeddable":true,"href":"https:\/\/skyfibertech.com\/es\/wp-json\/wp\/v2\/media\/105368"}],"wp:attachment":[{"href":"https:\/\/skyfibertech.com\/es\/wp-json\/wp\/v2\/media?parent=105947"}],"curies":[{"name":"wp","href":"https:\/\/api.w.org\/{rel}","templated":true}]}}