{"id":105921,"date":"2023-07-01T17:14:59","date_gmt":"2023-07-01T14:14:59","guid":{"rendered":"https:\/\/skyfibertech.com\/quienes-somos\/"},"modified":"2023-07-02T00:24:15","modified_gmt":"2023-07-01T21:24:15","slug":"quienes-somos","status":"publish","type":"page","link":"https:\/\/skyfibertech.com\/es\/quienes-somos\/","title":{"rendered":"\u00bfQuienes somos?"},"content":{"rendered":"<div class=\"wpb-content-wrapper\"><p>[vc_row css=&#8221;.vc_custom_1459506276575{margin-bottom: 100px !important;}&#8221;][vc_column offset=&#8221;vc_col-lg-9 vc_col-md-9&#8243;][vc_single_image image=&#8221;9843&#8243; img_size=&#8221;full&#8221;][vc_separator][vc_column_text]<\/p>\n<h2>SKYFIBERTECH ALLAME MAKINA<\/h2>\n<p>SKYFIBERTECH es un fabricante l\u00edder de m\u00e1quinas sopladoras de cable de fibra \u00f3ptica. Nuestras m\u00e1quinas est\u00e1n dise\u00f1adas para soplar cable de fibra \u00f3ptica de manera r\u00e1pida y eficiente en conductos existentes o en nuevos sistemas de conductos. Contamos con una amplia gama de modelos que est\u00e1n dise\u00f1ados para adaptarse a diferentes necesidades y presupuestos. Tambi\u00e9n ofrecemos una variedad de accesorios y servicios para garantizar que su m\u00e1quina funcione de manera correcta y eficiente. Nuestras m\u00e1quinas est\u00e1n dise\u00f1adas con interfaces f\u00e1ciles de usar y construidas para durar. Con sus m\u00e1quinas de soplado de cable de fibra \u00f3ptica, puede aumentar la velocidad y la eficiencia de sus instalaciones de fibra \u00f3ptica.<\/p>\n<p>Nuestra empresa desde su incorporaci\u00f3n en el sector <strong>de las telecomunicaciones<\/strong> ha estado operando la <a href=\"https:\/\/skyfibertech.com\/services\/skyjet-fiber-blowing-machines\/\"><strong>m\u00e1quina de soplado de fibra<\/strong><\/a> . Nuestra empresa desde su creaci\u00f3n hasta la calidad superior del servicio y la satisfacci\u00f3n del cliente sigue siendo una de las empresas l\u00edderes.<\/p>\n<p>Desde 2002 comenzamos a fabricar sobre los repuestos y sus componentes en Kocaeli. Nosotros principalmente; Fabricaci\u00f3n de repuestos y equipos industriales, de automoci\u00f3n y telecomunicaciones.<\/p>\n<p>Despu\u00e9s de seis a\u00f1os comenzamos a fabricar m\u00e1quinas de soplado de fibra y repuestos en nuestra f\u00e1brica de Estambul. Recientemente,<\/p>\n<p>Allame Makina<span class=\"C-9\">  <\/span>se le dio la oportunidad de ayudar a un nuevo cliente a equipar una nueva planta con equipos de nueva construcci\u00f3n para el sector de las telecomunicaciones. La solicitud era que dise\u00f1\u00e1ramos y construy\u00e9ramos equipos muy similares en funcionamiento a sus equipos de producci\u00f3n existentes.<\/p>\n<p>Ahora; estamos especializados \u00fanicamente en la fabricaci\u00f3n de m\u00e1quinas sopladoras de cable de fibra \u00f3ptica y repuestos. Todas las piezas, dise\u00f1o y RD en nuestra f\u00e1brica y desarrollamos m\u00e1quinas calificadas 100% hechas a mano con nuestros ingenieros.<\/p>\n<blockquote><p>M\u00e1quina sopladora de cable de fibra \u00f3ptica (Allame Makina), fabricante en TURQU\u00cdA.<\/p><\/blockquote>\n<p>Nuestros servicios incluyen; fabricaci\u00f3n de repuestos <a href=\"https:\/\/skyfibertech.com\/news-from-fiber-tech\/\">de m\u00e1quinas<\/a> , fabricaci\u00f3n de m\u00e1quinas completas, almacenamiento de piezas de m\u00e1quinas, componentes o sistemas necesarios para el desarrollo de m\u00e1quinas con el desarrollo de actividades de I + D.[\/vc_column_text][vc_gallery images=&#8221;4746,4747,4748,4749,4752&#8243; title=&#8221;Certificados de Allame Makina&#8221;][vc_separator][vc_column_text css=&#8221;.vc_custom_1591810665416{margin-top: 45px !important;}&#8221;]<strong>Nuestra visi\u00f3n<\/strong><\/p>\n<ul>\n<li>Crecimiento rentable y sostenible para garantizar la satisfacci\u00f3n a largo plazo de clientes y empleados, as\u00ed como la satisfacci\u00f3n y los objetivos.<\/li>\n<\/ul>\n<blockquote><p>Exportamos m\u00e1quinas a m\u00e1s de 70 pa\u00edses y m\u00e1s de 4500 clientes satisfechos en <strong>15 a\u00f1os<\/strong> .<\/p><\/blockquote>\n<p><strong>Nuestra misi\u00f3n<\/strong><\/p>\n<ul>\n<li>Altos est\u00e1ndares, servicio de calidad en el tiempo de nuestros clientes para maximizar la satisfacci\u00f3n del cliente y respetar los derechos. Nuestros productos, soluciones, servicio post venta brindamos a nuestros clientes confiabilidad y alta \u00e9tica empresarial como primera opci\u00f3n para ser una empresa que crea valor para nuestros empleados y nuestros clientes.<\/li>\n<\/ul>\n<p><strong>Nuestra<\/strong> <strong>Pol\u00edtica de Calidad<\/strong><\/p>\n<ul>\n<li>El hecho de que la satisfacci\u00f3n del cliente como una acci\u00f3n prioritaria en esta direcci\u00f3n es ofrecer productos y servicios de <a href=\"https:\/\/telecoms.com\/\">telecomunicaciones<\/a> .<\/li>\n<\/ul>\n<p><em><strong>Por esta raz\u00f3n,<\/strong><\/em><\/p>\n<p>\u2022 Cumplir con los t\u00e9rminos del sistema de gesti\u00f3n de la calidad, para sostener la actividad.<\/p>\n<p>\u2022 \u00c9tica, valores, respeto y esp\u00edritu de equipo, y el potencial para aumentar la satisfacci\u00f3n del cliente.<\/p>\n<p>\u2022 Mejorar la competitividad de la industria mejorando continuamente la satisfacci\u00f3n y educaci\u00f3n del personal.<\/p>\n<p>\u2022 Nuestros empleados, clientes, proveedores compromiso a largo plazo con nuestras organizaciones e instituciones para aumentar la falta de cooperaci\u00f3n.<\/p>\n<p>\u2022 Las disposiciones de las leyes y normas pertinentes para exportar al marco.<\/p>\n<p>Para m\u00e1s informaci\u00f3n, por favor cont\u00e1ctenos \u2013&gt; <a href=\"https:\/\/skyfibertech.com\/contact-us\/\">M\u00e1quinas de soplado de cables<\/a>[\/vc_column_text][vc_column_text]<\/p>\n<h3 style=\"text-align: center;\">\u00a1Estamos en el MUNDO!<\/h3>\n<p> <!-- start Fla-shop.com HTML5 Map --> <div class='freeHtmlMapbottom htmlMapResponsive' style='max-width:900px; width: 100%'> <div id='map-container-0' class='freeHtmlMapContainer' data-map-variable='map0'><\/div> <link href='https:\/\/skyfibertech.com\/wp-content\/plugins\/html5-maps\/static\/css\/map.css' rel='stylesheet'> <style> body .fm-tooltip { color: #000000; font-size: 20px; } <\/style> <script src='\/\/cdn.html5maps.com\/3d_party\/raphael.min.js'><\/script> <script src='https:\/\/skyfibertech.com\/index.php?freemap_js_data=true&map_id=0&r=29097'><\/script> <script src='\/\/cdn.html5maps.com\/libs\/locator\/2.4.8\/world\/map.js'><\/script> <script> var map0 = new FlaMap(map_cfg); map0.drawOnDomReady('map-container-0'); map0.on('click', function(ev, sid, map) { jQuery('#freeHtmlMapStateInfo0').html(''); var link = map.mapConfig.map_data[sid]['link']; if (link == '#info') { var id = map.mapConfig.map_data[sid]['id']; jQuery('#freeHtmlMapStateInfo0').html('Cargando\u2026'); jQuery.ajax({ type: 'POST', url: 'https:\/\/skyfibertech.com\/index.php?freemap_get_state_info='+id+'&map_id=0', success: function(data, textStatus, jqXHR){ jQuery('#freeHtmlMapStateInfo0').html(data); }, dataType: 'text' }); } }); <\/script> <div id='freeHtmlMapStateInfo0' class='freeHtmlMapStateInfo'><\/div> <\/div> <div style='clear: both'><\/div> <!-- end HTML5 Map --> [\/vc_column_text][vc_row_inner css=&#8221;.vc_custom_1455886051719{margin-bottom: 10px !important;}&#8221;][vc_column_inner width=&#8221;1\/2&#8243;][stm_icon_box hide_title_line=&#8221;hide_title_line&#8221; enable_hexagon=&#8221;enable&#8221; enable_hexagon_animation=&#8221;enable&#8221; icon=&#8221;stm-airplane&#8221; style=&#8221;icon_left&#8221; icon_size=&#8221;15&#8243; icon_width=&#8221;78&#8243; title=&#8221;Fabricaci\u00f3n de m\u00e1quinas y piezas&#8221;]Armados con conocimiento estad\u00edstico, experiencia t\u00e9cnica y predicci\u00f3n basada en hechos, permitimos que su negocio realmente se dispare.[\/stm_icon_box][\/vc_column_inner][vc_column_inner width=&#8221;1\/2&#8243;][stm_icon_box hide_title_line=&#8221;hide_title_line&#8221; enable_hexagon=&#8221;enable&#8221; enable_hexagon_animation=&#8221;enable&#8221; icon=&#8221;stm-graph&#8221; style=&#8221;icon_left&#8221; icon_size=&#8221;22&#8243; icon_width=&#8221;78&#8243; title=&#8221;Consultor\u00eda de Maquinaria y Servicios&#8221;]Lo ayudamos a dar forma y posicionar sus servicios comerciales de una manera que mejore el rendimiento de sus clientes.[\/stm_icon_box][\/vc_column_inner][\/vc_row_inner][vc_row_inner css=&#8221;.vc_custom_1455886085190{margin-bottom: 10px !important;}&#8221;][vc_column_inner width=&#8221;1\/2&#8243;][stm_icon_box hide_title_line=&#8221;hide_title_line&#8221; enable_hexagon=&#8221;enable&#8221; enable_hexagon_animation=&#8221;enable&#8221; icon=&#8221;stm-cart&#8221; style=&#8221;icon_left&#8221; icon_size=&#8221;21&#8243; icon_width=&#8221;78&#8243; title=&#8221;Consultor\u00eda industrial de consumo&#8221;]Ayudamos a las empresas que se dedican a productos de consumo a crear y presentar productos que se integren perfectamente con el esp\u00edritu de la \u00e9poca.[\/stm_icon_box][\/vc_column_inner][vc_column_inner width=&#8221;1\/2&#8243;][stm_icon_box hide_title_line=&#8221;hide_title_line&#8221; enable_hexagon=&#8221;enable&#8221; enable_hexagon_animation=&#8221;enable&#8221; icon=&#8221;stm-home&#8221; style=&#8221;icon_left&#8221; icon_size=&#8221;23&#8243; icon_width=&#8221;78&#8243; title=&#8221;Consultor\u00eda de servicios de repuestos&#8221;]Nuestros expertos financieros lo ayudan a analizar los datos financieros para crear una base financiera s\u00f3lida.[\/stm_icon_box][\/vc_column_inner][\/vc_row_inner][vc_row_inner][vc_column_inner width=&#8221;1\/2&#8243;][stm_icon_box hide_title_line=&#8221;hide_title_line&#8221; enable_hexagon=&#8221;enable&#8221; enable_hexagon_animation=&#8221;enable&#8221; icon=&#8221;stm-lamp&#8221; style=&#8221;icon_left&#8221; icon_size=&#8221;27&#8243; icon_width=&#8221;78&#8243; title=&#8221;Consultor\u00eda de Energ\u00eda y Medio Ambiente&#8221;]Trabajamos con las empresas energ\u00e9ticas para aumentar su eficiencia y eliminar cualquier pr\u00e1ctica nociva para el medio ambiente.[\/stm_icon_box][\/vc_column_inner][vc_column_inner width=&#8221;1\/2&#8243;][stm_icon_box hide_title_line=&#8221;hide_title_line&#8221; enable_hexagon=&#8221;enable&#8221; enable_hexagon_animation=&#8221;enable&#8221; icon=&#8221;stm-truck&#8221; style=&#8221;icon_left&#8221; icon_size=&#8221;19&#8243; icon_width=&#8221;78&#8243; title=&#8221;Consultor\u00eda de servicios de telecomunicaciones&#8221;]Somos una empresa que ofrece servicios de dise\u00f1o y construcci\u00f3n para usted, desde los bocetos iniciales hasta la construcci\u00f3n final.[\/stm_icon_box][\/vc_column_inner][\/vc_row_inner][vc_separator][vc_row_inner][vc_column_inner width=&#8221;1\/5&#8243;][vc_icon icon_fontawesome=&#8221;stm-badge&#8221; color=&#8221;juicy_pink&#8221; size=&#8221;xl&#8221; align=&#8221;right&#8221;][\/vc_column_inner][vc_column_inner width=&#8221;1\/5&#8243;][stm_stats_counter stat_counter_style=&#8221;style_5&#8243; counter_value=&#8221;115000&#8243; counter_value_suf=&#8221;+&#8221; title_color=&#8221;&#8221; icon_color=&#8221;&#8221; title=&#8221;Conexiones de clientes&#8221;][\/vc_column_inner][vc_column_inner width=&#8221;1\/5&#8243;][stm_stats_counter stat_counter_style=&#8221;style_5&#8243; counter_value=&#8221;7500&#8243; counter_value_suf=&#8221;+&#8221; title_color=&#8221;&#8221; icon_color=&#8221;&#8221; alignment=&#8221;right&#8221; title=&#8221;Clientes satisfechos&#8221;][\/vc_column_inner][vc_column_inner width=&#8221;1\/5&#8243;][stm_stats_counter stat_counter_style=&#8221;style_5&#8243; counter_value=&#8221;1000000&#8243; counter_value_suf=&#8221;+&#8221; title_color=&#8221;&#8221; icon_color=&#8221;&#8221; alignment=&#8221;right&#8221; title=&#8221;\u00a1Millones de gracias!&#8221;][\/vc_column_inner][vc_column_inner width=&#8221;1\/5&#8243;][vc_icon icon_fontawesome=&#8221;stm-badge&#8221; color=&#8221;juicy_pink&#8221; size=&#8221;xl&#8221;][\/vc_column_inner][\/vc_row_inner][\/vc_column][vc_column width=&#8221;1\/4&#8243; offset=&#8221;vc_hidden-sm vc_hidden-xs&#8221;][stm_sidebar sidebar=&#8221;577&#8243;][\/vc_column][\/vc_row][vc_row full_width=&#8221;stretch_row&#8221; css=&#8221;.vc_custom_1459505959648{margin-bottom: -60px !important;}&#8221; el_class=&#8221;third_bg_color&#8221;][vc_column][vc_cta h2=&#8221;If you need more info!&#8221; h2_font_container=&#8221;tag:h2|font_size:24px|text_align:left|color:%23ffffff|line_height:24px&#8221; h2_use_theme_fonts=&#8221;yes&#8221; shape=&#8221;square&#8221; style=&#8221;flat&#8221; color=&#8221;white&#8221; add_button=&#8221;right&#8221; btn_title=&#8221;Click here to contact us!&#8221; btn_style=&#8221;flat&#8221; btn_color=&#8221;theme_style_2&#8243; btn_size=&#8221;lg&#8221; btn_align=&#8221;right&#8221; btn_i_align=&#8221;right&#8221; btn_i_icon_fontawesome=&#8221;fa fa-chevron-right&#8221; particles=&#8221;yes&#8221; use_custom_fonts_h2=&#8221;true&#8221; btn_add_icon=&#8221;true&#8221; btn_link=&#8221;url:https%3A%2F%2Fskyfibertech.com%2Fcontact-us%2F|title:Contact%20Us||&#8221; el_class=&#8221;third_bg_color&#8221; css=&#8221;.vc_custom_1620477394904{margin-bottom: 0px !important;}&#8221;]<span style=\"color: #ffffff;\">Puede utilizar nuestro formulario de contacto r\u00e1pido para obtener m\u00e1s informaci\u00f3n sobre nuestras m\u00e1quinas. Cat\u00e1logos disponibles, fotos, videos y m\u00e1s\u2026<\/span>[\/vc_cta][\/vc_column][\/vc_row]<\/p>\n<\/div>","protected":false},"excerpt":{"rendered":"<p>[vc_row css=&#8221;.vc_custom_1459506276575{margin-bottom: 100px !important;}&#8221;][vc_column offset=&#8221;vc_col-lg-9 vc_col-md-9&#8243;][vc_single_image image=&#8221;9843&#8243; img_size=&#8221;full&#8221;][vc_separator][vc_column_text] SKYFIBERTECH ALLAME MAKINA SKYFIBERTECH es un fabricante l\u00edder de m\u00e1quinas sopladoras de cable de fibra \u00f3ptica. Nuestras m\u00e1quinas est\u00e1n dise\u00f1adas para soplar cable de fibra \u00f3ptica de manera r\u00e1pida y eficiente en conductos existentes o en nuevos sistemas de conductos. Contamos con una amplia gama de modelos<\/p>\n","protected":false},"author":1,"featured_media":5892,"parent":0,"menu_order":0,"comment_status":"closed","ping_status":"closed","template":"","meta":{"_joinchat":[],"footnotes":""},"class_list":["post-105921","page","type-page","status-publish","has-post-thumbnail","hentry"],"yoast_head":"<!-- This site is optimized with the Yoast SEO Premium plugin v26.6 (Yoast SEO v27.1.1) - https:\/\/yoast.com\/product\/yoast-seo-premium-wordpress\/ -->\n<title>Fiber Cable Blowing Machines Manufacturer!<\/title>\n<meta name=\"description\" content=\"Nuestra empresa desde su incorporaci\u00f3n en el sector de las telecomunicaciones ha estado operando la m\u00e1quina de soplado de fibra para cables de fibra \u00f3ptica.\" \/>\n<meta name=\"robots\" content=\"index, follow, max-snippet:-1, max-image-preview:large, max-video-preview:-1\" \/>\n<link rel=\"canonical\" href=\"https:\/\/skyfibertech.com\/es\/quienes-somos\/\" \/>\n<meta property=\"og:locale\" content=\"es_ES\" \/>\n<meta property=\"og:type\" content=\"article\" \/>\n<meta property=\"og:title\" content=\"\u00bfQuienes somos?\" \/>\n<meta property=\"og:description\" content=\"Nuestra empresa desde su incorporaci\u00f3n en el sector de las telecomunicaciones ha estado operando la m\u00e1quina de soplado de fibra para cables de fibra \u00f3ptica.\" \/>\n<meta property=\"og:url\" content=\"https:\/\/skyfibertech.com\/es\/quienes-somos\/\" \/>\n<meta property=\"og:site_name\" content=\"Fiber Cable Blowing Machines Manufacturer!\" \/>\n<meta property=\"article:publisher\" content=\"https:\/\/www.facebook.com\/skyfibertech\/\" \/>\n<meta property=\"article:modified_time\" content=\"2023-07-01T21:24:15+00:00\" \/>\n<meta property=\"og:image\" content=\"https:\/\/skyfibertech.com\/wp-content\/uploads\/2019\/11\/hydrosky-fiber-blowing-machine.jpg\" \/>\n\t<meta property=\"og:image:width\" content=\"1024\" \/>\n\t<meta property=\"og:image:height\" content=\"576\" \/>\n\t<meta property=\"og:image:type\" content=\"image\/jpeg\" \/>\n<meta name=\"twitter:label1\" content=\"Tiempo de lectura\" \/>\n\t<meta name=\"twitter:data1\" content=\"7 minutos\" \/>\n<script type=\"application\/ld+json\" class=\"yoast-schema-graph\">{\"@context\":\"https:\/\/schema.org\",\"@graph\":[{\"@type\":\"WebPage\",\"@id\":\"https:\/\/skyfibertech.com\/es\/quienes-somos\/\",\"url\":\"https:\/\/skyfibertech.com\/es\/quienes-somos\/\",\"name\":\"\",\"isPartOf\":{\"@id\":\"https:\/\/skyfibertech.com\/es\/#website\"},\"primaryImageOfPage\":{\"@id\":\"https:\/\/skyfibertech.com\/es\/quienes-somos\/#primaryimage\"},\"image\":{\"@id\":\"https:\/\/skyfibertech.com\/es\/quienes-somos\/#primaryimage\"},\"thumbnailUrl\":\"https:\/\/skyfibertech.com\/wp-content\/uploads\/2019\/11\/hydrosky-fiber-blowing-machine.jpg\",\"datePublished\":\"2023-07-01T14:14:59+00:00\",\"dateModified\":\"2023-07-01T21:24:15+00:00\",\"description\":\"Nuestra empresa desde su incorporaci\u00f3n en el sector de las telecomunicaciones ha estado operando la m\u00e1quina de soplado de fibra para cables de fibra \u00f3ptica.\",\"breadcrumb\":{\"@id\":\"https:\/\/skyfibertech.com\/es\/quienes-somos\/#breadcrumb\"},\"inLanguage\":\"es\",\"potentialAction\":[{\"@type\":\"ReadAction\",\"target\":[\"https:\/\/skyfibertech.com\/es\/quienes-somos\/\"]}]},{\"@type\":\"ImageObject\",\"inLanguage\":\"es\",\"@id\":\"https:\/\/skyfibertech.com\/es\/quienes-somos\/#primaryimage\",\"url\":\"https:\/\/skyfibertech.com\/wp-content\/uploads\/2019\/11\/hydrosky-fiber-blowing-machine.jpg\",\"contentUrl\":\"https:\/\/skyfibertech.com\/wp-content\/uploads\/2019\/11\/hydrosky-fiber-blowing-machine.jpg\",\"width\":1024,\"height\":576,\"caption\":\"\ufeff \u0633\u0639\u0631 fiber optic blowing machine\"},{\"@type\":\"BreadcrumbList\",\"@id\":\"https:\/\/skyfibertech.com\/es\/quienes-somos\/#breadcrumb\",\"itemListElement\":[{\"@type\":\"ListItem\",\"position\":1,\"name\":\"Home\",\"item\":\"https:\/\/skyfibertech.com\/es\/maquinas-soplado-de-cable-de-fibra\/\"},{\"@type\":\"ListItem\",\"position\":2,\"name\":\"\u00bfQuienes somos?\"}]},{\"@type\":\"WebSite\",\"@id\":\"https:\/\/skyfibertech.com\/es\/#website\",\"url\":\"https:\/\/skyfibertech.com\/es\/\",\"name\":\"Fiber Cable Blowing Machine Manufacturer Turkiye!\",\"description\":\"Cable Blowing Machines for telecomunication industry!\",\"publisher\":{\"@id\":\"https:\/\/skyfibertech.com\/es\/#organization\"},\"alternateName\":\"Skyfibertech Allame Makina!\",\"potentialAction\":[{\"@type\":\"SearchAction\",\"target\":{\"@type\":\"EntryPoint\",\"urlTemplate\":\"https:\/\/skyfibertech.com\/es\/?s={search_term_string}\"},\"query-input\":{\"@type\":\"PropertyValueSpecification\",\"valueRequired\":true,\"valueName\":\"search_term_string\"}}],\"inLanguage\":\"es\"},{\"@type\":\"Organization\",\"@id\":\"https:\/\/skyfibertech.com\/es\/#organization\",\"name\":\"Allame Skyfibertech Fiber Blowing Machine\",\"alternateName\":\"Cable Blowing Machine Manufacturer\",\"url\":\"https:\/\/skyfibertech.com\/es\/\",\"logo\":{\"@type\":\"ImageObject\",\"inLanguage\":\"es\",\"@id\":\"https:\/\/skyfibertech.com\/es\/#\/schema\/logo\/image\/\",\"url\":\"https:\/\/skyfibertech.com\/wp-content\/uploads\/2019\/06\/Skyfibertech-logo-359px.png\",\"contentUrl\":\"https:\/\/skyfibertech.com\/wp-content\/uploads\/2019\/06\/Skyfibertech-logo-359px.png\",\"width\":359,\"height\":60,\"caption\":\"Allame Skyfibertech Fiber Blowing Machine\"},\"image\":{\"@id\":\"https:\/\/skyfibertech.com\/es\/#\/schema\/logo\/image\/\"},\"sameAs\":[\"https:\/\/www.facebook.com\/skyfibertech\/\",\"https:\/\/x.com\/SkyFiberTech1\",\"https:\/\/www.instagram.com\/allamemakina\",\"https:\/\/www.linkedin.com\/company\/cable-blowing-machines\/\",\"https:\/\/www.youtube.com\/@skyfibertech\/videos\"],\"publishingPrinciples\":\"https:\/\/skyfibertech.com\/privacy-policy\/\",\"ownershipFundingInfo\":\"https:\/\/skyfibertech.com\/who-we-are\/\",\"actionableFeedbackPolicy\":\"https:\/\/skyfibertech.com\/contact-us\/\"}]}<\/script>\n<!-- \/ Yoast SEO Premium plugin. -->","yoast_head_json":{"title":"Fiber Cable Blowing Machines Manufacturer!","description":"Nuestra empresa desde su incorporaci\u00f3n en el sector de las telecomunicaciones ha estado operando la m\u00e1quina de soplado de fibra para cables de fibra \u00f3ptica.","robots":{"index":"index","follow":"follow","max-snippet":"max-snippet:-1","max-image-preview":"max-image-preview:large","max-video-preview":"max-video-preview:-1"},"canonical":"https:\/\/skyfibertech.com\/es\/quienes-somos\/","og_locale":"es_ES","og_type":"article","og_title":"\u00bfQuienes somos?","og_description":"Nuestra empresa desde su incorporaci\u00f3n en el sector de las telecomunicaciones ha estado operando la m\u00e1quina de soplado de fibra para cables de fibra \u00f3ptica.","og_url":"https:\/\/skyfibertech.com\/es\/quienes-somos\/","og_site_name":"Fiber Cable Blowing Machines Manufacturer!","article_publisher":"https:\/\/www.facebook.com\/skyfibertech\/","article_modified_time":"2023-07-01T21:24:15+00:00","og_image":[{"width":1024,"height":576,"url":"https:\/\/skyfibertech.com\/wp-content\/uploads\/2019\/11\/hydrosky-fiber-blowing-machine.jpg","type":"image\/jpeg"}],"twitter_misc":{"Tiempo de lectura":"7 minutos"},"schema":{"@context":"https:\/\/schema.org","@graph":[{"@type":"WebPage","@id":"https:\/\/skyfibertech.com\/es\/quienes-somos\/","url":"https:\/\/skyfibertech.com\/es\/quienes-somos\/","name":"","isPartOf":{"@id":"https:\/\/skyfibertech.com\/es\/#website"},"primaryImageOfPage":{"@id":"https:\/\/skyfibertech.com\/es\/quienes-somos\/#primaryimage"},"image":{"@id":"https:\/\/skyfibertech.com\/es\/quienes-somos\/#primaryimage"},"thumbnailUrl":"https:\/\/skyfibertech.com\/wp-content\/uploads\/2019\/11\/hydrosky-fiber-blowing-machine.jpg","datePublished":"2023-07-01T14:14:59+00:00","dateModified":"2023-07-01T21:24:15+00:00","description":"Nuestra empresa desde su incorporaci\u00f3n en el sector de las telecomunicaciones ha estado operando la m\u00e1quina de soplado de fibra para cables de fibra \u00f3ptica.","breadcrumb":{"@id":"https:\/\/skyfibertech.com\/es\/quienes-somos\/#breadcrumb"},"inLanguage":"es","potentialAction":[{"@type":"ReadAction","target":["https:\/\/skyfibertech.com\/es\/quienes-somos\/"]}]},{"@type":"ImageObject","inLanguage":"es","@id":"https:\/\/skyfibertech.com\/es\/quienes-somos\/#primaryimage","url":"https:\/\/skyfibertech.com\/wp-content\/uploads\/2019\/11\/hydrosky-fiber-blowing-machine.jpg","contentUrl":"https:\/\/skyfibertech.com\/wp-content\/uploads\/2019\/11\/hydrosky-fiber-blowing-machine.jpg","width":1024,"height":576,"caption":"\ufeff \u0633\u0639\u0631 fiber optic blowing machine"},{"@type":"BreadcrumbList","@id":"https:\/\/skyfibertech.com\/es\/quienes-somos\/#breadcrumb","itemListElement":[{"@type":"ListItem","position":1,"name":"Home","item":"https:\/\/skyfibertech.com\/es\/maquinas-soplado-de-cable-de-fibra\/"},{"@type":"ListItem","position":2,"name":"\u00bfQuienes somos?"}]},{"@type":"WebSite","@id":"https:\/\/skyfibertech.com\/es\/#website","url":"https:\/\/skyfibertech.com\/es\/","name":"Fiber Cable Blowing Machine Manufacturer Turkiye!","description":"Cable Blowing Machines for telecomunication industry!","publisher":{"@id":"https:\/\/skyfibertech.com\/es\/#organization"},"alternateName":"Skyfibertech Allame Makina!","potentialAction":[{"@type":"SearchAction","target":{"@type":"EntryPoint","urlTemplate":"https:\/\/skyfibertech.com\/es\/?s={search_term_string}"},"query-input":{"@type":"PropertyValueSpecification","valueRequired":true,"valueName":"search_term_string"}}],"inLanguage":"es"},{"@type":"Organization","@id":"https:\/\/skyfibertech.com\/es\/#organization","name":"Allame Skyfibertech Fiber Blowing Machine","alternateName":"Cable Blowing Machine Manufacturer","url":"https:\/\/skyfibertech.com\/es\/","logo":{"@type":"ImageObject","inLanguage":"es","@id":"https:\/\/skyfibertech.com\/es\/#\/schema\/logo\/image\/","url":"https:\/\/skyfibertech.com\/wp-content\/uploads\/2019\/06\/Skyfibertech-logo-359px.png","contentUrl":"https:\/\/skyfibertech.com\/wp-content\/uploads\/2019\/06\/Skyfibertech-logo-359px.png","width":359,"height":60,"caption":"Allame Skyfibertech Fiber Blowing Machine"},"image":{"@id":"https:\/\/skyfibertech.com\/es\/#\/schema\/logo\/image\/"},"sameAs":["https:\/\/www.facebook.com\/skyfibertech\/","https:\/\/x.com\/SkyFiberTech1","https:\/\/www.instagram.com\/allamemakina","https:\/\/www.linkedin.com\/company\/cable-blowing-machines\/","https:\/\/www.youtube.com\/@skyfibertech\/videos"],"publishingPrinciples":"https:\/\/skyfibertech.com\/privacy-policy\/","ownershipFundingInfo":"https:\/\/skyfibertech.com\/who-we-are\/","actionableFeedbackPolicy":"https:\/\/skyfibertech.com\/contact-us\/"}]}},"_links":{"self":[{"href":"https:\/\/skyfibertech.com\/es\/wp-json\/wp\/v2\/pages\/105921","targetHints":{"allow":["GET"]}}],"collection":[{"href":"https:\/\/skyfibertech.com\/es\/wp-json\/wp\/v2\/pages"}],"about":[{"href":"https:\/\/skyfibertech.com\/es\/wp-json\/wp\/v2\/types\/page"}],"author":[{"embeddable":true,"href":"https:\/\/skyfibertech.com\/es\/wp-json\/wp\/v2\/users\/1"}],"replies":[{"embeddable":true,"href":"https:\/\/skyfibertech.com\/es\/wp-json\/wp\/v2\/comments?post=105921"}],"version-history":[{"count":0,"href":"https:\/\/skyfibertech.com\/es\/wp-json\/wp\/v2\/pages\/105921\/revisions"}],"wp:featuredmedia":[{"embeddable":true,"href":"https:\/\/skyfibertech.com\/es\/wp-json\/wp\/v2\/media\/5892"}],"wp:attachment":[{"href":"https:\/\/skyfibertech.com\/es\/wp-json\/wp\/v2\/media?parent=105921"}],"curies":[{"name":"wp","href":"https:\/\/api.w.org\/{rel}","templated":true}]}}