{"id":105939,"date":"2023-07-01T17:15:08","date_gmt":"2023-07-01T14:15:08","guid":{"rendered":"https:\/\/skyfibertech.com\/datenschutz-bestimmungen\/"},"modified":"2023-07-01T23:49:40","modified_gmt":"2023-07-01T20:49:40","slug":"datenschutz-bestimmungen","status":"publish","type":"page","link":"https:\/\/skyfibertech.com\/de\/datenschutz-bestimmungen\/","title":{"rendered":"Datenschutz-Bestimmungen"},"content":{"rendered":"<h3>ALLAME Makina ve Bilisim San Tic. GmbH. Sti.<\/h3>\n<h4>Datenschutz-Bestimmungen<\/h4>\n<p>Diese Datenschutzrichtlinie beschreibt, wie Ihre pers\u00f6nlichen Daten erfasst, verwendet und weitergegeben werden, wenn Sie https:\/\/skyfibertech.com (das \u201eSkyFiber Tech by <a href=\"https:\/\/skyfibertech.com\/fibre-floating-machines-manufacturer\/\">Allame Makina<\/a> \u201c) besuchen oder dort einen Kauf t\u00e4tigen.<\/p>\n<p><strong>PERS\u00d6NLICHE INFORMATIONEN, DIE WIR SAMMELN<\/strong><\/p>\n<p>Wenn Sie die <a href=\"https:\/\/skyfibertech.com\/who-we-are\/\">Website<\/a> besuchen, erfassen wir automatisch bestimmte Informationen \u00fcber Ihr Ger\u00e4t, einschlie\u00dflich Informationen \u00fcber Ihren Webbrowser, Ihre IP-Adresse, Ihre Zeitzone und einige der auf Ihrem Ger\u00e4t installierten Cookies. Dar\u00fcber hinaus erfassen wir beim Durchsuchen der Website Informationen \u00fcber die einzelnen Webseiten oder Produkte, die Sie ansehen, welche Websites oder Suchbegriffe Sie auf die Website verwiesen haben und Informationen dar\u00fcber, wie Sie mit der Website interagieren. Wir bezeichnen diese automatisch erfassten Informationen als \u201eGer\u00e4teinformationen\u201c.<\/p>\n<p>Wir sammeln Ger\u00e4teinformationen mithilfe der folgenden Technologien:<\/p>\n<p>&#8211; \u201eCookies\u201c sind Datendateien, die auf Ihrem Ger\u00e4t oder Computer abgelegt werden und oft eine anonyme eindeutige Kennung enthalten. Weitere Informationen zu Cookies und zur Deaktivierung von Cookies finden Sie unter http:\/\/www.allaboutcookies.org.<br \/>\n&#8211; \u201eProtokolldateien\u201c verfolgen die auf der Website stattfindenden Aktionen und sammeln Daten, einschlie\u00dflich Ihrer IP-Adresse, Ihres Browsertyps, Ihres Internetdienstanbieters, Ihrer Verweis-\/Ausstiegsseiten und Datums-\/Zeitstempel.<br \/>\n&#8211; \u201eWeb-Beacons\u201c, \u201eTags\u201c und \u201ePixel\u201c sind elektronische Dateien, die dazu dienen, Informationen dar\u00fcber aufzuzeichnen, wie Sie auf der Website surfen.<\/p>\n<p>Wenn Sie einen Kauf t\u00e4tigen oder versuchen, einen Kauf \u00fcber Direct Bank Transfer TT oder LC zu t\u00e4tigen, erfassen wir au\u00dferdem bestimmte Informationen von Ihnen, einschlie\u00dflich Ihres Namens, Ihrer Rechnungsadresse, Lieferadresse, Zahlungsinformationen, E-Mail-Adresse und Telefonnummer. Wir bezeichnen diese Informationen als \u201eBestellinformationen\u201c.<\/p>\n<p>Wenn wir in dieser Datenschutzrichtlinie von \u201epers\u00f6nlichen Daten\u201c sprechen, sprechen wir sowohl von Ger\u00e4teinformationen als auch von Bestellinformationen.<\/p>\n<p><strong>WIE VERWENDEN WIR IHRE PERSONENBEZOGENEN DATEN?<\/strong><\/p>\n<p>Wir verwenden die von uns gesammelten Bestellinformationen im Allgemeinen, um alle \u00fcber die Website aufgegebenen Bestellungen auszuf\u00fchren (einschlie\u00dflich der Verarbeitung Ihrer Zahlungsinformationen, der Organisation des Versands und der Bereitstellung von Rechnungen und\/oder Bestellbest\u00e4tigungen). Dar\u00fcber hinaus verwenden wir diese Bestellinformationen, um:<br \/>\nMit dir kommunizieren;<br \/>\n\u00dcberpr\u00fcfen Sie unsere Bestellungen auf potenzielle Risiken oder Betrug. Und<br \/>\nIm Einklang mit den Pr\u00e4ferenzen, die Sie uns mitgeteilt haben, um Ihnen Informationen oder Werbung zu unseren Produkten oder Dienstleistungen zukommen zu lassen.<\/p>\n<p>Wir verwenden die von uns gesammelten Ger\u00e4teinformationen, um uns bei der Suche nach potenziellen Risiken und Betrug zu helfen (insbesondere Ihre IP-Adresse) und allgemeiner, um unsere Website zu verbessern und zu optimieren (z. B. durch die Erstellung von Analysen dar\u00fcber, wie unsere Kunden surfen und mit ihr interagieren). der Website und zur Beurteilung des Erfolgs unserer Marketing- und Werbekampagnen).<\/p>\n<p><strong>TEILUNG IHRER PERS\u00d6NLICHEN DATEN<\/strong><\/p>\n<p>Wir geben Ihre personenbezogenen Daten an Dritte weiter, um uns bei der Nutzung Ihrer personenbezogenen Daten wie oben beschrieben zu unterst\u00fctzen. Zum Beispiel verwenden wir Shopify, um unseren Online-Shop zu betreiben. Weitere Informationen dar\u00fcber, wie Shopify Ihre pers\u00f6nlichen Daten verwendet, k\u00f6nnen Sie hier lesen: https:\/\/www.shopify.com\/legal\/privacy. Wir verwenden Google Analytics auch, um zu verstehen, wie unsere Kunden die Website nutzen. Weitere Informationen zur Verwendung Ihrer personenbezogenen Daten durch Google finden Sie hier: https:\/\/www.google.com\/intl\/en\/policies\/privacy\/. Sie k\u00f6nnen Google Analytics auch hier deaktivieren: https:\/\/tools.google.com\/dlpage\/gaoptout.<\/p>\n<p>Schlie\u00dflich k\u00f6nnen wir Ihre personenbezogenen Daten auch weitergeben, um geltende Gesetze und Vorschriften einzuhalten, auf eine Vorladung, einen Durchsuchungsbefehl oder andere rechtm\u00e4\u00dfige Informationsanfragen, die wir erhalten, zu reagieren oder um unsere Rechte anderweitig zu sch\u00fctzen.<\/p>\n<p><strong>VERHALTENSWERBUNG<\/strong><br \/>\nWie oben beschrieben verwenden wir Ihre personenbezogenen Daten, um Ihnen gezielte Werbung oder Marketingmitteilungen zukommen zu lassen, von denen wir glauben, dass sie f\u00fcr Sie von Interesse sein k\u00f6nnten. Weitere Informationen dar\u00fcber, wie zielgerichtete Werbung funktioniert, finden Sie auf der Bildungsseite der Network Advertising Initiative (\u201eNAI\u201c) unter http:\/\/www.networkadvertising.org\/understanding-online-advertising\/how-does-it-work.<\/p>\n<p>Dar\u00fcber hinaus k\u00f6nnen Sie sich von einigen dieser Dienste abmelden, indem Sie das Opt-out-Portal der Digital Advertising Alliance unter http:\/\/optout.aboutads.info\/ besuchen.<\/p>\n<p><strong>NICHT VERFOLGEN<\/strong><br \/>\nBitte beachten Sie, dass wir die Datenerfassungs- und -nutzungspraktiken unserer Website nicht \u00e4ndern, wenn wir ein \u201eDo Not Track\u201c-Signal von Ihrem Browser sehen.<\/p>\n<p><strong>DEINE RECHTE<\/strong><br \/>\nWenn Sie unsere Website besuchen, haben Sie das Recht, auf die pers\u00f6nlichen Daten zuzugreifen, die wir \u00fcber Sie gespeichert haben, und zu verlangen, dass Ihre pers\u00f6nlichen Daten korrigiert, aktualisiert oder gel\u00f6scht werden. Wenn Sie dieses Recht aus\u00fcben m\u00f6chten, kontaktieren Sie uns bitte \u00fcber die untenstehenden Kontaktinformationen.<\/p>\n<p>Wenn Sie unser Kunde sind und Waren bei uns gekauft haben, beachten wir au\u00dferdem, dass wir Ihre Daten verarbeiten, um Vertr\u00e4ge zu erf\u00fcllen, die wir m\u00f6glicherweise mit Ihnen haben (z. B. wenn Sie eine Bestellung \u00fcber die Website aufgeben), oder um unsere Vertr\u00e4ge anderweitig zu verfolgen berechtigte Gesch\u00e4ftsinteressen, die oben aufgef\u00fchrt sind.<\/p>\n<p><strong>VORRATSDATENSPEICHERUNG<\/strong><br \/>\nWenn Sie \u00fcber die Website eine Bestellung aufgeben, bewahren wir Ihre Bestellinformationen f\u00fcr unsere Unterlagen auf, es sei denn, Sie bitten uns, diese Informationen zu l\u00f6schen.<\/p>\n<p><strong>\u00c4NDERUNGEN<\/strong><br \/>\nWir k\u00f6nnen diese Datenschutzrichtlinie von Zeit zu Zeit aktualisieren, um beispielsweise \u00c4nderungen unserer Praktiken oder aus anderen betrieblichen, rechtlichen oder regulatorischen Gr\u00fcnden Rechnung zu tragen.<\/p>\n<p><strong>KONTAKTIERE UNS<\/strong><br \/>\nF\u00fcr weitere Informationen zu unseren Datenschutzpraktiken, wenn Sie Fragen haben oder eine Beschwerde einreichen m\u00f6chten, kontaktieren Sie uns bitte per E-Mail unter info@skyfibertech.com oder per Post unter den unten angegebenen Kontaktdaten:<\/p>\n<p>Istasyon Mah. Cilem Sok. Nr.:1 Kartepe Sanayi Sitesi H1\/50 Kartepe \/ Kocaeli, T\u00fcrkei<br \/>\nTel.: +90 (533) 7789941<\/p>\n<p>Aufrichtig;<br \/>\nSky Fiber Technologies-Administrator<br \/>\nALLAME Makina ve Bilisim San Tic. GmbH. Sti.<\/p>\n","protected":false},"excerpt":{"rendered":"<p>ALLAME Makina ve Bilisim San Tic. GmbH. Sti. Datenschutz-Bestimmungen Diese Datenschutzrichtlinie beschreibt, wie Ihre pers\u00f6nlichen Daten erfasst, verwendet und weitergegeben werden, wenn Sie https:\/\/skyfibertech.com (das \u201eSkyFiber Tech by Allame Makina \u201c) besuchen oder dort einen Kauf t\u00e4tigen. PERS\u00d6NLICHE INFORMATIONEN, DIE WIR SAMMELN Wenn Sie die Website besuchen, erfassen wir automatisch bestimmte Informationen \u00fcber Ihr Ger\u00e4t,<\/p>\n","protected":false},"author":1,"featured_media":0,"parent":0,"menu_order":0,"comment_status":"closed","ping_status":"closed","template":"","meta":{"_joinchat":[],"footnotes":""},"class_list":["post-105939","page","type-page","status-publish","hentry"],"yoast_head":"<!-- This site is optimized with the Yoast SEO Premium plugin v26.6 (Yoast SEO v27.1.1) - https:\/\/yoast.com\/product\/yoast-seo-premium-wordpress\/ -->\n<title>Datenschutz-Bestimmungen - SKYFIBERTECH ALLAME MAKINA<\/title>\n<meta name=\"description\" content=\"Diese Datenschutzrichtlinie beschreibt, wie Ihre pers\u00f6nlichen Daten erfasst, verwendet und weitergegeben werden, wenn Sie https:\/\/skyfibertech.com besuchen oder einen Kauf t\u00e4tigen\" \/>\n<meta name=\"robots\" content=\"index, follow, max-snippet:-1, max-image-preview:large, max-video-preview:-1\" \/>\n<link rel=\"canonical\" href=\"https:\/\/skyfibertech.com\/de\/datenschutz-bestimmungen\/\" \/>\n<meta property=\"og:locale\" content=\"de_DE\" \/>\n<meta property=\"og:type\" content=\"article\" \/>\n<meta property=\"og:title\" content=\"Datenschutz-Bestimmungen\" \/>\n<meta property=\"og:description\" content=\"Diese Datenschutzrichtlinie beschreibt, wie Ihre pers\u00f6nlichen Daten erfasst, verwendet und weitergegeben werden, wenn Sie https:\/\/skyfibertech.com besuchen oder einen Kauf t\u00e4tigen\" \/>\n<meta property=\"og:url\" content=\"https:\/\/skyfibertech.com\/de\/datenschutz-bestimmungen\/\" \/>\n<meta property=\"og:site_name\" content=\"Fiber Cable Blowing Machines Manufacturer!\" \/>\n<meta property=\"article:publisher\" content=\"https:\/\/www.facebook.com\/skyfibertech\/\" \/>\n<meta property=\"article:modified_time\" content=\"2023-07-01T20:49:40+00:00\" \/>\n<meta property=\"og:image\" content=\"https:\/\/skyfibertech.com\/wp-content\/uploads\/2021\/08\/fibre-optic-blowing-machines.jpg\" \/>\n\t<meta property=\"og:image:width\" content=\"1000\" \/>\n\t<meta property=\"og:image:height\" content=\"667\" \/>\n\t<meta property=\"og:image:type\" content=\"image\/jpeg\" \/>\n<meta name=\"twitter:label1\" content=\"Gesch\u00e4tzte Lesezeit\" \/>\n\t<meta name=\"twitter:data1\" content=\"5\u00a0Minuten\" \/>\n<script type=\"application\/ld+json\" class=\"yoast-schema-graph\">{\"@context\":\"https:\/\/schema.org\",\"@graph\":[{\"@type\":\"WebPage\",\"@id\":\"https:\/\/skyfibertech.com\/de\/datenschutz-bestimmungen\/\",\"url\":\"https:\/\/skyfibertech.com\/de\/datenschutz-bestimmungen\/\",\"name\":\"Datenschutz-Bestimmungen - SKYFIBERTECH ALLAME MAKINA\",\"isPartOf\":{\"@id\":\"https:\/\/skyfibertech.com\/de\/#website\"},\"datePublished\":\"2023-07-01T14:15:08+00:00\",\"dateModified\":\"2023-07-01T20:49:40+00:00\",\"description\":\"Diese Datenschutzrichtlinie beschreibt, wie Ihre pers\u00f6nlichen Daten erfasst, verwendet und weitergegeben werden, wenn Sie https:\/\/skyfibertech.com besuchen oder einen Kauf t\u00e4tigen\",\"breadcrumb\":{\"@id\":\"https:\/\/skyfibertech.com\/de\/datenschutz-bestimmungen\/#breadcrumb\"},\"inLanguage\":\"de\",\"potentialAction\":[{\"@type\":\"ReadAction\",\"target\":[\"https:\/\/skyfibertech.com\/de\/datenschutz-bestimmungen\/\"]}]},{\"@type\":\"BreadcrumbList\",\"@id\":\"https:\/\/skyfibertech.com\/de\/datenschutz-bestimmungen\/#breadcrumb\",\"itemListElement\":[{\"@type\":\"ListItem\",\"position\":1,\"name\":\"Home\",\"item\":\"https:\/\/skyfibertech.com\/de\/fiber-cable-blowing-machines\/\"},{\"@type\":\"ListItem\",\"position\":2,\"name\":\"Datenschutz-Bestimmungen\"}]},{\"@type\":\"WebSite\",\"@id\":\"https:\/\/skyfibertech.com\/de\/#website\",\"url\":\"https:\/\/skyfibertech.com\/de\/\",\"name\":\"Fiber Cable Blowing Machine Manufacturer Turkiye!\",\"description\":\"Cable Blowing Machines for telecomunication industry!\",\"publisher\":{\"@id\":\"https:\/\/skyfibertech.com\/de\/#organization\"},\"alternateName\":\"Skyfibertech Allame Makina!\",\"potentialAction\":[{\"@type\":\"SearchAction\",\"target\":{\"@type\":\"EntryPoint\",\"urlTemplate\":\"https:\/\/skyfibertech.com\/de\/?s={search_term_string}\"},\"query-input\":{\"@type\":\"PropertyValueSpecification\",\"valueRequired\":true,\"valueName\":\"search_term_string\"}}],\"inLanguage\":\"de\"},{\"@type\":\"Organization\",\"@id\":\"https:\/\/skyfibertech.com\/de\/#organization\",\"name\":\"Allame Skyfibertech Fiber Blowing Machine\",\"alternateName\":\"Cable Blowing Machine Manufacturer\",\"url\":\"https:\/\/skyfibertech.com\/de\/\",\"logo\":{\"@type\":\"ImageObject\",\"inLanguage\":\"de\",\"@id\":\"https:\/\/skyfibertech.com\/de\/#\/schema\/logo\/image\/\",\"url\":\"https:\/\/skyfibertech.com\/wp-content\/uploads\/2019\/06\/Skyfibertech-logo-359px.png\",\"contentUrl\":\"https:\/\/skyfibertech.com\/wp-content\/uploads\/2019\/06\/Skyfibertech-logo-359px.png\",\"width\":359,\"height\":60,\"caption\":\"Allame Skyfibertech Fiber Blowing Machine\"},\"image\":{\"@id\":\"https:\/\/skyfibertech.com\/de\/#\/schema\/logo\/image\/\"},\"sameAs\":[\"https:\/\/www.facebook.com\/skyfibertech\/\",\"https:\/\/x.com\/SkyFiberTech1\",\"https:\/\/www.instagram.com\/allamemakina\",\"https:\/\/www.linkedin.com\/company\/cable-blowing-machines\/\",\"https:\/\/www.youtube.com\/@skyfibertech\/videos\"],\"publishingPrinciples\":\"https:\/\/skyfibertech.com\/privacy-policy\/\",\"ownershipFundingInfo\":\"https:\/\/skyfibertech.com\/who-we-are\/\",\"actionableFeedbackPolicy\":\"https:\/\/skyfibertech.com\/contact-us\/\"}]}<\/script>\n<!-- \/ Yoast SEO Premium plugin. -->","yoast_head_json":{"title":"Datenschutz-Bestimmungen - SKYFIBERTECH ALLAME MAKINA","description":"Diese Datenschutzrichtlinie beschreibt, wie Ihre pers\u00f6nlichen Daten erfasst, verwendet und weitergegeben werden, wenn Sie https:\/\/skyfibertech.com besuchen oder einen Kauf t\u00e4tigen","robots":{"index":"index","follow":"follow","max-snippet":"max-snippet:-1","max-image-preview":"max-image-preview:large","max-video-preview":"max-video-preview:-1"},"canonical":"https:\/\/skyfibertech.com\/de\/datenschutz-bestimmungen\/","og_locale":"de_DE","og_type":"article","og_title":"Datenschutz-Bestimmungen","og_description":"Diese Datenschutzrichtlinie beschreibt, wie Ihre pers\u00f6nlichen Daten erfasst, verwendet und weitergegeben werden, wenn Sie https:\/\/skyfibertech.com besuchen oder einen Kauf t\u00e4tigen","og_url":"https:\/\/skyfibertech.com\/de\/datenschutz-bestimmungen\/","og_site_name":"Fiber Cable Blowing Machines Manufacturer!","article_publisher":"https:\/\/www.facebook.com\/skyfibertech\/","article_modified_time":"2023-07-01T20:49:40+00:00","og_image":[{"width":1000,"height":667,"url":"https:\/\/skyfibertech.com\/wp-content\/uploads\/2021\/08\/fibre-optic-blowing-machines.jpg","type":"image\/jpeg"}],"twitter_misc":{"Gesch\u00e4tzte Lesezeit":"5\u00a0Minuten"},"schema":{"@context":"https:\/\/schema.org","@graph":[{"@type":"WebPage","@id":"https:\/\/skyfibertech.com\/de\/datenschutz-bestimmungen\/","url":"https:\/\/skyfibertech.com\/de\/datenschutz-bestimmungen\/","name":"Datenschutz-Bestimmungen - SKYFIBERTECH ALLAME MAKINA","isPartOf":{"@id":"https:\/\/skyfibertech.com\/de\/#website"},"datePublished":"2023-07-01T14:15:08+00:00","dateModified":"2023-07-01T20:49:40+00:00","description":"Diese Datenschutzrichtlinie beschreibt, wie Ihre pers\u00f6nlichen Daten erfasst, verwendet und weitergegeben werden, wenn Sie https:\/\/skyfibertech.com besuchen oder einen Kauf t\u00e4tigen","breadcrumb":{"@id":"https:\/\/skyfibertech.com\/de\/datenschutz-bestimmungen\/#breadcrumb"},"inLanguage":"de","potentialAction":[{"@type":"ReadAction","target":["https:\/\/skyfibertech.com\/de\/datenschutz-bestimmungen\/"]}]},{"@type":"BreadcrumbList","@id":"https:\/\/skyfibertech.com\/de\/datenschutz-bestimmungen\/#breadcrumb","itemListElement":[{"@type":"ListItem","position":1,"name":"Home","item":"https:\/\/skyfibertech.com\/de\/fiber-cable-blowing-machines\/"},{"@type":"ListItem","position":2,"name":"Datenschutz-Bestimmungen"}]},{"@type":"WebSite","@id":"https:\/\/skyfibertech.com\/de\/#website","url":"https:\/\/skyfibertech.com\/de\/","name":"Fiber Cable Blowing Machine Manufacturer Turkiye!","description":"Cable Blowing Machines for telecomunication industry!","publisher":{"@id":"https:\/\/skyfibertech.com\/de\/#organization"},"alternateName":"Skyfibertech Allame Makina!","potentialAction":[{"@type":"SearchAction","target":{"@type":"EntryPoint","urlTemplate":"https:\/\/skyfibertech.com\/de\/?s={search_term_string}"},"query-input":{"@type":"PropertyValueSpecification","valueRequired":true,"valueName":"search_term_string"}}],"inLanguage":"de"},{"@type":"Organization","@id":"https:\/\/skyfibertech.com\/de\/#organization","name":"Allame Skyfibertech Fiber Blowing Machine","alternateName":"Cable Blowing Machine Manufacturer","url":"https:\/\/skyfibertech.com\/de\/","logo":{"@type":"ImageObject","inLanguage":"de","@id":"https:\/\/skyfibertech.com\/de\/#\/schema\/logo\/image\/","url":"https:\/\/skyfibertech.com\/wp-content\/uploads\/2019\/06\/Skyfibertech-logo-359px.png","contentUrl":"https:\/\/skyfibertech.com\/wp-content\/uploads\/2019\/06\/Skyfibertech-logo-359px.png","width":359,"height":60,"caption":"Allame Skyfibertech Fiber Blowing Machine"},"image":{"@id":"https:\/\/skyfibertech.com\/de\/#\/schema\/logo\/image\/"},"sameAs":["https:\/\/www.facebook.com\/skyfibertech\/","https:\/\/x.com\/SkyFiberTech1","https:\/\/www.instagram.com\/allamemakina","https:\/\/www.linkedin.com\/company\/cable-blowing-machines\/","https:\/\/www.youtube.com\/@skyfibertech\/videos"],"publishingPrinciples":"https:\/\/skyfibertech.com\/privacy-policy\/","ownershipFundingInfo":"https:\/\/skyfibertech.com\/who-we-are\/","actionableFeedbackPolicy":"https:\/\/skyfibertech.com\/contact-us\/"}]}},"_links":{"self":[{"href":"https:\/\/skyfibertech.com\/de\/wp-json\/wp\/v2\/pages\/105939","targetHints":{"allow":["GET"]}}],"collection":[{"href":"https:\/\/skyfibertech.com\/de\/wp-json\/wp\/v2\/pages"}],"about":[{"href":"https:\/\/skyfibertech.com\/de\/wp-json\/wp\/v2\/types\/page"}],"author":[{"embeddable":true,"href":"https:\/\/skyfibertech.com\/de\/wp-json\/wp\/v2\/users\/1"}],"replies":[{"embeddable":true,"href":"https:\/\/skyfibertech.com\/de\/wp-json\/wp\/v2\/comments?post=105939"}],"version-history":[{"count":0,"href":"https:\/\/skyfibertech.com\/de\/wp-json\/wp\/v2\/pages\/105939\/revisions"}],"wp:attachment":[{"href":"https:\/\/skyfibertech.com\/de\/wp-json\/wp\/v2\/media?parent=105939"}],"curies":[{"name":"wp","href":"https:\/\/api.w.org\/{rel}","templated":true}]}}