{"id":103197,"date":"2023-06-22T12:58:05","date_gmt":"2023-06-22T09:58:05","guid":{"rendered":"https:\/\/skyfibertech.com\/glasfaser-einblasmaschine\/"},"modified":"2023-07-01T15:04:54","modified_gmt":"2023-07-01T12:04:54","slug":"glasfaser-einblasmaschine","status":"publish","type":"page","link":"https:\/\/skyfibertech.com\/de\/glasfaser-einblasmaschine\/","title":{"rendered":"Glasfaser Einblasmaschine"},"content":{"rendered":"<div class=\"wpb-content-wrapper\"><p>[vc_row css=&#8221;.vc_custom_1540962548235{margin-bottom: 30px !important;}&#8221;][vc_column offset=&#8221;vc_col-lg-9 vc_col-md-9&#8243;][stm_services posts_per_page=&#8221;12&#8243; posts_per_row=&#8221;3&#8243; category=&#8221;fiber-blowing-machines&#8221; service_cat=&#8221;&#8221; service_more=&#8221;yes&#8221;][vc_separator][vc_column_text]<\/p>\n<h2 style=\"text-align: center;\">\u00a0 \u00a0 Punkte, die bei der Auswahl einer Einblasmaschine f\u00fcr Glasfaserkabel zu beachten sind.<\/h2>\n<p>Der <a href=\"https:\/\/skyfibertech.com\/how-to-use-fiber-optic-cable-blowing-machines\/\">Telekommunikationssektor<\/a> w\u00e4chst mit Innovationen, der sich entwickelnden Technologie und schwierigen Arbeitsbedingungen. In diesem Zusammenhang sind die Glasfaserkabel-Einblasmaschinen unserer Erfahrung nach sehr wichtig. Jede Herausforderung bringt Innovation mit sich. Glasfaserkabel k\u00f6nnen Sie problemlos in die HDPE-Rohre einblasen.<\/p>\n<p>F\u00fcr jede <a href=\"https:\/\/www.skyfibertech.com\/\">Glasfaser Einblasmaschine<\/a> gibt es f\u00fcr d\u00fcnne Kabel eine Maschine mit niedrigem Drehmoment. Je dicker die Kabeldurchmesser sind, desto h\u00f6her ist die Maschinenleistung. Schauen wir uns das mit detaillierteren Informationen an.<\/p>\n<h3>Allgemeine Merkmale von Glasfaser kabelmaschinen<\/h3>\n<p><img decoding=\"async\" class=\"alignnone wp-image-61151 size-full lazyload\" data-src=\"https:\/\/skyfibertech.com\/wp-content\/uploads\/2022\/09\/Fiber-Optic-Cable-Machines-Feautures-.jpg\" alt=\"Fiber Optic Cable Machines Feautures\" width=\"1980\" height=\"1400\" data-srcset=\"https:\/\/skyfibertech.com\/wp-content\/uploads\/2022\/09\/Fiber-Optic-Cable-Machines-Feautures-.jpg 1980w, https:\/\/skyfibertech.com\/wp-content\/uploads\/2022\/09\/Fiber-Optic-Cable-Machines-Feautures--300x212.jpg 300w, https:\/\/skyfibertech.com\/wp-content\/uploads\/2022\/09\/Fiber-Optic-Cable-Machines-Feautures--1024x724.jpg 1024w, https:\/\/skyfibertech.com\/wp-content\/uploads\/2022\/09\/Fiber-Optic-Cable-Machines-Feautures--768x543.jpg 768w, https:\/\/skyfibertech.com\/wp-content\/uploads\/2022\/09\/Fiber-Optic-Cable-Machines-Feautures--1536x1086.jpg 1536w, https:\/\/skyfibertech.com\/wp-content\/uploads\/2022\/09\/Fiber-Optic-Cable-Machines-Feautures--900x636.jpg 900w\" data-sizes=\"auto\" src=\"data:image\/svg+xml;base64,PHN2ZyB3aWR0aD0iMSIgaGVpZ2h0PSIxIiB4bWxucz0iaHR0cDovL3d3dy53My5vcmcvMjAwMC9zdmciPjwvc3ZnPg==\" style=\"--smush-placeholder-width: 1980px; --smush-placeholder-aspect-ratio: 1980\/1400;\" data-original-sizes=\"(max-width: 1980px) 100vw, 1980px\" \/><\/p>\n<h3>Durchmesser von Glasfaserkabeln<\/h3>\n<ul>\n<li><u>DrillSKY<\/u> bl\u00e4st Glasfaserkabel von 1 mm bis 6 mm. DrillSKY erh\u00e4lt Strom von der <strong>Bohrmaschine<\/strong> und gibt ihn an die R\u00e4der weiter. Maschinen k\u00f6nnen bis zu 1500 Meter in die HDPE-Rohre hineinblasen. Je dicker Ihr Kabeldurchmesser ist, desto kleiner ist Ihr Blasabstand. Wir sollten auch beachten, dass die Reibung im HDPE-Rohr sehr wichtig ist. F\u00fcr besseres Blasen sollte man mehr geben.<\/li>\n<li><strong><u>MicroSKY<\/u><\/strong> bl\u00e4st Kabel von 1 bis 6 mm. Arbeiten mit dem <strong>Elektromotor<\/strong> des Luftkompressors. MicroSKY bietet alle Funktionen. Es wird f\u00fcr Glasfaserkabel mit einem Durchmesser von mehr als 1 mm und mehr empfohlen.<\/li>\n<li><strong><u>DynoSKY<\/u><\/strong> bl\u00e4st Kabel von 1 mm bis 3 mm. Arbeiten mit Luftkompressor-Luftmotor. MicroSKY bietet alle Funktionen. Es wird f\u00fcr Glasfaserkabel mit einem Durchmesser von mehr als 1 mm und mehr empfohlen.<\/li>\n<li><strong><u>MiniSKY<\/u><\/strong> bl\u00e4st Glasfaserkabel von 2,5 mm bis 16 mm. Es verf\u00fcgt \u00fcber einen <strong>Luftmotor<\/strong>. Die Kraft kommt vom mechanischen Getriebesystem und verbindet das Ober- und Unterbandsystem gleichzeitig. Dies f\u00fchrt zu einer h\u00f6heren Leistung bei gr\u00f6\u00dferen Durchmessern. Wie bei allen Maschinen ist auch f\u00fcr MINISKY hoher Druck erforderlich. Glasfaserkabel werden bis zu 4000 Meter weit geblasen. Der empfohlene Mindestdruck betr\u00e4gt 15 bar, 1mt^3\/min Luftzufuhr.<\/li>\n<li><span style=\"text-decoration: underline;\"><strong>SKYJET blows <\/strong><\/span>Glasfaserkabel von 6mm bis 24mm ein. Mit 2 Luftmotoren wird eine hohe Leistung erzielt. Zwei Bandsysteme werden von zwei separaten Luftmotoren angetrieben. Der Luftmotor arbeitet mit Luft vom Kompressor. Ideal f\u00fcr d\u00fcnne Kabel. Es werden mindestens 12 bar und 10 Kubikmeter Luft pro Minute bereitgestellt. Sprengt bis zu 6000 Meter Kabel in einem Schuss.<\/li>\n<li><span style=\"text-decoration: underline;\"><strong>HydroSKY<\/strong> <\/span>\u00a0bl\u00e4st Glasfaserkabel von 6 mm auf 24 mm. Funktioniert mit 2 Hydraulikmotoren. Hydraulikmotoren werden vom Hydraulikaggregat mit Strom versorgt (mit Honda Gx270). Mit maximaler Leistung k\u00f6nnen Sie problemlos die gr\u00f6\u00dften Glasfaserkabel durchblasen. HydroSKY verf\u00fcgt \u00fcber ein eigenes Hydraulikaggregat. Sie k\u00f6nnen es auch separat kaufen (nur Antriebseinheit oder Blasmaschineneinheit). Mit einem Schuss kann es bis zu 6000 Meter weit fliegen. Empfohlener Mindestdruck 12 bar 10 Kubikmeter\/Minute.<\/li>\n<\/ul>\n<p>Sparen Sie Zeit und Arbeit. Wir laden Sie in unsere Fabrik in Kocaeli ein.<\/p>\n<figure id=\"attachment_5099\" aria-describedby=\"caption-attachment-5099\" style=\"width: 600px\" class=\"wp-caption aligncenter\"><img decoding=\"async\" class=\"wp-image-5099 lazyload\" data-src=\"https:\/\/skyfibertech.com\/wp-content\/uploads\/2020\/02\/Hydrosky-by-Allame-Makina.jpg\" alt=\"Hydrosky by Allame Makina\" width=\"600\" height=\"400\" data-srcset=\"https:\/\/skyfibertech.com\/wp-content\/uploads\/2020\/02\/Hydrosky-by-Allame-Makina.jpg 1000w, https:\/\/skyfibertech.com\/wp-content\/uploads\/2020\/02\/Hydrosky-by-Allame-Makina-300x200.jpg 300w, https:\/\/skyfibertech.com\/wp-content\/uploads\/2020\/02\/Hydrosky-by-Allame-Makina-768x512.jpg 768w\" data-sizes=\"auto\" src=\"data:image\/svg+xml;base64,PHN2ZyB3aWR0aD0iMSIgaGVpZ2h0PSIxIiB4bWxucz0iaHR0cDovL3d3dy53My5vcmcvMjAwMC9zdmciPjwvc3ZnPg==\" style=\"--smush-placeholder-width: 600px; --smush-placeholder-aspect-ratio: 600\/400;\" data-original-sizes=\"(max-width: 600px) 100vw, 600px\" \/><figcaption id=\"caption-attachment-5099\" class=\"wp-caption-text\">Hydrosky von Allame Makina<\/figcaption><\/figure>\n<p><img decoding=\"async\" class=\"alignnone wp-image-61158 size-full lazyload\" data-src=\"https:\/\/skyfibertech.com\/wp-content\/uploads\/2022\/09\/allame-cable-blowing-machines-.jpg\" alt=\"allame cable blowing machines\" width=\"1100\" height=\"1100\" data-srcset=\"https:\/\/skyfibertech.com\/wp-content\/uploads\/2022\/09\/allame-cable-blowing-machines-.jpg 1100w, https:\/\/skyfibertech.com\/wp-content\/uploads\/2022\/09\/allame-cable-blowing-machines--300x300.jpg 300w, https:\/\/skyfibertech.com\/wp-content\/uploads\/2022\/09\/allame-cable-blowing-machines--1024x1024.jpg 1024w, https:\/\/skyfibertech.com\/wp-content\/uploads\/2022\/09\/allame-cable-blowing-machines--150x150.jpg 150w, https:\/\/skyfibertech.com\/wp-content\/uploads\/2022\/09\/allame-cable-blowing-machines--768x768.jpg 768w, https:\/\/skyfibertech.com\/wp-content\/uploads\/2022\/09\/allame-cable-blowing-machines--50x50.jpg 50w, https:\/\/skyfibertech.com\/wp-content\/uploads\/2022\/09\/allame-cable-blowing-machines--320x320.jpg 320w, https:\/\/skyfibertech.com\/wp-content\/uploads\/2022\/09\/allame-cable-blowing-machines--900x900.jpg 900w\" data-sizes=\"auto\" src=\"data:image\/svg+xml;base64,PHN2ZyB3aWR0aD0iMSIgaGVpZ2h0PSIxIiB4bWxucz0iaHR0cDovL3d3dy53My5vcmcvMjAwMC9zdmciPjwvc3ZnPg==\" style=\"--smush-placeholder-width: 1100px; --smush-placeholder-aspect-ratio: 1100\/1100;\" data-original-sizes=\"(max-width: 1100px) 100vw, 1100px\" \/>[\/vc_column_text][\/vc_column][vc_column width=&#8221;1\/4&#8243; offset=&#8221;vc_hidden-sm vc_hidden-xs&#8221;][stm_sidebar sidebar=&#8221;13159&#8243;][\/vc_column][\/vc_row][vc_row full_width=&#8221;stretch_row&#8221; css=&#8221;.vc_custom_1459505959648{margin-bottom: -60px !important;}&#8221; el_class=&#8221;third_bg_color&#8221;][vc_column][vc_cta h2=&#8221;If you need more info!&#8221; h2_font_container=&#8221;tag:h2|font_size:24px|text_align:left|color:%23ffffff|line_height:24px&#8221; h2_use_theme_fonts=&#8221;yes&#8221; shape=&#8221;square&#8221; style=&#8221;flat&#8221; color=&#8221;white&#8221; add_button=&#8221;right&#8221; btn_title=&#8221;get a quote!&#8221; btn_style=&#8221;flat&#8221; btn_color=&#8221;theme_style_2&#8243; btn_size=&#8221;lg&#8221; btn_align=&#8221;right&#8221; particles=&#8221;yes&#8221; use_custom_fonts_h2=&#8221;true&#8221; btn_link=&#8221;url:https%3A%2F%2Fskyfibertech.com%2Fcontact-us%2F|title:Contact%20Us||rel:nofollow&#8221; el_class=&#8221;third_bg_color&#8221; css=&#8221;.vc_custom_1620477623081{margin-bottom: 0px !important;}&#8221;]<span style=\"color: #ffffff;\">You can use our fast contact form to get more information about our machines. Available catalogs, photos, videos and more\u2026<\/span>[\/vc_cta][\/vc_column][\/vc_row]<\/p>\n<\/div>","protected":false},"excerpt":{"rendered":"<p>[vc_row css=&#8221;.vc_custom_1540962548235{margin-bottom: 30px !important;}&#8221;][vc_column offset=&#8221;vc_col-lg-9 vc_col-md-9&#8243;][stm_services posts_per_page=&#8221;12&#8243; posts_per_row=&#8221;3&#8243; category=&#8221;fiber-blowing-machines&#8221; service_cat=&#8221;&#8221; service_more=&#8221;yes&#8221;][vc_separator][vc_column_text] \u00a0 \u00a0 Punkte, die bei der Auswahl einer Einblasmaschine f\u00fcr Glasfaserkabel zu beachten sind. Der Telekommunikationssektor w\u00e4chst mit Innovationen, der sich entwickelnden Technologie und schwierigen Arbeitsbedingungen. In diesem Zusammenhang sind die Glasfaserkabel-Einblasmaschinen unserer Erfahrung nach sehr wichtig. Jede Herausforderung bringt Innovation mit sich. Glasfaserkabel<\/p>\n","protected":false},"author":1,"featured_media":102157,"parent":0,"menu_order":0,"comment_status":"closed","ping_status":"closed","template":"","meta":{"_joinchat":[],"footnotes":""},"class_list":["post-103197","page","type-page","status-publish","has-post-thumbnail","hentry"],"yoast_head":"<!-- This site is optimized with the Yoast SEO Premium plugin v26.6 (Yoast SEO v27.1.1) - https:\/\/yoast.com\/product\/yoast-seo-premium-wordpress\/ -->\n<title>Glasfaser-Einblasmaschine, Glasvezel inblaasmachines!<\/title>\n<meta name=\"description\" content=\"Glasvezel inblaasmachines w\u00e4chst und es gibt Punkte, die bei der Auswahl einer Glasfaser Kabel einblasen maschine ber\u00fccksichtigt werden m\u00fcssen.\" \/>\n<meta name=\"robots\" content=\"index, follow, max-snippet:-1, max-image-preview:large, max-video-preview:-1\" \/>\n<link rel=\"canonical\" href=\"https:\/\/skyfibertech.com\/de\/glasfaser-einblasmaschine\/\" \/>\n<meta property=\"og:locale\" content=\"de_DE\" \/>\n<meta property=\"og:type\" content=\"article\" \/>\n<meta property=\"og:title\" content=\"Glasfaser Einblasmaschine\" \/>\n<meta property=\"og:description\" content=\"Glasvezel inblaasmachines w\u00e4chst und es gibt Punkte, die bei der Auswahl einer Glasfaser Kabel einblasen maschine ber\u00fccksichtigt werden m\u00fcssen.\" \/>\n<meta property=\"og:url\" content=\"https:\/\/skyfibertech.com\/de\/glasfaser-einblasmaschine\/\" \/>\n<meta property=\"og:site_name\" content=\"Fiber Cable Blowing Machines Manufacturer!\" \/>\n<meta property=\"article:publisher\" content=\"https:\/\/www.facebook.com\/skyfibertech\/\" \/>\n<meta property=\"article:modified_time\" content=\"2023-07-01T12:04:54+00:00\" \/>\n<meta property=\"og:image\" content=\"https:\/\/skyfibertech.com\/wp-content\/uploads\/2020\/01\/MiniSKY-scaled.jpg\" \/>\n\t<meta property=\"og:image:width\" content=\"2560\" \/>\n\t<meta property=\"og:image:height\" content=\"1737\" \/>\n\t<meta property=\"og:image:type\" content=\"image\/jpeg\" \/>\n<meta name=\"twitter:label1\" content=\"Gesch\u00e4tzte Lesezeit\" \/>\n\t<meta name=\"twitter:data1\" content=\"3\u00a0Minuten\" \/>\n<script type=\"application\/ld+json\" class=\"yoast-schema-graph\">{\"@context\":\"https:\/\/schema.org\",\"@graph\":[{\"@type\":\"WebPage\",\"@id\":\"https:\/\/skyfibertech.com\/de\/glasfaser-einblasmaschine\/\",\"url\":\"https:\/\/skyfibertech.com\/de\/glasfaser-einblasmaschine\/\",\"name\":\"Glasfaser-Einblasmaschine, Glasvezel inblaasmachines!\",\"isPartOf\":{\"@id\":\"https:\/\/skyfibertech.com\/de\/#website\"},\"primaryImageOfPage\":{\"@id\":\"https:\/\/skyfibertech.com\/de\/glasfaser-einblasmaschine\/#primaryimage\"},\"image\":{\"@id\":\"https:\/\/skyfibertech.com\/de\/glasfaser-einblasmaschine\/#primaryimage\"},\"thumbnailUrl\":\"https:\/\/skyfibertech.com\/wp-content\/uploads\/2020\/01\/MiniSKY-scaled.jpg\",\"datePublished\":\"2023-06-22T09:58:05+00:00\",\"dateModified\":\"2023-07-01T12:04:54+00:00\",\"description\":\"Glasvezel inblaasmachines w\u00e4chst und es gibt Punkte, die bei der Auswahl einer Glasfaser Kabel einblasen maschine ber\u00fccksichtigt werden m\u00fcssen.\",\"breadcrumb\":{\"@id\":\"https:\/\/skyfibertech.com\/de\/glasfaser-einblasmaschine\/#breadcrumb\"},\"inLanguage\":\"de\",\"potentialAction\":[{\"@type\":\"ReadAction\",\"target\":[\"https:\/\/skyfibertech.com\/de\/glasfaser-einblasmaschine\/\"]}]},{\"@type\":\"ImageObject\",\"inLanguage\":\"de\",\"@id\":\"https:\/\/skyfibertech.com\/de\/glasfaser-einblasmaschine\/#primaryimage\",\"url\":\"https:\/\/skyfibertech.com\/wp-content\/uploads\/2020\/01\/MiniSKY-scaled.jpg\",\"contentUrl\":\"https:\/\/skyfibertech.com\/wp-content\/uploads\/2020\/01\/MiniSKY-scaled.jpg\",\"width\":2560,\"height\":1737,\"caption\":\"Fiber blowing machine MiniSKY!\"},{\"@type\":\"BreadcrumbList\",\"@id\":\"https:\/\/skyfibertech.com\/de\/glasfaser-einblasmaschine\/#breadcrumb\",\"itemListElement\":[{\"@type\":\"ListItem\",\"position\":1,\"name\":\"Home\",\"item\":\"https:\/\/skyfibertech.com\/de\/fiber-cable-blowing-machines\/\"},{\"@type\":\"ListItem\",\"position\":2,\"name\":\"Glasfaser Einblasmaschine\"}]},{\"@type\":\"WebSite\",\"@id\":\"https:\/\/skyfibertech.com\/de\/#website\",\"url\":\"https:\/\/skyfibertech.com\/de\/\",\"name\":\"Fiber Cable Blowing Machine Manufacturer Turkiye!\",\"description\":\"Cable Blowing Machines for telecomunication industry!\",\"publisher\":{\"@id\":\"https:\/\/skyfibertech.com\/de\/#organization\"},\"alternateName\":\"Skyfibertech Allame Makina!\",\"potentialAction\":[{\"@type\":\"SearchAction\",\"target\":{\"@type\":\"EntryPoint\",\"urlTemplate\":\"https:\/\/skyfibertech.com\/de\/?s={search_term_string}\"},\"query-input\":{\"@type\":\"PropertyValueSpecification\",\"valueRequired\":true,\"valueName\":\"search_term_string\"}}],\"inLanguage\":\"de\"},{\"@type\":\"Organization\",\"@id\":\"https:\/\/skyfibertech.com\/de\/#organization\",\"name\":\"Allame Skyfibertech Fiber Blowing Machine\",\"alternateName\":\"Cable Blowing Machine Manufacturer\",\"url\":\"https:\/\/skyfibertech.com\/de\/\",\"logo\":{\"@type\":\"ImageObject\",\"inLanguage\":\"de\",\"@id\":\"https:\/\/skyfibertech.com\/de\/#\/schema\/logo\/image\/\",\"url\":\"https:\/\/skyfibertech.com\/wp-content\/uploads\/2019\/06\/Skyfibertech-logo-359px.png\",\"contentUrl\":\"https:\/\/skyfibertech.com\/wp-content\/uploads\/2019\/06\/Skyfibertech-logo-359px.png\",\"width\":359,\"height\":60,\"caption\":\"Allame Skyfibertech Fiber Blowing Machine\"},\"image\":{\"@id\":\"https:\/\/skyfibertech.com\/de\/#\/schema\/logo\/image\/\"},\"sameAs\":[\"https:\/\/www.facebook.com\/skyfibertech\/\",\"https:\/\/x.com\/SkyFiberTech1\",\"https:\/\/www.instagram.com\/allamemakina\",\"https:\/\/www.linkedin.com\/company\/cable-blowing-machines\/\",\"https:\/\/www.youtube.com\/@skyfibertech\/videos\"],\"publishingPrinciples\":\"https:\/\/skyfibertech.com\/privacy-policy\/\",\"ownershipFundingInfo\":\"https:\/\/skyfibertech.com\/who-we-are\/\",\"actionableFeedbackPolicy\":\"https:\/\/skyfibertech.com\/contact-us\/\"}]}<\/script>\n<!-- \/ Yoast SEO Premium plugin. -->","yoast_head_json":{"title":"Glasfaser-Einblasmaschine, Glasvezel inblaasmachines!","description":"Glasvezel inblaasmachines w\u00e4chst und es gibt Punkte, die bei der Auswahl einer Glasfaser Kabel einblasen maschine ber\u00fccksichtigt werden m\u00fcssen.","robots":{"index":"index","follow":"follow","max-snippet":"max-snippet:-1","max-image-preview":"max-image-preview:large","max-video-preview":"max-video-preview:-1"},"canonical":"https:\/\/skyfibertech.com\/de\/glasfaser-einblasmaschine\/","og_locale":"de_DE","og_type":"article","og_title":"Glasfaser Einblasmaschine","og_description":"Glasvezel inblaasmachines w\u00e4chst und es gibt Punkte, die bei der Auswahl einer Glasfaser Kabel einblasen maschine ber\u00fccksichtigt werden m\u00fcssen.","og_url":"https:\/\/skyfibertech.com\/de\/glasfaser-einblasmaschine\/","og_site_name":"Fiber Cable Blowing Machines Manufacturer!","article_publisher":"https:\/\/www.facebook.com\/skyfibertech\/","article_modified_time":"2023-07-01T12:04:54+00:00","og_image":[{"width":2560,"height":1737,"url":"https:\/\/skyfibertech.com\/wp-content\/uploads\/2020\/01\/MiniSKY-scaled.jpg","type":"image\/jpeg"}],"twitter_misc":{"Gesch\u00e4tzte Lesezeit":"3\u00a0Minuten"},"schema":{"@context":"https:\/\/schema.org","@graph":[{"@type":"WebPage","@id":"https:\/\/skyfibertech.com\/de\/glasfaser-einblasmaschine\/","url":"https:\/\/skyfibertech.com\/de\/glasfaser-einblasmaschine\/","name":"Glasfaser-Einblasmaschine, Glasvezel inblaasmachines!","isPartOf":{"@id":"https:\/\/skyfibertech.com\/de\/#website"},"primaryImageOfPage":{"@id":"https:\/\/skyfibertech.com\/de\/glasfaser-einblasmaschine\/#primaryimage"},"image":{"@id":"https:\/\/skyfibertech.com\/de\/glasfaser-einblasmaschine\/#primaryimage"},"thumbnailUrl":"https:\/\/skyfibertech.com\/wp-content\/uploads\/2020\/01\/MiniSKY-scaled.jpg","datePublished":"2023-06-22T09:58:05+00:00","dateModified":"2023-07-01T12:04:54+00:00","description":"Glasvezel inblaasmachines w\u00e4chst und es gibt Punkte, die bei der Auswahl einer Glasfaser Kabel einblasen maschine ber\u00fccksichtigt werden m\u00fcssen.","breadcrumb":{"@id":"https:\/\/skyfibertech.com\/de\/glasfaser-einblasmaschine\/#breadcrumb"},"inLanguage":"de","potentialAction":[{"@type":"ReadAction","target":["https:\/\/skyfibertech.com\/de\/glasfaser-einblasmaschine\/"]}]},{"@type":"ImageObject","inLanguage":"de","@id":"https:\/\/skyfibertech.com\/de\/glasfaser-einblasmaschine\/#primaryimage","url":"https:\/\/skyfibertech.com\/wp-content\/uploads\/2020\/01\/MiniSKY-scaled.jpg","contentUrl":"https:\/\/skyfibertech.com\/wp-content\/uploads\/2020\/01\/MiniSKY-scaled.jpg","width":2560,"height":1737,"caption":"Fiber blowing machine MiniSKY!"},{"@type":"BreadcrumbList","@id":"https:\/\/skyfibertech.com\/de\/glasfaser-einblasmaschine\/#breadcrumb","itemListElement":[{"@type":"ListItem","position":1,"name":"Home","item":"https:\/\/skyfibertech.com\/de\/fiber-cable-blowing-machines\/"},{"@type":"ListItem","position":2,"name":"Glasfaser Einblasmaschine"}]},{"@type":"WebSite","@id":"https:\/\/skyfibertech.com\/de\/#website","url":"https:\/\/skyfibertech.com\/de\/","name":"Fiber Cable Blowing Machine Manufacturer Turkiye!","description":"Cable Blowing Machines for telecomunication industry!","publisher":{"@id":"https:\/\/skyfibertech.com\/de\/#organization"},"alternateName":"Skyfibertech Allame Makina!","potentialAction":[{"@type":"SearchAction","target":{"@type":"EntryPoint","urlTemplate":"https:\/\/skyfibertech.com\/de\/?s={search_term_string}"},"query-input":{"@type":"PropertyValueSpecification","valueRequired":true,"valueName":"search_term_string"}}],"inLanguage":"de"},{"@type":"Organization","@id":"https:\/\/skyfibertech.com\/de\/#organization","name":"Allame Skyfibertech Fiber Blowing Machine","alternateName":"Cable Blowing Machine Manufacturer","url":"https:\/\/skyfibertech.com\/de\/","logo":{"@type":"ImageObject","inLanguage":"de","@id":"https:\/\/skyfibertech.com\/de\/#\/schema\/logo\/image\/","url":"https:\/\/skyfibertech.com\/wp-content\/uploads\/2019\/06\/Skyfibertech-logo-359px.png","contentUrl":"https:\/\/skyfibertech.com\/wp-content\/uploads\/2019\/06\/Skyfibertech-logo-359px.png","width":359,"height":60,"caption":"Allame Skyfibertech Fiber Blowing Machine"},"image":{"@id":"https:\/\/skyfibertech.com\/de\/#\/schema\/logo\/image\/"},"sameAs":["https:\/\/www.facebook.com\/skyfibertech\/","https:\/\/x.com\/SkyFiberTech1","https:\/\/www.instagram.com\/allamemakina","https:\/\/www.linkedin.com\/company\/cable-blowing-machines\/","https:\/\/www.youtube.com\/@skyfibertech\/videos"],"publishingPrinciples":"https:\/\/skyfibertech.com\/privacy-policy\/","ownershipFundingInfo":"https:\/\/skyfibertech.com\/who-we-are\/","actionableFeedbackPolicy":"https:\/\/skyfibertech.com\/contact-us\/"}]}},"_links":{"self":[{"href":"https:\/\/skyfibertech.com\/de\/wp-json\/wp\/v2\/pages\/103197","targetHints":{"allow":["GET"]}}],"collection":[{"href":"https:\/\/skyfibertech.com\/de\/wp-json\/wp\/v2\/pages"}],"about":[{"href":"https:\/\/skyfibertech.com\/de\/wp-json\/wp\/v2\/types\/page"}],"author":[{"embeddable":true,"href":"https:\/\/skyfibertech.com\/de\/wp-json\/wp\/v2\/users\/1"}],"replies":[{"embeddable":true,"href":"https:\/\/skyfibertech.com\/de\/wp-json\/wp\/v2\/comments?post=103197"}],"version-history":[{"count":0,"href":"https:\/\/skyfibertech.com\/de\/wp-json\/wp\/v2\/pages\/103197\/revisions"}],"wp:featuredmedia":[{"embeddable":true,"href":"https:\/\/skyfibertech.com\/de\/wp-json\/wp\/v2\/media\/102157"}],"wp:attachment":[{"href":"https:\/\/skyfibertech.com\/de\/wp-json\/wp\/v2\/media?parent=103197"}],"curies":[{"name":"wp","href":"https:\/\/api.w.org\/{rel}","templated":true}]}}