{"id":102811,"date":"2023-06-19T17:44:47","date_gmt":"2023-06-19T14:44:47","guid":{"rendered":"https:\/\/skyfibertech.com\/wer-wir-sind\/"},"modified":"2023-07-01T15:10:48","modified_gmt":"2023-07-01T12:10:48","slug":"wer-wir-sind","status":"publish","type":"page","link":"https:\/\/skyfibertech.com\/de\/wer-wir-sind\/","title":{"rendered":"Wer wir sind?"},"content":{"rendered":"<div class=\"wpb-content-wrapper\"><p>[vc_row css=&#8221;.vc_custom_1459506276575{margin-bottom: 100px !important;}&#8221;][vc_column offset=&#8221;vc_col-lg-9 vc_col-md-9&#8243;][vc_single_image image=&#8221;9843&#8243; img_size=&#8221;full&#8221;][vc_separator][vc_column_text]<\/p>\n<h2>SKYFIBERTECH ALLAME MAKINA<\/h2>\n<p>SKYFIBERTECH ist ein f\u00fchrender Hersteller von Maschinen zum Einblasen von Glasfaserkabeln. Unsere Maschinen sind darauf ausgelegt, Glasfaserkabel schnell und effizient in bestehende Rohrleitungen oder neue Rohrsysteme einzublasen. Wir bieten eine breite Palette von Modellen an, die verschiedenen Anforderungen und Budgets gerecht werden. Au\u00dferdem bieten wir eine Vielzahl von Zubeh\u00f6r und Dienstleistungen an, um sicherzustellen, dass Ihre Maschine korrekt und effizient arbeitet. Unsere Maschinen sind mit benutzerfreundlichen Schnittstellen ausgestattet und f\u00fcr eine lange Lebensdauer gebaut. Mit ihren Maschinen zum Einblasen von Glasfaserkabeln k\u00f6nnen Sie die Geschwindigkeit und Effizienz Ihrer Glasfaserinstallationen erh\u00f6hen.<\/p>\n<p>Unser Unternehmen ist seit seiner Gr\u00fcndung im <strong>Telekommunikationssektor<\/strong> im Bereich der <a href=\"https:\/\/skyfibertech.com\/services\/skyjet-fiber-blowing-machines\/\">Glasfaser Einblasmaschinen<\/a> t\u00e4tig. Seit der Gr\u00fcndung ist unser Unternehmen aufgrund der hervorragenden Servicequalit\u00e4t und Kundenzufriedenheit kontinuierlich eines der f\u00fchrenden Unternehmen geblieben.<\/p>\n<p>Seit 2002 stellen wir Ersatzteile und Komponenten in Kocaeli her. Unsere Hauptt\u00e4tigkeitsbereiche sind die Herstellung von Teilen f\u00fcr die Automobil-, Telekommunikations- und Industrieausr\u00fcstung.<\/p>\n<p>Nach sechs Jahren begannen wir, in unserer Fabrik in Istanbul Glasfaser-Einblasmaschinen und Ersatzteile herzustellen. K\u00fcrzlich hat uns Allame Makina die M\u00f6glichkeit gegeben, einem neuen Kunden bei der Ausstattung einer neuen Anlage f\u00fcr den Telekommunikationssektor mit neu gebauten Ger\u00e4ten zu helfen. Die Anfrage bestand darin, Ger\u00e4te zu entwerfen und zu bauen, die in ihrer Funktionsweise den bereits vorhandenen Produktionsger\u00e4ten sehr \u00e4hnlich sind.<\/p>\n<p>Jetzt haben wir uns ausschlie\u00dflich auf die Herstellung von Glasfaser-Einblasmaschinen und Ersatzteilen spezialisiert. Alle Teile, das Design und die Forschung und Entwicklung werden in unserer Fabrik durchgef\u00fchrt. Wir entwickeln zu 100 % handgefertigte qualifizierte Maschinen mit unseren Ingenieuren.<\/p>\n<blockquote><p>Faser-Optik-Kabel-Einblasmaschine (Allame Makina), Hersteller in der T\u00fcrkei.<\/p><\/blockquote>\n<p>Unsere Dienstleistungen umfassen die Herstellung von Ersatzteilen f\u00fcr <a href=\"https:\/\/skyfibertech.com\/news-from-fiber-tech\/\"><strong>Maschinen<\/strong><\/a>, die komplette Herstellung von Maschinen, die Lagerung von Maschinenteilen sowie die Entwicklung von Maschinen, Komponenten oder Systemen, die mit der Durchf\u00fchrung von Forschungs- und Entwicklungsaktivit\u00e4ten verbunden sind.[\/vc_column_text][vc_gallery images=&#8221;4746,4747,4748,4749,4752&#8243; title=&#8221;Certificates of Allame Makina&#8221;][vc_separator][vc_column_text css=&#8221;.vc_custom_1591810665416{margin-top: 45px !important;}&#8221;]<strong>Unsere Vision<\/strong><\/p>\n<ul>\n<li>Profitables und nachhaltiges Wachstum, um langfristige Kundenzufriedenheit und Mitarbeiterzufriedenheit sicherzustellen, sind unsere Ziele.<\/li>\n<\/ul>\n<blockquote><p>Wir exportieren Maschinen in \u00fcber 70 L\u00e4nder und haben in 15 Jahren mehr als 4500 zufriedene Kunden.<\/p><\/blockquote>\n<p><strong>Unsere Aufgabe<\/strong><\/p>\n<ul>\n<li>Wir legen hohe Standards und bieten qualitativ hochwertigen Service, um die Kundenzufriedenheit zu maximieren und die Rechte unserer Kunden zu respektieren. Unsere Produkte, L\u00f6sungen und der Kundendienst basieren auf Zuverl\u00e4ssigkeit und einer hohen Gesch\u00e4ftsethik. Wir streben danach, das Unternehmen der ersten Wahl zu sein, das sowohl f\u00fcr unsere Mitarbeiter als auch f\u00fcr unsere Kunden einen Mehrwert schafft.<\/li>\n<\/ul>\n<p><strong>Unsere\u00a0\u00a0Qualit\u00e4tsrichtlinien<\/strong><\/p>\n<ul>\n<li>Die Kundenzufriedenheit hat f\u00fcr uns oberste Priorit\u00e4t, und wir setzen alles daran, Produkte und Dienstleistungen f\u00fcr den <strong>Telekommunikationsbereich<\/strong> anzubieten. Wir handeln in diese Richtung, um sicherzustellen, dass unsere Kunden zufrieden sind.<\/li>\n<\/ul>\n<p><em><strong>Aus diesem Grund,<\/strong><\/em><\/p>\n<p>\u2022 Wir halten uns an die Bestimmungen des Qualit\u00e4tsmanagementsystems, um unsere Aktivit\u00e4ten aufrechtzuerhalten.<\/p>\n<p>\u2022 Ethik, Werte, Respekt und Teamgeist sind f\u00fcr uns von gro\u00dfer Bedeutung, um das Potenzial zur Steigerung der Kundenzufriedenheit zu erh\u00f6hen.<\/p>\n<p>\u2022 Durch kontinuierliche Verbesserung der Mitarbeiterzufriedenheit und Schulung streben wir danach, die Wettbewerbsf\u00e4higkeit der Branche zu verbessern.<\/p>\n<p>\u2022 Wir streben eine langfristige Bindung mit unseren Mitarbeitern, Kunden und Lieferanten an, um die Zusammenarbeit zu st\u00e4rken.<\/p>\n<p>\u2022 Wir exportieren im Rahmen der einschl\u00e4gigen Gesetze und Standards.<\/p>\n<p>F\u00fcr weitere Informationen kontaktieren Sie uns bitte \u2013 &gt; <a href=\"https:\/\/skyfibertech.com\/contact-us\/\">Kabel Einblasmaschinen<\/a><\/p>\n<p>[\/vc_column_text][vc_column_text]<\/p>\n<h3 style=\"text-align: center;\">Wir sind auf der WELT!<\/h3>\n<p> <!-- start Fla-shop.com HTML5 Map --> <div class='freeHtmlMapbottom htmlMapResponsive' style='max-width:900px; width: 100%'> <div id='map-container-0' class='freeHtmlMapContainer' data-map-variable='map0'><\/div> <link href='https:\/\/skyfibertech.com\/wp-content\/plugins\/html5-maps\/static\/css\/map.css' rel='stylesheet'> <style> body .fm-tooltip { color: #000000; font-size: 20px; } <\/style> <script src='\/\/cdn.html5maps.com\/3d_party\/raphael.min.js'><\/script> <script src='https:\/\/skyfibertech.com\/index.php?freemap_js_data=true&map_id=0&r=43399'><\/script> <script src='\/\/cdn.html5maps.com\/libs\/locator\/2.4.8\/world\/map.js'><\/script> <script> var map0 = new FlaMap(map_cfg); map0.drawOnDomReady('map-container-0'); map0.on('click', function(ev, sid, map) { jQuery('#freeHtmlMapStateInfo0').html(''); var link = map.mapConfig.map_data[sid]['link']; if (link == '#info') { var id = map.mapConfig.map_data[sid]['id']; jQuery('#freeHtmlMapStateInfo0').html('Wird geladen\u00a0\u2026'); jQuery.ajax({ type: 'POST', url: 'https:\/\/skyfibertech.com\/index.php?freemap_get_state_info='+id+'&map_id=0', success: function(data, textStatus, jqXHR){ jQuery('#freeHtmlMapStateInfo0').html(data); }, dataType: 'text' }); } }); <\/script> <div id='freeHtmlMapStateInfo0' class='freeHtmlMapStateInfo'><\/div> <\/div> <div style='clear: both'><\/div> <!-- end HTML5 Map --> [\/vc_column_text][vc_row_inner css=&#8221;.vc_custom_1455886051719{margin-bottom: 10px !important;}&#8221;][vc_column_inner width=&#8221;1\/2&#8243;][stm_icon_box hide_title_line=&#8221;hide_title_line&#8221; enable_hexagon=&#8221;enable&#8221; enable_hexagon_animation=&#8221;enable&#8221; icon=&#8221;stm-airplane&#8221; style=&#8221;icon_left&#8221; icon_size=&#8221;15&#8243; icon_width=&#8221;78&#8243; title=&#8221;Maschinen- und Teilefertigung&#8221;]Mit statistischem Wissen, technischer Expertise und faktenbasierten Vorhersagen erm\u00f6glichen wir Ihrem Unternehmen, wirklich erfolgreich zu sein.[\/stm_icon_box][\/vc_column_inner][vc_column_inner width=&#8221;1\/2&#8243;][stm_icon_box hide_title_line=&#8221;hide_title_line&#8221; enable_hexagon=&#8221;enable&#8221; enable_hexagon_animation=&#8221;enable&#8221; icon=&#8221;stm-graph&#8221; style=&#8221;icon_left&#8221; icon_size=&#8221;22&#8243; icon_width=&#8221;78&#8243; title=&#8221;Maschinen und Dienstleistungen<br \/>\nBeratung&#8221;]Wir helfen Ihnen dabei, Ihre Gesch\u00e4ftsdienstleistungen so zu gestalten und zu positionieren, dass die Leistung Ihrer Kunden verbessert wird.[\/stm_icon_box][\/vc_column_inner][\/vc_row_inner][vc_row_inner css=&#8221;.vc_custom_1455886085190{margin-bottom: 10px !important;}&#8221;][vc_column_inner width=&#8221;1\/2&#8243;][stm_icon_box hide_title_line=&#8221;hide_title_line&#8221; enable_hexagon=&#8221;enable&#8221; enable_hexagon_animation=&#8221;enable&#8221; icon=&#8221;stm-cart&#8221; style=&#8221;icon_left&#8221; icon_size=&#8221;21&#8243; icon_width=&#8221;78&#8243; title=&#8221;Verbraucherindustrie<br \/>\nBeratung&#8221;]Wir unterst\u00fctzen Unternehmen, die sich mit Konsumprodukten befassen, dabei, Produkte zu entwickeln und zu pr\u00e4sentieren, die perfekt mit dem Zeitgeist harmonieren.[\/stm_icon_box][\/vc_column_inner][vc_column_inner width=&#8221;1\/2&#8243;][stm_icon_box hide_title_line=&#8221;hide_title_line&#8221; enable_hexagon=&#8221;enable&#8221; enable_hexagon_animation=&#8221;enable&#8221; icon=&#8221;stm-home&#8221; style=&#8221;icon_left&#8221; icon_size=&#8221;23&#8243; icon_width=&#8221;78&#8243; title=&#8221;Ersatzteilservice<br \/>\nBeratung&#8221;]Unsere Finanzexperten helfen Ihnen dabei, finanzielle Daten zu analysieren, um eine solide finanzielle Grundlage zu schaffen.[\/stm_icon_box][\/vc_column_inner][\/vc_row_inner][vc_row_inner][vc_column_inner width=&#8221;1\/2&#8243;][stm_icon_box hide_title_line=&#8221;hide_title_line&#8221; enable_hexagon=&#8221;enable&#8221; enable_hexagon_animation=&#8221;enable&#8221; icon=&#8221;stm-lamp&#8221; style=&#8221;icon_left&#8221; icon_size=&#8221;27&#8243; icon_width=&#8221;78&#8243; title=&#8221;Energie und Umwelt<br \/>\nBeratung&#8221;]Wir arbeiten mit Energieunternehmen zusammen, um ihre Effizienz zu steigern und umweltsch\u00e4dliche Praktiken zu beseitigen.[\/stm_icon_box][\/vc_column_inner][vc_column_inner width=&#8221;1\/2&#8243;][stm_icon_box hide_title_line=&#8221;hide_title_line&#8221; enable_hexagon=&#8221;enable&#8221; enable_hexagon_animation=&#8221;enable&#8221; icon=&#8221;stm-truck&#8221; style=&#8221;icon_left&#8221; icon_size=&#8221;19&#8243; icon_width=&#8221;78&#8243; title=&#8221;Telekommunikationsdienste<br \/>\nBeratung&#8221;]Wir sind ein Unternehmen, das Design- und Bauleistungen anbietet, angefangen von den ersten Skizzen bis zur endg\u00fcltigen Konstruktion.[\/stm_icon_box][\/vc_column_inner][\/vc_row_inner][vc_separator][vc_row_inner][vc_column_inner width=&#8221;1\/5&#8243;][vc_icon icon_fontawesome=&#8221;stm-badge&#8221; color=&#8221;juicy_pink&#8221; size=&#8221;xl&#8221; align=&#8221;right&#8221;][\/vc_column_inner][vc_column_inner width=&#8221;1\/5&#8243;][stm_stats_counter stat_counter_style=&#8221;style_5&#8243; counter_value=&#8221;115000&#8243; counter_value_suf=&#8221;+&#8221; title_color=&#8221;&#8221; icon_color=&#8221;&#8221; title=&#8221;Customer Connections&#8221;][\/vc_column_inner][vc_column_inner width=&#8221;1\/5&#8243;][stm_stats_counter stat_counter_style=&#8221;style_5&#8243; counter_value=&#8221;7500&#8243; counter_value_suf=&#8221;+&#8221; title_color=&#8221;&#8221; icon_color=&#8221;&#8221; alignment=&#8221;right&#8221; title=&#8221;Satisfied Customers&#8221;][\/vc_column_inner][vc_column_inner width=&#8221;1\/5&#8243;][stm_stats_counter stat_counter_style=&#8221;style_5&#8243; counter_value=&#8221;1000000&#8243; counter_value_suf=&#8221;+&#8221; title_color=&#8221;&#8221; icon_color=&#8221;&#8221; alignment=&#8221;right&#8221; title=&#8221;Billion Thanks!&#8221;][\/vc_column_inner][vc_column_inner width=&#8221;1\/5&#8243;][vc_icon icon_fontawesome=&#8221;stm-badge&#8221; color=&#8221;juicy_pink&#8221; size=&#8221;xl&#8221;][\/vc_column_inner][\/vc_row_inner][\/vc_column][vc_column width=&#8221;1\/4&#8243; offset=&#8221;vc_hidden-sm vc_hidden-xs&#8221;][stm_sidebar sidebar=&#8221;577&#8243;][\/vc_column][\/vc_row][vc_row full_width=&#8221;stretch_row&#8221; css=&#8221;.vc_custom_1459505959648{margin-bottom: -60px !important;}&#8221; el_class=&#8221;third_bg_color&#8221;][vc_column][vc_cta h2=&#8221;Wenn Sie weitere Informationen ben\u00f6tigen!&#8221; h2_font_container=&#8221;tag:h2|font_size:24px|text_align:left|color:%23ffffff|line_height:24px&#8221; h2_use_theme_fonts=&#8221;yes&#8221; shape=&#8221;square&#8221; style=&#8221;flat&#8221; color=&#8221;white&#8221; add_button=&#8221;right&#8221; btn_title=&#8221;Klicken Sie hier, um mit uns Kontakt aufzunehmen!&#8221; btn_style=&#8221;flat&#8221; btn_color=&#8221;theme_style_2&#8243; btn_size=&#8221;lg&#8221; btn_align=&#8221;right&#8221; btn_i_align=&#8221;right&#8221; btn_i_icon_fontawesome=&#8221;fa fa-chevron-right&#8221; particles=&#8221;yes&#8221; use_custom_fonts_h2=&#8221;true&#8221; btn_add_icon=&#8221;true&#8221; btn_link=&#8221;url:https%3A%2F%2Fskyfibertech.com%2Fcontact-us%2F|title:Contact%20Us||&#8221; el_class=&#8221;third_bg_color&#8221; css=&#8221;.vc_custom_1620477394904{margin-bottom: 0px !important;}&#8221;]<span style=\"color: #ffffff;\">Sie k\u00f6nnen unser schnelles Kontaktformular verwenden, um weitere Informationen \u00fcber unsere Maschinen zu erhalten. Wir stellen Kataloge, Fotos, Videos und vieles mehr zur Verf\u00fcgung.<\/span>[\/vc_cta][\/vc_column][\/vc_row]<\/p>\n<\/div>","protected":false},"excerpt":{"rendered":"<p>[vc_row css=&#8221;.vc_custom_1459506276575{margin-bottom: 100px !important;}&#8221;][vc_column offset=&#8221;vc_col-lg-9 vc_col-md-9&#8243;][vc_single_image image=&#8221;9843&#8243; img_size=&#8221;full&#8221;][vc_separator][vc_column_text] SKYFIBERTECH ALLAME MAKINA SKYFIBERTECH ist ein f\u00fchrender Hersteller von Maschinen zum Einblasen von Glasfaserkabeln. Unsere Maschinen sind darauf ausgelegt, Glasfaserkabel schnell und effizient in bestehende Rohrleitungen oder neue Rohrsysteme einzublasen. Wir bieten eine breite Palette von Modellen an, die verschiedenen Anforderungen und Budgets gerecht werden. Au\u00dferdem bieten<\/p>\n","protected":false},"author":1,"featured_media":102812,"parent":0,"menu_order":0,"comment_status":"closed","ping_status":"closed","template":"","meta":{"_joinchat":[],"footnotes":""},"class_list":["post-102811","page","type-page","status-publish","has-post-thumbnail","hentry"],"yoast_head":"<!-- This site is optimized with the Yoast SEO Premium plugin v26.6 (Yoast SEO v27.4) - https:\/\/yoast.com\/product\/yoast-seo-premium-wordpress\/ -->\n<title>Wir sind auf der WELT!<\/title>\n<meta name=\"description\" content=\"Unser Unternehmen betreibt seit seiner Gr\u00fcndung in der Telekommunikationsbranche die Fasereinblasmaschine f\u00fcr Glasfaserkabel.\" \/>\n<meta name=\"robots\" content=\"index, follow, max-snippet:-1, max-image-preview:large, max-video-preview:-1\" \/>\n<link rel=\"canonical\" href=\"https:\/\/skyfibertech.com\/de\/wer-wir-sind\/\" \/>\n<meta property=\"og:locale\" content=\"de_DE\" \/>\n<meta property=\"og:type\" content=\"article\" \/>\n<meta property=\"og:title\" content=\"Wer wir sind?\" \/>\n<meta property=\"og:description\" content=\"Unser Unternehmen betreibt seit seiner Gr\u00fcndung in der Telekommunikationsbranche die Fasereinblasmaschine f\u00fcr Glasfaserkabel.\" \/>\n<meta property=\"og:url\" content=\"https:\/\/skyfibertech.com\/de\/wer-wir-sind\/\" \/>\n<meta property=\"og:site_name\" content=\"Fiber Cable Blowing Machines Manufacturer!\" \/>\n<meta property=\"article:publisher\" content=\"https:\/\/www.facebook.com\/skyfibertech\/\" \/>\n<meta property=\"article:modified_time\" content=\"2023-07-01T12:10:48+00:00\" \/>\n<meta property=\"og:image\" content=\"https:\/\/skyfibertech.com\/wp-content\/uploads\/2019\/11\/hydrosky-fiber-blowing-machine.jpg\" \/>\n\t<meta property=\"og:image:width\" content=\"1024\" \/>\n\t<meta property=\"og:image:height\" content=\"576\" \/>\n\t<meta property=\"og:image:type\" content=\"image\/jpeg\" \/>\n<meta name=\"twitter:label1\" content=\"Gesch\u00e4tzte Lesezeit\" \/>\n\t<meta name=\"twitter:data1\" content=\"4\u00a0Minuten\" \/>\n<script type=\"application\/ld+json\" class=\"yoast-schema-graph\">{\"@context\":\"https:\\\/\\\/schema.org\",\"@graph\":[{\"@type\":\"WebPage\",\"@id\":\"https:\\\/\\\/skyfibertech.com\\\/de\\\/wer-wir-sind\\\/\",\"url\":\"https:\\\/\\\/skyfibertech.com\\\/de\\\/wer-wir-sind\\\/\",\"name\":\"Wir sind auf der WELT!\",\"isPartOf\":{\"@id\":\"https:\\\/\\\/skyfibertech.com\\\/de\\\/#website\"},\"primaryImageOfPage\":{\"@id\":\"https:\\\/\\\/skyfibertech.com\\\/de\\\/wer-wir-sind\\\/#primaryimage\"},\"image\":{\"@id\":\"https:\\\/\\\/skyfibertech.com\\\/de\\\/wer-wir-sind\\\/#primaryimage\"},\"thumbnailUrl\":\"https:\\\/\\\/skyfibertech.com\\\/wp-content\\\/uploads\\\/2019\\\/11\\\/hydrosky-fiber-blowing-machine.jpg\",\"datePublished\":\"2023-06-19T14:44:47+00:00\",\"dateModified\":\"2023-07-01T12:10:48+00:00\",\"description\":\"Unser Unternehmen betreibt seit seiner Gr\u00fcndung in der Telekommunikationsbranche die Fasereinblasmaschine f\u00fcr Glasfaserkabel.\",\"breadcrumb\":{\"@id\":\"https:\\\/\\\/skyfibertech.com\\\/de\\\/wer-wir-sind\\\/#breadcrumb\"},\"inLanguage\":\"de\",\"potentialAction\":[{\"@type\":\"ReadAction\",\"target\":[\"https:\\\/\\\/skyfibertech.com\\\/de\\\/wer-wir-sind\\\/\"]}]},{\"@type\":\"ImageObject\",\"inLanguage\":\"de\",\"@id\":\"https:\\\/\\\/skyfibertech.com\\\/de\\\/wer-wir-sind\\\/#primaryimage\",\"url\":\"https:\\\/\\\/skyfibertech.com\\\/wp-content\\\/uploads\\\/2019\\\/11\\\/hydrosky-fiber-blowing-machine.jpg\",\"contentUrl\":\"https:\\\/\\\/skyfibertech.com\\\/wp-content\\\/uploads\\\/2019\\\/11\\\/hydrosky-fiber-blowing-machine.jpg\",\"width\":1024,\"height\":576,\"caption\":\"Machine de soufflage fibre optique prix\"},{\"@type\":\"BreadcrumbList\",\"@id\":\"https:\\\/\\\/skyfibertech.com\\\/de\\\/wer-wir-sind\\\/#breadcrumb\",\"itemListElement\":[{\"@type\":\"ListItem\",\"position\":1,\"name\":\"Home\",\"item\":\"https:\\\/\\\/skyfibertech.com\\\/de\\\/fiber-cable-blowing-machines\\\/\"},{\"@type\":\"ListItem\",\"position\":2,\"name\":\"Wer wir sind?\"}]},{\"@type\":\"WebSite\",\"@id\":\"https:\\\/\\\/skyfibertech.com\\\/de\\\/#website\",\"url\":\"https:\\\/\\\/skyfibertech.com\\\/de\\\/\",\"name\":\"Fiber Cable Blowing Machine Manufacturer Turkiye!\",\"description\":\"Cable Blowing Machines for telecomunication industry!\",\"publisher\":{\"@id\":\"https:\\\/\\\/skyfibertech.com\\\/de\\\/#organization\"},\"alternateName\":\"Skyfibertech Allame Makina!\",\"potentialAction\":[{\"@type\":\"SearchAction\",\"target\":{\"@type\":\"EntryPoint\",\"urlTemplate\":\"https:\\\/\\\/skyfibertech.com\\\/de\\\/?s={search_term_string}\"},\"query-input\":{\"@type\":\"PropertyValueSpecification\",\"valueRequired\":true,\"valueName\":\"search_term_string\"}}],\"inLanguage\":\"de\"},{\"@type\":\"Organization\",\"@id\":\"https:\\\/\\\/skyfibertech.com\\\/de\\\/#organization\",\"name\":\"Allame Skyfibertech Fiber Blowing Machine\",\"alternateName\":\"Cable Blowing Machine Manufacturer\",\"url\":\"https:\\\/\\\/skyfibertech.com\\\/de\\\/\",\"logo\":{\"@type\":\"ImageObject\",\"inLanguage\":\"de\",\"@id\":\"https:\\\/\\\/skyfibertech.com\\\/de\\\/#\\\/schema\\\/logo\\\/image\\\/\",\"url\":\"https:\\\/\\\/skyfibertech.com\\\/wp-content\\\/uploads\\\/2019\\\/06\\\/Skyfibertech-logo-359px.png\",\"contentUrl\":\"https:\\\/\\\/skyfibertech.com\\\/wp-content\\\/uploads\\\/2019\\\/06\\\/Skyfibertech-logo-359px.png\",\"width\":359,\"height\":60,\"caption\":\"Allame Skyfibertech Fiber Blowing Machine\"},\"image\":{\"@id\":\"https:\\\/\\\/skyfibertech.com\\\/de\\\/#\\\/schema\\\/logo\\\/image\\\/\"},\"sameAs\":[\"https:\\\/\\\/www.facebook.com\\\/skyfibertech\\\/\",\"https:\\\/\\\/x.com\\\/SkyFiberTech1\",\"https:\\\/\\\/www.instagram.com\\\/allamemakina\",\"https:\\\/\\\/www.linkedin.com\\\/company\\\/cable-blowing-machines\\\/\",\"https:\\\/\\\/www.youtube.com\\\/@skyfibertech\\\/videos\"],\"publishingPrinciples\":\"https:\\\/\\\/skyfibertech.com\\\/privacy-policy\\\/\",\"ownershipFundingInfo\":\"https:\\\/\\\/skyfibertech.com\\\/who-we-are\\\/\",\"actionableFeedbackPolicy\":\"https:\\\/\\\/skyfibertech.com\\\/contact-us\\\/\"}]}<\/script>\n<!-- \/ Yoast SEO Premium plugin. -->","yoast_head_json":{"title":"Wir sind auf der WELT!","description":"Unser Unternehmen betreibt seit seiner Gr\u00fcndung in der Telekommunikationsbranche die Fasereinblasmaschine f\u00fcr Glasfaserkabel.","robots":{"index":"index","follow":"follow","max-snippet":"max-snippet:-1","max-image-preview":"max-image-preview:large","max-video-preview":"max-video-preview:-1"},"canonical":"https:\/\/skyfibertech.com\/de\/wer-wir-sind\/","og_locale":"de_DE","og_type":"article","og_title":"Wer wir sind?","og_description":"Unser Unternehmen betreibt seit seiner Gr\u00fcndung in der Telekommunikationsbranche die Fasereinblasmaschine f\u00fcr Glasfaserkabel.","og_url":"https:\/\/skyfibertech.com\/de\/wer-wir-sind\/","og_site_name":"Fiber Cable Blowing Machines Manufacturer!","article_publisher":"https:\/\/www.facebook.com\/skyfibertech\/","article_modified_time":"2023-07-01T12:10:48+00:00","og_image":[{"width":1024,"height":576,"url":"https:\/\/skyfibertech.com\/wp-content\/uploads\/2019\/11\/hydrosky-fiber-blowing-machine.jpg","type":"image\/jpeg"}],"twitter_misc":{"Gesch\u00e4tzte Lesezeit":"4\u00a0Minuten"},"schema":{"@context":"https:\/\/schema.org","@graph":[{"@type":"WebPage","@id":"https:\/\/skyfibertech.com\/de\/wer-wir-sind\/","url":"https:\/\/skyfibertech.com\/de\/wer-wir-sind\/","name":"Wir sind auf der WELT!","isPartOf":{"@id":"https:\/\/skyfibertech.com\/de\/#website"},"primaryImageOfPage":{"@id":"https:\/\/skyfibertech.com\/de\/wer-wir-sind\/#primaryimage"},"image":{"@id":"https:\/\/skyfibertech.com\/de\/wer-wir-sind\/#primaryimage"},"thumbnailUrl":"https:\/\/skyfibertech.com\/wp-content\/uploads\/2019\/11\/hydrosky-fiber-blowing-machine.jpg","datePublished":"2023-06-19T14:44:47+00:00","dateModified":"2023-07-01T12:10:48+00:00","description":"Unser Unternehmen betreibt seit seiner Gr\u00fcndung in der Telekommunikationsbranche die Fasereinblasmaschine f\u00fcr Glasfaserkabel.","breadcrumb":{"@id":"https:\/\/skyfibertech.com\/de\/wer-wir-sind\/#breadcrumb"},"inLanguage":"de","potentialAction":[{"@type":"ReadAction","target":["https:\/\/skyfibertech.com\/de\/wer-wir-sind\/"]}]},{"@type":"ImageObject","inLanguage":"de","@id":"https:\/\/skyfibertech.com\/de\/wer-wir-sind\/#primaryimage","url":"https:\/\/skyfibertech.com\/wp-content\/uploads\/2019\/11\/hydrosky-fiber-blowing-machine.jpg","contentUrl":"https:\/\/skyfibertech.com\/wp-content\/uploads\/2019\/11\/hydrosky-fiber-blowing-machine.jpg","width":1024,"height":576,"caption":"Machine de soufflage fibre optique prix"},{"@type":"BreadcrumbList","@id":"https:\/\/skyfibertech.com\/de\/wer-wir-sind\/#breadcrumb","itemListElement":[{"@type":"ListItem","position":1,"name":"Home","item":"https:\/\/skyfibertech.com\/de\/fiber-cable-blowing-machines\/"},{"@type":"ListItem","position":2,"name":"Wer wir sind?"}]},{"@type":"WebSite","@id":"https:\/\/skyfibertech.com\/de\/#website","url":"https:\/\/skyfibertech.com\/de\/","name":"Fiber Cable Blowing Machine Manufacturer Turkiye!","description":"Cable Blowing Machines for telecomunication industry!","publisher":{"@id":"https:\/\/skyfibertech.com\/de\/#organization"},"alternateName":"Skyfibertech Allame Makina!","potentialAction":[{"@type":"SearchAction","target":{"@type":"EntryPoint","urlTemplate":"https:\/\/skyfibertech.com\/de\/?s={search_term_string}"},"query-input":{"@type":"PropertyValueSpecification","valueRequired":true,"valueName":"search_term_string"}}],"inLanguage":"de"},{"@type":"Organization","@id":"https:\/\/skyfibertech.com\/de\/#organization","name":"Allame Skyfibertech Fiber Blowing Machine","alternateName":"Cable Blowing Machine Manufacturer","url":"https:\/\/skyfibertech.com\/de\/","logo":{"@type":"ImageObject","inLanguage":"de","@id":"https:\/\/skyfibertech.com\/de\/#\/schema\/logo\/image\/","url":"https:\/\/skyfibertech.com\/wp-content\/uploads\/2019\/06\/Skyfibertech-logo-359px.png","contentUrl":"https:\/\/skyfibertech.com\/wp-content\/uploads\/2019\/06\/Skyfibertech-logo-359px.png","width":359,"height":60,"caption":"Allame Skyfibertech Fiber Blowing Machine"},"image":{"@id":"https:\/\/skyfibertech.com\/de\/#\/schema\/logo\/image\/"},"sameAs":["https:\/\/www.facebook.com\/skyfibertech\/","https:\/\/x.com\/SkyFiberTech1","https:\/\/www.instagram.com\/allamemakina","https:\/\/www.linkedin.com\/company\/cable-blowing-machines\/","https:\/\/www.youtube.com\/@skyfibertech\/videos"],"publishingPrinciples":"https:\/\/skyfibertech.com\/privacy-policy\/","ownershipFundingInfo":"https:\/\/skyfibertech.com\/who-we-are\/","actionableFeedbackPolicy":"https:\/\/skyfibertech.com\/contact-us\/"}]}},"_links":{"self":[{"href":"https:\/\/skyfibertech.com\/de\/wp-json\/wp\/v2\/pages\/102811","targetHints":{"allow":["GET"]}}],"collection":[{"href":"https:\/\/skyfibertech.com\/de\/wp-json\/wp\/v2\/pages"}],"about":[{"href":"https:\/\/skyfibertech.com\/de\/wp-json\/wp\/v2\/types\/page"}],"author":[{"embeddable":true,"href":"https:\/\/skyfibertech.com\/de\/wp-json\/wp\/v2\/users\/1"}],"replies":[{"embeddable":true,"href":"https:\/\/skyfibertech.com\/de\/wp-json\/wp\/v2\/comments?post=102811"}],"version-history":[{"count":0,"href":"https:\/\/skyfibertech.com\/de\/wp-json\/wp\/v2\/pages\/102811\/revisions"}],"wp:featuredmedia":[{"embeddable":true,"href":"https:\/\/skyfibertech.com\/de\/wp-json\/wp\/v2\/media\/102812"}],"wp:attachment":[{"href":"https:\/\/skyfibertech.com\/de\/wp-json\/wp\/v2\/media?parent=102811"}],"curies":[{"name":"wp","href":"https:\/\/api.w.org\/{rel}","templated":true}]}}